{"id":9852,"date":"2019-07-15T15:33:04","date_gmt":"2019-07-15T13:33:04","guid":{"rendered":"https:\/\/www.blumaq.com\/tr\/?page_id=9852"},"modified":"2019-07-15T18:17:49","modified_gmt":"2019-07-15T16:17:49","slug":"cerezler-hakkinda-bilgi","status":"publish","type":"page","link":"https:\/\/www.blumaq.com\/tr\/cerezler-hakkinda-bilgi\/","title":{"rendered":"\u00c7erezler hakk\u0131nda bilgi"},"content":{"rendered":"<h2><em>\u00c7erez<\/em> nedir?<\/h2>\n<p><em>\u00c7erez<\/em>, neredeyse her web sayfas\u0131n\u0131 ziyaret etti\u011finizde taray\u0131c\u0131n\u0131zda saklanan <strong>zarars\u0131z<\/strong> bir metin dosyas\u0131d\u0131r. \u00c7erezin faydas\u0131, web sitesini yada ayn\u0131 sayfaya\u0131 tekrar ziyaret etti\u011finizde eski ziyaretlerinizi hat\u0131rlayabilmesidir. Bir\u00e7ok ki\u015fi bilmese de, <em>\u00e7erezler<\/em> World Wide Web i\u00e7in ilk taray\u0131c\u0131lar ortaya \u00e7\u0131kt\u0131\u011f\u0131ndan beri, yakla\u015f\u0131k20 y\u0131ld\u0131r kullan\u0131lmaktad\u0131r.<\/p>\n<h2><em>\u00c7erez<\/em> ne DE\u011eILDIR?<\/h2>\n<p>Bir vir\u00fcs veya bir spam veya bir casus yaz\u0131l\u0131m veya pop-up a\u00e7\u0131l\u0131r pencere de\u011fildir.<\/p>\n<h2>Bir <em>\u00e7erez<\/em> hangi bilgileri saklar?<\/h2>\n<p><em>\u00c7erezler<\/em> genellikle hakk\u0131n\u0131zdaki kredi kart\u0131 veya banka bilgileri, foto\u011fraflar, kimli\u011finiz veya ki\u015fisel bilgileriniz gibi hassas bilgileri saklamaz. Saklad\u0131klar\u0131 veriler daha \u00e7ok teknik niteliktedir ; ki\u015fisel tercihler, ki\u015fisel i\u00e7erikler ve bunun gibi verilerdir.<\/p>\n<p>Web sayfas\u0131 sizi bir ki\u015fi olarak alg\u0131lamaz ancak web taray\u0131c\u0131n\u0131z ki\u015fi olarak alg\u0131lar. Ger\u00e7ekten de d\u00fczenli olarak ayn\u0131 web safyas\u0131na Internet Explorer\u2019\u0131 kullanarak girdi\u011finiz halde Firefox yada Chrome u \u00a0taray\u0131c\u0131 olarak kullanarak girmeye \u00e7al\u0131\u015f\u0131rsan\u0131z ,\u00a0 web sayfas\u0131n\u0131n sizin ayn\u0131 ki\u015fi oldu\u011funuzu farketmedi\u011fini rahatl\u0131kla g\u00f6rebilirsiniz.<\/p>\n<h2>Ne \u00e7e\u015fit <em>\u00e7erezler<\/em> vard\u0131r?<\/h2>\n<ul>\n<li><strong>Teknik \u00e7erezler<\/strong>; \u00a0Bunlar, en basit olan\u0131d\u0131r ve di\u011ferlerine g\u00f6re \u00a0bir insan veya otomatik bir makinan\u0131n taray\u0131c\u0131y\u0131 kulland\u0131\u011f\u0131n\u0131 farkederler ve\u00a0 \u00a0ads\u0131z ve kay\u0131tl\u0131 bir kullan\u0131c\u0131 sayfada gezindi\u011finde hemen\u00a0 dinamik web&#8217;in \u00e7al\u0131\u015fmas\u0131n\u0131 sa\u011flarlar.<\/li>\n<li><strong>Analiz \u00e7erezleri<\/strong>; Bunlar yapt\u0131\u011f\u0131n\u0131z gezinti t\u00fcr\u00fc, en \u00e7ok kulland\u0131\u011f\u0131n\u0131z b\u00f6l\u00fcmler, dan\u0131\u015f\u0131lan \u00fcr\u00fcnler, zaman dilimi, dil vb. hakk\u0131nda bilgileri toplarlar.<\/li>\n<li><strong>Reklam \u00e7erezleri<\/strong>: Taramas\u0131na, men\u015fe \u00fclkenize, dile vb. gibi reklam g\u00f6sterimi yaparlar.<\/li>\n<\/ul>\n<h2>Kendi ve \u00fc\u00e7\u00fcnc\u00fc \u015fah\u0131s <em>\u00e7erezleri<\/em> nelerdir?<\/h2>\n<p>Ziyaret etti\u011finiz sayfa taraf\u0131ndan olu\u015fturulan \u00e7erezlere Kendi <em>\u00e7erezleri<\/em>, \u00fc\u00e7\u00fcnc\u00fc partiler olarak\u00a0 hizmet veren Facebook, Twitter, Google vb. kurumlar taraf\u0131ndan olu\u015fturulanlara ise \u00fc\u00e7\u00fcn\u00fc \u015fah\u0131s \u00e7erezler denir.<\/p>\n<h2><em>\u00c7erezleri<\/em> devre d\u0131\u015f\u0131 b\u0131rak\u0131rsam ne olur?<\/h2>\n<p><em>\u00c7erezleri<\/em> devre d\u0131\u015f\u0131 b\u0131rakt\u0131\u011f\u0131n\u0131zda kar\u015f\u0131laca\u011f\u0131n\u0131z durumlar\u0131 anlamak i\u00e7in baz\u0131 \u00f6rnekler payla\u015f\u0131yoruz:<\/p>\n<ul>\n<li>Bu web sitesindeki i\u00e7eri\u011fi Facebook, Twitter veya ba\u015fka herhangi bir sosyal a\u011f \u00fczerinden payla\u015famazs\u0131n\u0131z.<\/li>\n<li>Web sitesi, genellikle \u00e7evrimi\u00e7i ma\u011fazalarda s\u0131kl\u0131kla oldu\u011fu gibi i\u00e7erikleri ki\u015fisel tercihlerine adapte edemez.<\/li>\n<li>Hesab\u0131m, sipari\u015flerim, profilim gibi o web sitesinin sizinle ilgili ki\u015fisel alan\u0131na eri\u015femezsiniz.<\/li>\n<li>\u00c7evrimi\u00e7i magazalar; \u00c7evrimi\u00e7i al\u0131\u015fveri\u015f yapman\u0131z m\u00fcmk\u00fcn olmayacak, telefon etmek yada fiziksel oalrak ma\u011fazay\u0131 ziyaret etmeniz gerekecektir.<\/li>\n<li>Co\u011frafi tercihlerinizi zaman dilimi, para birimi veya dil olarak \u00f6zelle\u015ftirmek m\u00fcmk\u00fcn olmayacakt\u0131r.<\/li>\n<li>Web sitesi ziyaret\u00e7iler \u00fczerinde web sayfas\u0131 istatistikleri yapamayacak ve bu da web sitesinin piyasada rekabet etmesini zorla\u015ft\u0131racakt\u0131r.<\/li>\n<li>Blog\u2019a yazamaz, foto\u011fraf y\u00fckleyemez, yorum yazamaz, oy veremez veya i\u00e7erik yazamazs\u0131n\u0131z. Web, bir insan veya spam \u00fcreten otomatik bir uygulama olup olmad\u0131\u011f\u0131n\u0131z\u0131 anlayamaz.<\/li>\n<li>Sekt\u00f6rel reklamlar\u0131 g\u00f6stermek m\u00fcmk\u00fcn olmayacak ve bu da Web sayfas\u0131n\u0131n reklam gelirini azaltacakt\u0131r.<\/li>\n<li>T\u00fcm sosyal a\u011flar <em>\u00e7erezleri<\/em> kullan\u0131r, onlar\u0131 devre d\u0131\u015f\u0131 b\u0131rak\u0131rsan\u0131z herhangi bir sosyal a\u011f\u0131 kullanamazs\u0131n\u0131z.<\/li>\n<\/ul>\n<h2><em>\u00c7erezler<\/em> silinebilir mi?<\/h2>\n<p>Evet ancak sadece silmeyin genel yada k\u0131smi bir \u015fekilde ilgili domaini de engelleyin.<\/p>\n<p>Herhangi bir <em>\u00e7erezi<\/em> web sitenizden kald\u0131rmak istiyorsan\u0131z, taray\u0131n\u0131z\u0131n konfig\u00fcrasyon sekmesine gitmelilisiniz ve orada bunun kald\u0131r\u0131labilir olup olmad\u0131\u011f\u0131n\u0131 arar\u015ft\u0131rmal\u0131s\u0131n\u0131z.<\/p>\n<h2 id=\"navegadores\">En pop\u00fcler taray\u0131c\u0131lar i\u00e7in <em>\u00e7erezleri<\/em> ayarlama<\/h2>\n<p>Chrome taray\u0131c\u0131dan \u00f6zel bir \u00e7ereze nas\u0131l eri\u015fece\u011finiz a\u015fa\u011f\u0131da a\u00e7\u0131klanmaktad\u0131r. Not: Bu ad\u0131mlar taray\u0131c\u0131 s\u00fcr\u00fcm\u00fcne ba\u011fl\u0131 olarak de\u011fi\u015febilir:<\/p>\n<ol>\n<li>Dosya men\u00fcs\u00fcnden Ayarlar&#8217;a veya Tercihler&#8217;e veya sa\u011f \u00fcstte g\u00f6r\u00fcnen ki\u015fiselle\u015ftirme simgesine t\u0131klayarak gidin.<\/li>\n<li>Farkl\u0131 b\u00f6l\u00fcmler g\u00f6receksiniz, Geli\u015fmi\u015f se\u00e7enekleri g\u00f6ster se\u00e7ene\u011fini t\u0131klay\u0131n.<\/li>\n<li>Gizlilik, \u0130\u00e7erik Ayarlar\u0131&#8217;na gidin.<\/li>\n<li>T\u00fcm \u00e7erezler ve site verileri&#8217;ni se\u00e7in<\/li>\n<li>Domain taraf\u0131ndan tallep edilmi\u015f b\u00fct\u00fcn <em>\u00e7erezlere<\/em> ait liste ortaya \u00e7\u0131kacakt\u0131r. \u00d6zel bir domain e ait bir <em>\u00e7erezi<\/em> kolay bir \u015fekilde bumak i\u00e7in, <em>\u00c7erez<\/em> ara\u015ft\u0131rma dosyas\u0131na gerekli adresi tamamen veya k\u0131smi olarak girin.<\/li>\n<li>Bu filtreleme i\u015flemini yapt\u0131ktan sonra talep etti\u011finiz web sayfas\u0131na ait \u00e7erezler bir veya birden fazla sat\u0131r olarak ekranda belirecektir.<\/li>\n<\/ol>\n<p>Internet Explorer taray\u0131c\u0131s\u0131n\u0131n \u00e7erez ayarlar\u0131na eri\u015fmek i\u00e7in \u015fu ad\u0131mlar\u0131 izleyin (taray\u0131c\u0131n\u0131n s\u00fcr\u00fcm\u00fcne g\u00f6re de\u011fi\u015febilir):<\/p>\n<ol>\n<li>Ara\u00e7lar ve \u0130nternet Se\u00e7enekleri&#8217;ne gidin.<\/li>\n<li>Gizlilik \u00fczerine t\u0131klay\u0131n.<\/li>\n<li>\u0130stedi\u011finiz gizlilik seviyesini ayarlamak i\u00e7in kayd\u0131r\u0131c\u0131y\u0131 hareket ettirin.<\/li>\n<\/ol>\n<p>Firefox taray\u0131c\u0131s\u0131n\u0131n \u00e7erez ayarlar\u0131na eri\u015fmek i\u00e7in \u015fu ad\u0131mlar\u0131 izleyin (taray\u0131c\u0131 s\u00fcr\u00fcm\u00fcne ba\u011fl\u0131 olarak de\u011fi\u015febilir):<\/p>\n<ol>\n<li>\u0130\u015fletim sisteminize g\u00f6re Se\u00e7enekler veya Tercihler&#8217;e gidin.<\/li>\n<li>Gizlilik \u00fczerine t\u0131klay\u0131n.<\/li>\n<li>Ge\u00e7mi\u015f&#8217;te, ge\u00e7mi\u015f i\u00e7in \u00f6zel ayarlar\u0131 kullan&#8217;\u0131 se\u00e7in.<\/li>\n<li>\u015eimdi se\u00e7ene\u011fi g\u00f6receksiniz<\/li>\n<\/ol>\n<p>&nbsp;<\/p>\n","protected":false},"excerpt":{"rendered":"<p>\u00c7erez nedir? \u00c7erez, neredeyse her web sayfas\u0131n\u0131 ziyaret etti\u011finizde taray\u0131c\u0131n\u0131zda saklanan zarars\u0131z bir metin dosyas\u0131d\u0131r. \u00c7erezin faydas\u0131, web sitesini yada ayn\u0131 sayfaya\u0131 tekrar ziyaret etti\u011finizde eski ziyaretlerinizi hat\u0131rlayabilmesidir. Bir\u00e7ok ki\u015fi bilmese de, \u00e7erezler World Wide Web i\u00e7in ilk taray\u0131c\u0131lar ortaya \u00e7\u0131kt\u0131\u011f\u0131ndan beri, yakla\u015f\u0131k20 y\u0131ld\u0131r kullan\u0131lmaktad\u0131r. \u00c7erez ne DE\u011eILDIR? Bir vir\u00fcs veya bir spam veya bir&#8230;<\/p>\n","protected":false},"author":3,"featured_media":0,"parent":0,"menu_order":0,"comment_status":"closed","ping_status":"closed","template":"","meta":[],"yoast_head":"<!-- This site is optimized with the Yoast SEO Premium plugin v17.1.2 (Yoast SEO v17.2) - https:\/\/yoast.com\/wordpress\/plugins\/seo\/ -->\n<meta name=\"robots\" content=\"index, follow, max-snippet:-1, max-image-preview:large, max-video-preview:-1\" \/>\n<link rel=\"canonical\" href=\"https:\/\/www.blumaq.com\/tr\/cerezler-hakkinda-bilgi\/\" \/>\n<meta property=\"og:locale\" content=\"en_US\" \/>\n<meta property=\"og:type\" content=\"article\" \/>\n<meta property=\"og:title\" content=\"\u00c7erezler hakk\u0131nda bilgi\" \/>\n<meta property=\"og:description\" content=\"\u00c7erez nedir? \u00c7erez, neredeyse her web sayfas\u0131n\u0131 ziyaret etti\u011finizde taray\u0131c\u0131n\u0131zda saklanan zarars\u0131z bir metin dosyas\u0131d\u0131r. \u00c7erezin faydas\u0131, web sitesini yada ayn\u0131 sayfaya\u0131 tekrar ziyaret etti\u011finizde eski ziyaretlerinizi hat\u0131rlayabilmesidir. Bir\u00e7ok ki\u015fi bilmese de, \u00e7erezler World Wide Web i\u00e7in ilk taray\u0131c\u0131lar ortaya \u00e7\u0131kt\u0131\u011f\u0131ndan beri, yakla\u015f\u0131k20 y\u0131ld\u0131r kullan\u0131lmaktad\u0131r. \u00c7erez ne DE\u011eILDIR? Bir vir\u00fcs veya bir spam veya bir...\" \/>\n<meta property=\"og:url\" content=\"https:\/\/www.blumaq.com\/tr\/cerezler-hakkinda-bilgi\/\" \/>\n<meta property=\"og:site_name\" content=\"TR - Moving the World\" \/>\n<meta property=\"article:modified_time\" content=\"2019-07-15T16:17:49+00:00\" \/>\n<meta name=\"twitter:card\" content=\"summary_large_image\" \/>\n<meta name=\"twitter:label1\" content=\"Est. reading time\" \/>\n\t<meta name=\"twitter:data1\" content=\"4 minutes\" \/>\n<script type=\"application\/ld+json\" class=\"yoast-schema-graph\">{\"@context\":\"https:\/\/schema.org\",\"@graph\":[{\"@type\":\"WebSite\",\"@id\":\"https:\/\/www.blumaq.com\/tr\/#website\",\"url\":\"https:\/\/www.blumaq.com\/tr\/\",\"name\":\"TR - Moving the World\",\"description\":\"blumaq\",\"potentialAction\":[{\"@type\":\"SearchAction\",\"target\":{\"@type\":\"EntryPoint\",\"urlTemplate\":\"https:\/\/www.blumaq.com\/tr\/?s={search_term_string}\"},\"query-input\":\"required name=search_term_string\"}],\"inLanguage\":\"en-US\"},{\"@type\":\"WebPage\",\"@id\":\"https:\/\/www.blumaq.com\/tr\/cerezler-hakkinda-bilgi\/#webpage\",\"url\":\"https:\/\/www.blumaq.com\/tr\/cerezler-hakkinda-bilgi\/\",\"name\":\"\\u00c7erezler hakk\\u0131nda bilgi - TR - Moving the World\",\"isPartOf\":{\"@id\":\"https:\/\/www.blumaq.com\/tr\/#website\"},\"datePublished\":\"2019-07-15T13:33:04+00:00\",\"dateModified\":\"2019-07-15T16:17:49+00:00\",\"breadcrumb\":{\"@id\":\"https:\/\/www.blumaq.com\/tr\/cerezler-hakkinda-bilgi\/#breadcrumb\"},\"inLanguage\":\"en-US\",\"potentialAction\":[{\"@type\":\"ReadAction\",\"target\":[\"https:\/\/www.blumaq.com\/tr\/cerezler-hakkinda-bilgi\/\"]}]},{\"@type\":\"BreadcrumbList\",\"@id\":\"https:\/\/www.blumaq.com\/tr\/cerezler-hakkinda-bilgi\/#breadcrumb\",\"itemListElement\":[{\"@type\":\"ListItem\",\"position\":1,\"name\":\"Home\",\"item\":\"https:\/\/www.blumaq.com\/tr\/\"},{\"@type\":\"ListItem\",\"position\":2,\"name\":\"\\u00c7erezler hakk\\u0131nda bilgi\"}]}]}<\/script>\n<!-- \/ Yoast SEO Premium plugin. -->","yoast_head_json":{"robots":{"index":"index","follow":"follow","max-snippet":"max-snippet:-1","max-image-preview":"max-image-preview:large","max-video-preview":"max-video-preview:-1"},"canonical":"https:\/\/www.blumaq.com\/tr\/cerezler-hakkinda-bilgi\/","og_locale":"en_US","og_type":"article","og_title":"\u00c7erezler hakk\u0131nda bilgi","og_description":"\u00c7erez nedir? \u00c7erez, neredeyse her web sayfas\u0131n\u0131 ziyaret etti\u011finizde taray\u0131c\u0131n\u0131zda saklanan zarars\u0131z bir metin dosyas\u0131d\u0131r. \u00c7erezin faydas\u0131, web sitesini yada ayn\u0131 sayfaya\u0131 tekrar ziyaret etti\u011finizde eski ziyaretlerinizi hat\u0131rlayabilmesidir. Bir\u00e7ok ki\u015fi bilmese de, \u00e7erezler World Wide Web i\u00e7in ilk taray\u0131c\u0131lar ortaya \u00e7\u0131kt\u0131\u011f\u0131ndan beri, yakla\u015f\u0131k20 y\u0131ld\u0131r kullan\u0131lmaktad\u0131r. \u00c7erez ne DE\u011eILDIR? Bir vir\u00fcs veya bir spam veya bir...","og_url":"https:\/\/www.blumaq.com\/tr\/cerezler-hakkinda-bilgi\/","og_site_name":"TR - Moving the World","article_modified_time":"2019-07-15T16:17:49+00:00","twitter_card":"summary_large_image","twitter_misc":{"Est. reading time":"4 minutes"},"schema":{"@context":"https:\/\/schema.org","@graph":[{"@type":"WebSite","@id":"https:\/\/www.blumaq.com\/tr\/#website","url":"https:\/\/www.blumaq.com\/tr\/","name":"TR - Moving the World","description":"blumaq","potentialAction":[{"@type":"SearchAction","target":{"@type":"EntryPoint","urlTemplate":"https:\/\/www.blumaq.com\/tr\/?s={search_term_string}"},"query-input":"required name=search_term_string"}],"inLanguage":"en-US"},{"@type":"WebPage","@id":"https:\/\/www.blumaq.com\/tr\/cerezler-hakkinda-bilgi\/#webpage","url":"https:\/\/www.blumaq.com\/tr\/cerezler-hakkinda-bilgi\/","name":"\u00c7erezler hakk\u0131nda bilgi - TR - Moving the World","isPartOf":{"@id":"https:\/\/www.blumaq.com\/tr\/#website"},"datePublished":"2019-07-15T13:33:04+00:00","dateModified":"2019-07-15T16:17:49+00:00","breadcrumb":{"@id":"https:\/\/www.blumaq.com\/tr\/cerezler-hakkinda-bilgi\/#breadcrumb"},"inLanguage":"en-US","potentialAction":[{"@type":"ReadAction","target":["https:\/\/www.blumaq.com\/tr\/cerezler-hakkinda-bilgi\/"]}]},{"@type":"BreadcrumbList","@id":"https:\/\/www.blumaq.com\/tr\/cerezler-hakkinda-bilgi\/#breadcrumb","itemListElement":[{"@type":"ListItem","position":1,"name":"Home","item":"https:\/\/www.blumaq.com\/tr\/"},{"@type":"ListItem","position":2,"name":"\u00c7erezler hakk\u0131nda bilgi"}]}]}},"_links":{"self":[{"href":"https:\/\/www.blumaq.com\/tr\/wp-json\/wp\/v2\/pages\/9852"}],"collection":[{"href":"https:\/\/www.blumaq.com\/tr\/wp-json\/wp\/v2\/pages"}],"about":[{"href":"https:\/\/www.blumaq.com\/tr\/wp-json\/wp\/v2\/types\/page"}],"author":[{"embeddable":true,"href":"https:\/\/www.blumaq.com\/tr\/wp-json\/wp\/v2\/users\/3"}],"replies":[{"embeddable":true,"href":"https:\/\/www.blumaq.com\/tr\/wp-json\/wp\/v2\/comments?post=9852"}],"version-history":[{"count":3,"href":"https:\/\/www.blumaq.com\/tr\/wp-json\/wp\/v2\/pages\/9852\/revisions"}],"predecessor-version":[{"id":9858,"href":"https:\/\/www.blumaq.com\/tr\/wp-json\/wp\/v2\/pages\/9852\/revisions\/9858"}],"wp:attachment":[{"href":"https:\/\/www.blumaq.com\/tr\/wp-json\/wp\/v2\/media?parent=9852"}],"curies":[{"name":"wp","href":"https:\/\/api.w.org\/{rel}","templated":true}]}}