{"id":6833,"date":"2018-08-10T16:10:02","date_gmt":"2018-08-10T16:10:02","guid":{"rendered":"http:\/\/w3.blumaq.com\/tr\/politica-de-cookies\/"},"modified":"2019-07-15T18:06:13","modified_gmt":"2019-07-15T16:06:13","slug":"politica-de-cookies","status":"publish","type":"page","link":"https:\/\/www.blumaq.com\/tr\/politica-de-cookies\/","title":{"rendered":"\u00c7erez politikas\u0131"},"content":{"rendered":"<h1><em>\u00c7erez<\/em> politikas\u0131<\/h1>\n<p><em>\u00c7erez<\/em>, neredeyse her web sayfas\u0131n\u0131 ziyaret etti\u011finizde taray\u0131c\u0131n\u0131zda saklanan k\u00fc\u00e7\u00fck bir metin dosyas\u0131d\u0131r. Bunun faydas\u0131 web sayfas\u0131na geri d\u00f6nd\u00fc\u011f\u00fcn\u00fczde ziyaretinizi hat\u0131rlayabilmesidir. <em>\u00c7erezler<\/em> genellikle teknik bilgileri, ki\u015fisel tercihleri, i\u00e7eri\u011fin ki\u015fiselle\u015ftirilmesini, kullan\u0131m istatistiklerini, sosyal a\u011flara ba\u011flant\u0131lar\u0131, kullan\u0131c\u0131 hesaplar\u0131na eri\u015fimi v.b gibi bilgileri saklar. <em>\u00c7erezin<\/em> amac\u0131, web i\u00e7eri\u011fini profilinize ve ihtiya\u00e7lar\u0131n\u0131za adapte etmektir. <em>\u00c7erezler<\/em> olmadan bir sayfan\u0131n sundu\u011fu hizmetler \u00f6nemli \u00f6l\u00e7\u00fcde azal\u0131r. <em>\u00c7erezlerin<\/em> ne oldu\u011fu, neyi depolad\u0131\u011f\u0131, onlar\u0131 nas\u0131l engelleyebilece\u011finiz ve nas\u0131l inaktif hale getirebilece\u011finiz hakk\u0131nda daha fazla bilgi sahibi olmak isterseniz <a href=\"https:\/\/www.blumaq.com\/tr\/cerezler-hakkinda-bilgi\/\">l\u00fctfen a\u015fa\u011f\u0131daki linke gidiniz.<\/a><\/p>\n<h2>Bu web sitesinde kullan\u0131lan <em>\u00e7erezler<\/em><\/h2>\n<p>\u0130spanya Veri Koruma Ajans\u0131n\u0131n y\u00f6nergelerini takip ederek\u00a0 size bu web sayfas\u0131n\u0131n kulland\u0131\u011f\u0131\u00a0 <em>\u00e7erezlerin<\/em> detaylar\u0131 hakk\u0131nda en \u015fekilde bilgilendirebilmek istityoruz.<\/p>\n<p>Bu web sitesi a\u015fa\u011f\u0131daki <strong>kendi \u00e7erezlerini<\/strong> kullan\u0131r:<\/p>\n<ul>\n<li>Oturum \u00e7erezleri, blogda yorum yazan kullan\u0131c\u0131lar\u0131n insan veya otomatik uygulama olup olmad\u0131\u011f\u0131ndan emin olmak i\u00e7in vard\u0131r. Bu \u015fekilde, spam ile m\u00fccadele edilmi\u015ftir.<\/li>\n<\/ul>\n<p>Web sitesi a\u015fa\u011f\u0131daki <strong>\u00fc\u00e7\u00fcn\u00e7\u00fc-\u015fah\u0131s \u00e7erezlerini<\/strong> kullan\u0131r:<\/p>\n<ul>\n<li>Google Analitikleri; Web sitesine yap\u0131lan ziyaretlerin yo\u011funlu\u011fuyla ilgili istatistikleri depolamak i\u00e7in bu \u00e7erezler kullan\u0131l\u0131r. Bu web sitesini kullanarak, hakk\u0131n\u0131zdaki bilgilerin Google taraf\u0131ndan i\u015flenmesine izin vermis olursunuz. Bu nedenle, bu konuda herhangi bir hakk\u0131n kullan\u0131lmas\u0131 i\u00e7in do\u011frudan Google ile ileti\u015fime ge\u00e7ilmesi gerekmektedir.<\/li>\n<li>Sosyal a\u011flar; Her sosyal a\u011f kendi \u00e7erezlerini kullan\u0131r, bu y\u00fczden Be\u011fen veya Payla\u015f d\u00fc\u011fmelerine t\u0131klayabilirsiniz.<\/li>\n<\/ul>\n<h2><em>\u00c7erezlerin<\/em> devre d\u0131\u015f\u0131 b\u0131rak\u0131lmas\u0131 veya ortadan kald\u0131r\u0131lmas\u0131<\/h2>\n<p>\u0130stedi\u011finiz zaman web sitesindeki \u00e7erezleri devre d\u0131\u015f\u0131 b\u0131rakma veya yok etme hakk\u0131n\u0131z\u0131 kullanabilirsiniz. Bu i\u015flemler kulland\u0131\u011f\u0131n\u0131z taray\u0131c\u0131ya ba\u011fl\u0131 olarak farkl\u0131 \u015fekilde ger\u00e7ekle\u015ftirilir. <a href=\"https:\/\/www.blumaq.com\/tr\/cerezler-hakkinda-bilgi\/\">Burada en pop\u00fcler taray\u0131c\u0131larla i\u00e7in pratik br rehber bulabilirsiniz.<\/a><\/p>\n<h2>Ek Notlar<\/h2>\n<ul>\n<li>Bu web sitesi veya yasal temsilcileri, bu <em>\u00e7erez<\/em> politikas\u0131nda belirtilen \u00fc\u00e7\u00fcnc\u00fc taraflar\u0131n sahip olabilece\u011fi gizlilik politikalar\u0131n\u0131n i\u00e7eri\u011finden veya do\u011frulu\u011fundan sorumlu de\u011fildir.<\/li>\n<li>Web taray\u0131c\u0131lar\u0131, <em>\u00e7erezleri<\/em> saklamaktan sorumlu ara\u00e7lard\u0131r ve bu yerden onlar\u0131 yok etmek veya devre d\u0131\u015f\u0131 b\u0131rakmak i\u00e7in hakk\u0131n\u0131z\u0131 kendiniz kullanmal\u0131s\u0131n\u0131z. Ne bu web sitesi ne de yasal temsilcileri yukar\u0131da belirtilen taray\u0131c\u0131lar taraf\u0131ndan kullan\u0131lan <em>\u00e7erezlerin<\/em> do\u011fru veya yanl\u0131\u015f kullan\u0131lmas\u0131n\u0131 garanti edemez.<\/li>\n<li>Baz\u0131 durumlarda <em>\u00e7erezleri<\/em> indirmek zorunludur . Bu sayede internet siteleri onlar\u0131 kabul etmemeleri gerekti\u011fini unutmazlar.<\/li>\n<li>Google Analitik <em>\u00e7erezleri<\/em>, Amerika Birle\u015fik Devletleri&#8217;nde bulunan sunucularda depolan\u0131r ve sistemin i\u015fleyi\u015fi i\u00e7in gerekli oldu\u011fu durumlar veya kanunen gereken durumlar haricinde bilgilerinizin \u00fc\u00e7\u00fcnc\u00fc \u015fah\u0131slarla payla\u015f\u0131lmayaca\u011f\u0131n\u0131 taahh\u00fct eder.\u00a0Google\u2019\u0131n \u00e7erezleri nas\u0131l kulland\u0131\u011f\u0131 hakk\u0131nda bilgi isterseniz, <a href=\"http:\/\/developers.google.com\/analytics\/devguides\/collection\/analyticsjs\/cookie-usage?hl=es&amp;csw=1\">bu di\u011fer ba\u011flant\u0131ya t\u0131klay\u0131n\u0131z<\/a>.<\/li>\n<li>Bu \u00e7erez politikas\u0131 ile ilgili herhangi bir soru veya sorununuz olursa, l\u00fctfen ileti\u015fim b\u00f6l\u00fcm\u00fcnden direct bizimle ileti\u015fime ge\u00e7mekten \u00e7ekinmeyin.<\/li>\n<\/ul>\n<p>Asesor de Cookies es un <a href=\"http:\/\/wordpress.org\/plugins\/asesor-cookies-para-la-ley-en-espana\/\" target=\"_blank\" rel=\"noopener\">plugin para WordPress<\/a> creado por Carlos Doral (<a href=\"http:\/\/webartesanal.com\" target=\"_blank\" rel=\"noopener\">webartesanal.com<\/a>)<\/p>\n","protected":false},"excerpt":{"rendered":"<p>\u00c7erez politikas\u0131 \u00c7erez, neredeyse her web sayfas\u0131n\u0131 ziyaret etti\u011finizde taray\u0131c\u0131n\u0131zda saklanan k\u00fc\u00e7\u00fck bir metin dosyas\u0131d\u0131r. Bunun faydas\u0131 web sayfas\u0131na geri d\u00f6nd\u00fc\u011f\u00fcn\u00fczde ziyaretinizi hat\u0131rlayabilmesidir. \u00c7erezler genellikle teknik bilgileri, ki\u015fisel tercihleri, i\u00e7eri\u011fin ki\u015fiselle\u015ftirilmesini, kullan\u0131m istatistiklerini, sosyal a\u011flara ba\u011flant\u0131lar\u0131, kullan\u0131c\u0131 hesaplar\u0131na eri\u015fimi v.b gibi bilgileri saklar. \u00c7erezin amac\u0131, web i\u00e7eri\u011fini profilinize ve ihtiya\u00e7lar\u0131n\u0131za adapte etmektir. \u00c7erezler olmadan bir&#8230;<\/p>\n","protected":false},"author":3,"featured_media":0,"parent":0,"menu_order":0,"comment_status":"closed","ping_status":"closed","template":"","meta":[],"yoast_head":"<!-- This site is optimized with the Yoast SEO Premium plugin v17.1.2 (Yoast SEO v17.2) - https:\/\/yoast.com\/wordpress\/plugins\/seo\/ -->\n<meta name=\"robots\" content=\"index, follow, max-snippet:-1, max-image-preview:large, max-video-preview:-1\" \/>\n<link rel=\"canonical\" href=\"https:\/\/www.blumaq.com\/tr\/politica-de-cookies\/\" \/>\n<meta property=\"og:locale\" content=\"en_US\" \/>\n<meta property=\"og:type\" content=\"article\" \/>\n<meta property=\"og:title\" content=\"\u00c7erez politikas\u0131\" \/>\n<meta property=\"og:description\" content=\"\u00c7erez politikas\u0131 \u00c7erez, neredeyse her web sayfas\u0131n\u0131 ziyaret etti\u011finizde taray\u0131c\u0131n\u0131zda saklanan k\u00fc\u00e7\u00fck bir metin dosyas\u0131d\u0131r. Bunun faydas\u0131 web sayfas\u0131na geri d\u00f6nd\u00fc\u011f\u00fcn\u00fczde ziyaretinizi hat\u0131rlayabilmesidir. \u00c7erezler genellikle teknik bilgileri, ki\u015fisel tercihleri, i\u00e7eri\u011fin ki\u015fiselle\u015ftirilmesini, kullan\u0131m istatistiklerini, sosyal a\u011flara ba\u011flant\u0131lar\u0131, kullan\u0131c\u0131 hesaplar\u0131na eri\u015fimi v.b gibi bilgileri saklar. \u00c7erezin amac\u0131, web i\u00e7eri\u011fini profilinize ve ihtiya\u00e7lar\u0131n\u0131za adapte etmektir. \u00c7erezler olmadan bir...\" \/>\n<meta property=\"og:url\" content=\"https:\/\/www.blumaq.com\/tr\/politica-de-cookies\/\" \/>\n<meta property=\"og:site_name\" content=\"TR - Moving the World\" \/>\n<meta property=\"article:modified_time\" content=\"2019-07-15T16:06:13+00:00\" \/>\n<meta name=\"twitter:card\" content=\"summary_large_image\" \/>\n<meta name=\"twitter:label1\" content=\"Est. reading time\" \/>\n\t<meta name=\"twitter:data1\" content=\"3 minutes\" \/>\n<script type=\"application\/ld+json\" class=\"yoast-schema-graph\">{\"@context\":\"https:\/\/schema.org\",\"@graph\":[{\"@type\":\"WebSite\",\"@id\":\"https:\/\/www.blumaq.com\/tr\/#website\",\"url\":\"https:\/\/www.blumaq.com\/tr\/\",\"name\":\"TR - Moving the World\",\"description\":\"blumaq\",\"potentialAction\":[{\"@type\":\"SearchAction\",\"target\":{\"@type\":\"EntryPoint\",\"urlTemplate\":\"https:\/\/www.blumaq.com\/tr\/?s={search_term_string}\"},\"query-input\":\"required name=search_term_string\"}],\"inLanguage\":\"en-US\"},{\"@type\":\"WebPage\",\"@id\":\"https:\/\/www.blumaq.com\/tr\/politica-de-cookies\/#webpage\",\"url\":\"https:\/\/www.blumaq.com\/tr\/politica-de-cookies\/\",\"name\":\"\\u00c7erez politikas\\u0131 - TR - Moving the World\",\"isPartOf\":{\"@id\":\"https:\/\/www.blumaq.com\/tr\/#website\"},\"datePublished\":\"2018-08-10T16:10:02+00:00\",\"dateModified\":\"2019-07-15T16:06:13+00:00\",\"breadcrumb\":{\"@id\":\"https:\/\/www.blumaq.com\/tr\/politica-de-cookies\/#breadcrumb\"},\"inLanguage\":\"en-US\",\"potentialAction\":[{\"@type\":\"ReadAction\",\"target\":[\"https:\/\/www.blumaq.com\/tr\/politica-de-cookies\/\"]}]},{\"@type\":\"BreadcrumbList\",\"@id\":\"https:\/\/www.blumaq.com\/tr\/politica-de-cookies\/#breadcrumb\",\"itemListElement\":[{\"@type\":\"ListItem\",\"position\":1,\"name\":\"Home\",\"item\":\"https:\/\/www.blumaq.com\/tr\/\"},{\"@type\":\"ListItem\",\"position\":2,\"name\":\"\\u00c7erez politikas\\u0131\"}]}]}<\/script>\n<!-- \/ Yoast SEO Premium plugin. -->","yoast_head_json":{"robots":{"index":"index","follow":"follow","max-snippet":"max-snippet:-1","max-image-preview":"max-image-preview:large","max-video-preview":"max-video-preview:-1"},"canonical":"https:\/\/www.blumaq.com\/tr\/politica-de-cookies\/","og_locale":"en_US","og_type":"article","og_title":"\u00c7erez politikas\u0131","og_description":"\u00c7erez politikas\u0131 \u00c7erez, neredeyse her web sayfas\u0131n\u0131 ziyaret etti\u011finizde taray\u0131c\u0131n\u0131zda saklanan k\u00fc\u00e7\u00fck bir metin dosyas\u0131d\u0131r. Bunun faydas\u0131 web sayfas\u0131na geri d\u00f6nd\u00fc\u011f\u00fcn\u00fczde ziyaretinizi hat\u0131rlayabilmesidir. \u00c7erezler genellikle teknik bilgileri, ki\u015fisel tercihleri, i\u00e7eri\u011fin ki\u015fiselle\u015ftirilmesini, kullan\u0131m istatistiklerini, sosyal a\u011flara ba\u011flant\u0131lar\u0131, kullan\u0131c\u0131 hesaplar\u0131na eri\u015fimi v.b gibi bilgileri saklar. \u00c7erezin amac\u0131, web i\u00e7eri\u011fini profilinize ve ihtiya\u00e7lar\u0131n\u0131za adapte etmektir. \u00c7erezler olmadan bir...","og_url":"https:\/\/www.blumaq.com\/tr\/politica-de-cookies\/","og_site_name":"TR - Moving the World","article_modified_time":"2019-07-15T16:06:13+00:00","twitter_card":"summary_large_image","twitter_misc":{"Est. reading time":"3 minutes"},"schema":{"@context":"https:\/\/schema.org","@graph":[{"@type":"WebSite","@id":"https:\/\/www.blumaq.com\/tr\/#website","url":"https:\/\/www.blumaq.com\/tr\/","name":"TR - Moving the World","description":"blumaq","potentialAction":[{"@type":"SearchAction","target":{"@type":"EntryPoint","urlTemplate":"https:\/\/www.blumaq.com\/tr\/?s={search_term_string}"},"query-input":"required name=search_term_string"}],"inLanguage":"en-US"},{"@type":"WebPage","@id":"https:\/\/www.blumaq.com\/tr\/politica-de-cookies\/#webpage","url":"https:\/\/www.blumaq.com\/tr\/politica-de-cookies\/","name":"\u00c7erez politikas\u0131 - TR - Moving the World","isPartOf":{"@id":"https:\/\/www.blumaq.com\/tr\/#website"},"datePublished":"2018-08-10T16:10:02+00:00","dateModified":"2019-07-15T16:06:13+00:00","breadcrumb":{"@id":"https:\/\/www.blumaq.com\/tr\/politica-de-cookies\/#breadcrumb"},"inLanguage":"en-US","potentialAction":[{"@type":"ReadAction","target":["https:\/\/www.blumaq.com\/tr\/politica-de-cookies\/"]}]},{"@type":"BreadcrumbList","@id":"https:\/\/www.blumaq.com\/tr\/politica-de-cookies\/#breadcrumb","itemListElement":[{"@type":"ListItem","position":1,"name":"Home","item":"https:\/\/www.blumaq.com\/tr\/"},{"@type":"ListItem","position":2,"name":"\u00c7erez politikas\u0131"}]}]}},"_links":{"self":[{"href":"https:\/\/www.blumaq.com\/tr\/wp-json\/wp\/v2\/pages\/6833"}],"collection":[{"href":"https:\/\/www.blumaq.com\/tr\/wp-json\/wp\/v2\/pages"}],"about":[{"href":"https:\/\/www.blumaq.com\/tr\/wp-json\/wp\/v2\/types\/page"}],"author":[{"embeddable":true,"href":"https:\/\/www.blumaq.com\/tr\/wp-json\/wp\/v2\/users\/3"}],"replies":[{"embeddable":true,"href":"https:\/\/www.blumaq.com\/tr\/wp-json\/wp\/v2\/comments?post=6833"}],"version-history":[{"count":3,"href":"https:\/\/www.blumaq.com\/tr\/wp-json\/wp\/v2\/pages\/6833\/revisions"}],"predecessor-version":[{"id":9856,"href":"https:\/\/www.blumaq.com\/tr\/wp-json\/wp\/v2\/pages\/6833\/revisions\/9856"}],"wp:attachment":[{"href":"https:\/\/www.blumaq.com\/tr\/wp-json\/wp\/v2\/media?parent=6833"}],"curies":[{"name":"wp","href":"https:\/\/api.w.org\/{rel}","templated":true}]}}