{"id":10015,"date":"2019-09-04T12:17:07","date_gmt":"2019-09-04T10:17:07","guid":{"rendered":"https:\/\/www.blumaq.com\/tr\/?page_id=10015"},"modified":"2019-09-04T12:18:39","modified_gmt":"2019-09-04T10:18:39","slug":"veri-koruma-politikasi","status":"publish","type":"page","link":"https:\/\/www.blumaq.com\/tr\/veri-koruma-politikasi\/","title":{"rendered":"Veri koruma politikas\u0131"},"content":{"rendered":"<h1>Veri koruma politikas\u0131<\/h1>\n<p>Ki\u015fisel verilerin i\u015flenmesi ve bu verilerin aktar\u0131lmas\u0131 \u00f6zg\u00fcrl\u00fc\u011f\u00fc ile ilgili ger\u00e7ek ki\u015filerin bilgilerinin korunmas\u0131na ili\u015fkin 27 Nisan 2016 tarihli Avrupa Parlamentosu ve Avrupa Konsey Y\u00f6netmeli\u011fi 2016\/679&#8217;un 13. maddesi h\u00fck\u00fcmlerine uygun olarak, verilerinizin bize iletti\u011finiz teklif taleplerinizi cevaplamak i\u00e7in Blumaq SA taraf\u0131ndan i\u015flenece\u011fini size bildiririz. Bu i\u015flem, s\u00f6zle\u015fme \u00f6ncesi \u00f6nlemlerin kabul edilmesiyle me\u015frula\u015ft\u0131r\u0131lmaktad\u0131r. Verileriniz \u00fc\u00e7\u00fcnc\u00fc \u015fah\u0131slara aktar\u0131lmaz veya uluslararas\u0131 kurulu\u015flara aktar\u0131lmaz. Ki\u015fisel verilerinize eri\u015fim hakk\u0131na sahipsiniz; yanl\u0131\u015f verilerin d\u00fczeltilmesini, silinmesini talep edebilirsiniz ,yap\u0131lan i\u015flemlere kar\u015f\u0131 \u00e7\u0131kabilir veya s\u0131n\u0131rlayabilirsiniz ve ayr\u0131ca verilerinizin ta\u015f\u0131nabilirli\u011fini talep edebilirsiniz. Bu haklar\u0131 kullanmak i\u00e7in, a\u015fa\u011f\u0131daki adresten sizi tan\u0131mlayan kimli\u011finizin veya belgelerinizin bir kopyas\u0131n\u0131 ekleyerek yaz\u0131l\u0131 olarak bizimle ileti\u015fime ge\u00e7ebilirsiniz: Pol. End\u00fcstriyel Belcaire, 202, 12600 Vall de Ux\u00f3 veya e-posta ile gdpr@blumaq.com<\/p>\n<p>Ki\u015fisel verilerin korunmas\u0131na ili\u015fkin ek ve ayr\u0131nt\u0131l\u0131 bilgileri Blumaq SA web sitesinde bulabilirsiniz\u00a0<a href=\"https:\/\/www.blumaq.com\/tr\/gizliki-politikasl\/\">Gizlilik politikasi<\/a><\/p>\n","protected":false},"excerpt":{"rendered":"<p>Veri koruma politikas\u0131 Ki\u015fisel verilerin i\u015flenmesi ve bu verilerin aktar\u0131lmas\u0131 \u00f6zg\u00fcrl\u00fc\u011f\u00fc ile ilgili ger\u00e7ek ki\u015filerin bilgilerinin korunmas\u0131na ili\u015fkin 27 Nisan 2016 tarihli Avrupa Parlamentosu ve Avrupa Konsey Y\u00f6netmeli\u011fi 2016\/679&#8217;un 13. maddesi h\u00fck\u00fcmlerine uygun olarak, verilerinizin bize iletti\u011finiz teklif taleplerinizi cevaplamak i\u00e7in Blumaq SA taraf\u0131ndan i\u015flenece\u011fini size bildiririz. Bu i\u015flem, s\u00f6zle\u015fme \u00f6ncesi \u00f6nlemlerin kabul edilmesiyle me\u015frula\u015ft\u0131r\u0131lmaktad\u0131r&#8230;.<\/p>\n","protected":false},"author":3,"featured_media":0,"parent":0,"menu_order":0,"comment_status":"closed","ping_status":"closed","template":"","meta":[],"yoast_head":"<!-- This site is optimized with the Yoast SEO Premium plugin v17.1.2 (Yoast SEO v17.2) - https:\/\/yoast.com\/wordpress\/plugins\/seo\/ -->\n<meta name=\"robots\" content=\"index, follow, max-snippet:-1, max-image-preview:large, max-video-preview:-1\" \/>\n<link rel=\"canonical\" href=\"https:\/\/www.blumaq.com\/tr\/veri-koruma-politikasi\/\" \/>\n<meta property=\"og:locale\" content=\"en_US\" \/>\n<meta property=\"og:type\" content=\"article\" \/>\n<meta property=\"og:title\" content=\"Veri koruma politikas\u0131\" \/>\n<meta property=\"og:description\" content=\"Veri koruma politikas\u0131 Ki\u015fisel verilerin i\u015flenmesi ve bu verilerin aktar\u0131lmas\u0131 \u00f6zg\u00fcrl\u00fc\u011f\u00fc ile ilgili ger\u00e7ek ki\u015filerin bilgilerinin korunmas\u0131na ili\u015fkin 27 Nisan 2016 tarihli Avrupa Parlamentosu ve Avrupa Konsey Y\u00f6netmeli\u011fi 2016\/679&#8217;un 13. maddesi h\u00fck\u00fcmlerine uygun olarak, verilerinizin bize iletti\u011finiz teklif taleplerinizi cevaplamak i\u00e7in Blumaq SA taraf\u0131ndan i\u015flenece\u011fini size bildiririz. Bu i\u015flem, s\u00f6zle\u015fme \u00f6ncesi \u00f6nlemlerin kabul edilmesiyle me\u015frula\u015ft\u0131r\u0131lmaktad\u0131r....\" \/>\n<meta property=\"og:url\" content=\"https:\/\/www.blumaq.com\/tr\/veri-koruma-politikasi\/\" \/>\n<meta property=\"og:site_name\" content=\"TR - Moving the World\" \/>\n<meta property=\"article:modified_time\" content=\"2019-09-04T10:18:39+00:00\" \/>\n<meta name=\"twitter:card\" content=\"summary_large_image\" \/>\n<meta name=\"twitter:label1\" content=\"Est. reading time\" \/>\n\t<meta name=\"twitter:data1\" content=\"1 minute\" \/>\n<script type=\"application\/ld+json\" class=\"yoast-schema-graph\">{\"@context\":\"https:\/\/schema.org\",\"@graph\":[{\"@type\":\"WebSite\",\"@id\":\"https:\/\/www.blumaq.com\/tr\/#website\",\"url\":\"https:\/\/www.blumaq.com\/tr\/\",\"name\":\"TR - Moving the World\",\"description\":\"blumaq\",\"potentialAction\":[{\"@type\":\"SearchAction\",\"target\":{\"@type\":\"EntryPoint\",\"urlTemplate\":\"https:\/\/www.blumaq.com\/tr\/?s={search_term_string}\"},\"query-input\":\"required name=search_term_string\"}],\"inLanguage\":\"en-US\"},{\"@type\":\"WebPage\",\"@id\":\"https:\/\/www.blumaq.com\/tr\/veri-koruma-politikasi\/#webpage\",\"url\":\"https:\/\/www.blumaq.com\/tr\/veri-koruma-politikasi\/\",\"name\":\"Veri koruma politikas\\u0131 - TR - Moving the World\",\"isPartOf\":{\"@id\":\"https:\/\/www.blumaq.com\/tr\/#website\"},\"datePublished\":\"2019-09-04T10:17:07+00:00\",\"dateModified\":\"2019-09-04T10:18:39+00:00\",\"breadcrumb\":{\"@id\":\"https:\/\/www.blumaq.com\/tr\/veri-koruma-politikasi\/#breadcrumb\"},\"inLanguage\":\"en-US\",\"potentialAction\":[{\"@type\":\"ReadAction\",\"target\":[\"https:\/\/www.blumaq.com\/tr\/veri-koruma-politikasi\/\"]}]},{\"@type\":\"BreadcrumbList\",\"@id\":\"https:\/\/www.blumaq.com\/tr\/veri-koruma-politikasi\/#breadcrumb\",\"itemListElement\":[{\"@type\":\"ListItem\",\"position\":1,\"name\":\"Home\",\"item\":\"https:\/\/www.blumaq.com\/tr\/\"},{\"@type\":\"ListItem\",\"position\":2,\"name\":\"Veri koruma politikas\\u0131\"}]}]}<\/script>\n<!-- \/ Yoast SEO Premium plugin. -->","yoast_head_json":{"robots":{"index":"index","follow":"follow","max-snippet":"max-snippet:-1","max-image-preview":"max-image-preview:large","max-video-preview":"max-video-preview:-1"},"canonical":"https:\/\/www.blumaq.com\/tr\/veri-koruma-politikasi\/","og_locale":"en_US","og_type":"article","og_title":"Veri koruma politikas\u0131","og_description":"Veri koruma politikas\u0131 Ki\u015fisel verilerin i\u015flenmesi ve bu verilerin aktar\u0131lmas\u0131 \u00f6zg\u00fcrl\u00fc\u011f\u00fc ile ilgili ger\u00e7ek ki\u015filerin bilgilerinin korunmas\u0131na ili\u015fkin 27 Nisan 2016 tarihli Avrupa Parlamentosu ve Avrupa Konsey Y\u00f6netmeli\u011fi 2016\/679&#8217;un 13. maddesi h\u00fck\u00fcmlerine uygun olarak, verilerinizin bize iletti\u011finiz teklif taleplerinizi cevaplamak i\u00e7in Blumaq SA taraf\u0131ndan i\u015flenece\u011fini size bildiririz. Bu i\u015flem, s\u00f6zle\u015fme \u00f6ncesi \u00f6nlemlerin kabul edilmesiyle me\u015frula\u015ft\u0131r\u0131lmaktad\u0131r....","og_url":"https:\/\/www.blumaq.com\/tr\/veri-koruma-politikasi\/","og_site_name":"TR - Moving the World","article_modified_time":"2019-09-04T10:18:39+00:00","twitter_card":"summary_large_image","twitter_misc":{"Est. reading time":"1 minute"},"schema":{"@context":"https:\/\/schema.org","@graph":[{"@type":"WebSite","@id":"https:\/\/www.blumaq.com\/tr\/#website","url":"https:\/\/www.blumaq.com\/tr\/","name":"TR - Moving the World","description":"blumaq","potentialAction":[{"@type":"SearchAction","target":{"@type":"EntryPoint","urlTemplate":"https:\/\/www.blumaq.com\/tr\/?s={search_term_string}"},"query-input":"required name=search_term_string"}],"inLanguage":"en-US"},{"@type":"WebPage","@id":"https:\/\/www.blumaq.com\/tr\/veri-koruma-politikasi\/#webpage","url":"https:\/\/www.blumaq.com\/tr\/veri-koruma-politikasi\/","name":"Veri koruma politikas\u0131 - TR - Moving the World","isPartOf":{"@id":"https:\/\/www.blumaq.com\/tr\/#website"},"datePublished":"2019-09-04T10:17:07+00:00","dateModified":"2019-09-04T10:18:39+00:00","breadcrumb":{"@id":"https:\/\/www.blumaq.com\/tr\/veri-koruma-politikasi\/#breadcrumb"},"inLanguage":"en-US","potentialAction":[{"@type":"ReadAction","target":["https:\/\/www.blumaq.com\/tr\/veri-koruma-politikasi\/"]}]},{"@type":"BreadcrumbList","@id":"https:\/\/www.blumaq.com\/tr\/veri-koruma-politikasi\/#breadcrumb","itemListElement":[{"@type":"ListItem","position":1,"name":"Home","item":"https:\/\/www.blumaq.com\/tr\/"},{"@type":"ListItem","position":2,"name":"Veri koruma politikas\u0131"}]}]}},"_links":{"self":[{"href":"https:\/\/www.blumaq.com\/tr\/wp-json\/wp\/v2\/pages\/10015"}],"collection":[{"href":"https:\/\/www.blumaq.com\/tr\/wp-json\/wp\/v2\/pages"}],"about":[{"href":"https:\/\/www.blumaq.com\/tr\/wp-json\/wp\/v2\/types\/page"}],"author":[{"embeddable":true,"href":"https:\/\/www.blumaq.com\/tr\/wp-json\/wp\/v2\/users\/3"}],"replies":[{"embeddable":true,"href":"https:\/\/www.blumaq.com\/tr\/wp-json\/wp\/v2\/comments?post=10015"}],"version-history":[{"count":1,"href":"https:\/\/www.blumaq.com\/tr\/wp-json\/wp\/v2\/pages\/10015\/revisions"}],"predecessor-version":[{"id":10016,"href":"https:\/\/www.blumaq.com\/tr\/wp-json\/wp\/v2\/pages\/10015\/revisions\/10016"}],"wp:attachment":[{"href":"https:\/\/www.blumaq.com\/tr\/wp-json\/wp\/v2\/media?parent=10015"}],"curies":[{"name":"wp","href":"https:\/\/api.w.org\/{rel}","templated":true}]}}