{"id":7655,"date":"2018-08-13T10:47:55","date_gmt":"2018-08-13T10:47:55","guid":{"rendered":"http:\/\/w3.blumaq.com\/pt\/?page_id=7655"},"modified":"2018-10-02T13:32:05","modified_gmt":"2018-10-02T13:32:05","slug":"blumaq-social","status":"publish","type":"page","link":"https:\/\/www.blumaq.com\/pt\/blumaq-social\/","title":{"rendered":"blumaq social"},"content":{"rendered":"<section class=\"l-section wpb_row height_medium\" style=\"margin-top: 20px !important;\"><div class=\"l-section-h i-cf\"><div class=\"g-cols type_default valign_top\"><div class=\"vc_col-sm-12 wpb_column vc_column_container\"><div class=\"vc_column-inner\"><div class=\"wpb_wrapper\">\r\n\t<div class=\"wpb_text_column \">\r\n\t\t<div class=\"wpb_wrapper\">\r\n\t\t\t<h1 style=\"text-align: center;\">Mais que uma empresa<\/h1>\n\r\n\t\t<\/div>\r\n\t<\/div>\r\n<div class=\"g-cols wpb_row type_default valign_top vc_inner \"><div class=\"vc_col-sm-6 wpb_column vc_column_container\"><div class=\"vc_column-inner\"><div class=\"wpb_wrapper\">\r\n\t<div class=\"wpb_text_column  vc_custom_1538487104630\">\r\n\t\t<div class=\"wpb_wrapper\">\r\n\t\t\t<h2>A Blumaq refor\u00e7a o compromisso de colaborar em diferentes \u00e2mbitos da vida social e desportiva. Apostando em projectos e pessoas, para partilhar o seu esfor\u00e7o, esp\u00edrito e esperan\u00e7a.<\/h2>\n\r\n\t\t<\/div>\r\n\t<\/div>\r\n<\/div><\/div><\/div><div class=\"vc_col-sm-6 wpb_column vc_column_container\"><div class=\"vc_column-inner\"><div class=\"wpb_wrapper\">\r\n\t<div class=\"wpb_text_column  vc_custom_1538487116652\">\r\n\t\t<div class=\"wpb_wrapper\">\r\n\t\t\t<h5>Atrav\u00e9s das suas \u00e1res de ac\u00e7\u00e3o; a Blumaq Social apoia o mundo desportivo, patrocinando atletas de diferentes \u00e1reas, al\u00e9m de ajudar na financia\u00e7\u00e3o de projectos de Ajuda e Desenvolvimento em \u00e1reas carentes.<\/h5>\n\r\n\t\t<\/div>\r\n\t<\/div>\r\n<\/div><\/div><\/div><\/div><\/div><\/div><\/div><\/div><\/div><\/section><section class=\"l-section wpb_row height_medium color_alternate\"><div class=\"l-section-h i-cf\"><div class=\"g-cols type_default valign_middle\"><div class=\"vc_col-sm-12 wpb_column vc_column_container\"><div class=\"vc_column-inner\"><div class=\"wpb_wrapper\">\t<div class=\"w-blog layout_cards cols_2 with_categories\" itemscope=\"itemscope\" itemtype=\"https:\/\/schema.org\/Blog\">\t<div class=\"w-blog-list\">\r\n\r\n\t<article class=\"w-blog-post sponsorship post-9641 post type-post status-publish format-standard has-post-thumbnail hentry category-sponsorship tag-motociclismo\" data-id=\"9641\" data-categories=\"sponsorship\">\r\n\t\t<div class=\"w-blog-post-h\">\r\n\t\t\t\t\t\t\t\t\t\t<a href=\"https:\/\/www.blumaq.com\/pt\/sergio-garcia\/\">\r\n\t\t\t\t\t<div class=\"w-blog-post-preview\">\r\n\t\t\t\t\t\t<img width=\"600\" height=\"400\" src=\"https:\/\/www.blumaq.com\/pt\/wp-content\/uploads\/sites\/17\/2019\/04\/SERGIO-GARCIA-600x400.jpg\" class=\"attachment-tnail-3x2 size-tnail-3x2 wp-post-image\" alt=\"\" loading=\"lazy\" srcset=\"https:\/\/www.blumaq.com\/pt\/wp-content\/uploads\/sites\/17\/2019\/04\/SERGIO-GARCIA-600x400.jpg 600w, https:\/\/www.blumaq.com\/pt\/wp-content\/uploads\/sites\/17\/2019\/04\/SERGIO-GARCIA-300x200.jpg 300w, https:\/\/www.blumaq.com\/pt\/wp-content\/uploads\/sites\/17\/2019\/04\/SERGIO-GARCIA-768x512.jpg 768w, https:\/\/www.blumaq.com\/pt\/wp-content\/uploads\/sites\/17\/2019\/04\/SERGIO-GARCIA.jpg 960w\" sizes=\"(max-width: 600px) 100vw, 600px\" \/>\t\t\t\t\t\t<span class=\"w-blog-post-preview-icon\" style=\"padding-bottom: 66.6667%;\"><\/span>\r\n\t\t\t\t\t<\/div>\r\n\t\t\t\t<\/a>\r\n\t\t\t\t\t\t<div class=\"w-blog-post-body\">\r\n\t\t\t\t<h2 class=\"w-blog-post-title\">\r\n\t\t\t\t\t<a class=\"entry-title\" rel=\"bookmark\" href=\"https:\/\/www.blumaq.com\/pt\/sergio-garcia\/\">SERGIO GARC\u00cdA<\/a>\r\n\t\t\t\t<\/h2>\r\n\r\n\t\t\t\t<div class=\"w-blog-post-meta\">\r\n\t\t\t\t\t<time class=\"w-blog-post-meta-date date updated\">3 abril, 2019<\/time><span class=\"w-blog-post-meta-author vcard author\"><a href=\"https:\/\/www.blumaq.com\/pt\/author\/admin\/\" class=\"fn\">admin<\/a><\/span><span class=\"w-blog-post-meta-category\"><a href=\"https:\/\/www.blumaq.com\/pt\/category\/sponsorship\/\" rel=\"category tag\">Patrocinios<\/a><\/span><span class=\"w-blog-post-meta-tags\"><a href=\"https:\/\/www.blumaq.com\/pt\/tag\/motociclismo\/\" rel=\"tag\">MOTORCYCLING<\/a><\/span>\t\t\t\t<\/div>\r\n\t\t\t\t\t\t\t\t\t<div class=\"w-blog-post-content\">\r\n\t\t\t\t\t\t<p>O piloto Sergio Garc\u00eda da Escuder\u00eda Estrella Galicia 0,0 de Moto 3 no Campeonato do Mundo de Motociclismo que este ano far\u00e1 a sua estreia em Moto 3, conta v\u00e1rios anos de forma\u00e7\u00e3o tanto com Estrella Galicia como com Monlau Repsol Technical School tendo ganho o Campeonato de Espanha de Pre-Moto3 em 2016.<\/p>\n\t\t\t\t\t<\/div>\r\n\t\t\t\t\t\t\t\t\t\t\t\t\t<a class=\"w-blog-post-more w-btn\" href=\"https:\/\/www.blumaq.com\/pt\/sergio-garcia\/\"><span class=\"w-btn-label\">Leer M\u00e1s<\/span><\/a>\r\n\t\t\t\t\t\t\t<\/div>\r\n\t\t<\/div>\r\n\t<\/article>\r\n\r\n\r\n\r\n\t<article class=\"w-blog-post sponsorship post-9638 post type-post status-publish format-standard has-post-thumbnail hentry category-sponsorship tag-motociclismo\" data-id=\"9638\" data-categories=\"sponsorship\">\r\n\t\t<div class=\"w-blog-post-h\">\r\n\t\t\t\t\t\t\t\t\t\t<a href=\"https:\/\/www.blumaq.com\/pt\/reale-avintia-racing\/\">\r\n\t\t\t\t\t<div class=\"w-blog-post-preview\">\r\n\t\t\t\t\t\t<img width=\"600\" height=\"400\" src=\"https:\/\/www.blumaq.com\/pt\/wp-content\/uploads\/sites\/17\/2019\/04\/motos-reale-avintia-600x400.jpg\" class=\"attachment-tnail-3x2 size-tnail-3x2 wp-post-image\" alt=\"\" loading=\"lazy\" \/>\t\t\t\t\t\t<span class=\"w-blog-post-preview-icon\" style=\"padding-bottom: 66.6667%;\"><\/span>\r\n\t\t\t\t\t<\/div>\r\n\t\t\t\t<\/a>\r\n\t\t\t\t\t\t<div class=\"w-blog-post-body\">\r\n\t\t\t\t<h2 class=\"w-blog-post-title\">\r\n\t\t\t\t\t<a class=\"entry-title\" rel=\"bookmark\" href=\"https:\/\/www.blumaq.com\/pt\/reale-avintia-racing\/\">REALE AVINTIA RACING<\/a>\r\n\t\t\t\t<\/h2>\r\n\r\n\t\t\t\t<div class=\"w-blog-post-meta\">\r\n\t\t\t\t\t<time class=\"w-blog-post-meta-date date updated\">3 abril, 2019<\/time><span class=\"w-blog-post-meta-author vcard author\"><a href=\"https:\/\/www.blumaq.com\/pt\/author\/admin\/\" class=\"fn\">admin<\/a><\/span><span class=\"w-blog-post-meta-category\"><a href=\"https:\/\/www.blumaq.com\/pt\/category\/sponsorship\/\" rel=\"category tag\">Patrocinios<\/a><\/span><span class=\"w-blog-post-meta-tags\"><a href=\"https:\/\/www.blumaq.com\/pt\/tag\/motociclismo\/\" rel=\"tag\">MOTORCYCLING<\/a><\/span>\t\t\t\t<\/div>\r\n\t\t\t\t\t\t\t\t\t<div class=\"w-blog-post-content\">\r\n\t\t\t\t\t\t<p>A equipa de MotoGP e Moto3 Reale Avintia Racing que participa no Campeonato do Mundo de Motociclismo. Com os seus pilotos Tito Rabat, Karel Abraham e Vicente P\u00e9rez.<\/p>\n\t\t\t\t\t<\/div>\r\n\t\t\t\t\t\t\t\t\t\t\t\t\t<a class=\"w-blog-post-more w-btn\" href=\"https:\/\/www.blumaq.com\/pt\/reale-avintia-racing\/\"><span class=\"w-btn-label\">Leer M\u00e1s<\/span><\/a>\r\n\t\t\t\t\t\t\t<\/div>\r\n\t\t<\/div>\r\n\t<\/article>\r\n\r\n\r\n\r\n\t<article class=\"w-blog-post sponsorship post-9635 post type-post status-publish format-standard has-post-thumbnail hentry category-sponsorship tag-motociclismo\" data-id=\"9635\" data-categories=\"sponsorship\">\r\n\t\t<div class=\"w-blog-post-h\">\r\n\t\t\t\t\t\t\t\t\t\t<a href=\"https:\/\/www.blumaq.com\/pt\/hma-racing\/\">\r\n\t\t\t\t\t<div class=\"w-blog-post-preview\">\r\n\t\t\t\t\t\t<img width=\"600\" height=\"400\" src=\"https:\/\/www.blumaq.com\/pt\/wp-content\/uploads\/sites\/17\/2019\/04\/hma-racing-600x400.jpg\" class=\"attachment-tnail-3x2 size-tnail-3x2 wp-post-image\" alt=\"\" loading=\"lazy\" \/>\t\t\t\t\t\t<span class=\"w-blog-post-preview-icon\" style=\"padding-bottom: 66.6667%;\"><\/span>\r\n\t\t\t\t\t<\/div>\r\n\t\t\t\t<\/a>\r\n\t\t\t\t\t\t<div class=\"w-blog-post-body\">\r\n\t\t\t\t<h2 class=\"w-blog-post-title\">\r\n\t\t\t\t\t<a class=\"entry-title\" rel=\"bookmark\" href=\"https:\/\/www.blumaq.com\/pt\/hma-racing\/\">HMA RACING<\/a>\r\n\t\t\t\t<\/h2>\r\n\r\n\t\t\t\t<div class=\"w-blog-post-meta\">\r\n\t\t\t\t\t<time class=\"w-blog-post-meta-date date updated\">3 abril, 2019<\/time><span class=\"w-blog-post-meta-author vcard author\"><a href=\"https:\/\/www.blumaq.com\/pt\/author\/admin\/\" class=\"fn\">admin<\/a><\/span><span class=\"w-blog-post-meta-category\"><a href=\"https:\/\/www.blumaq.com\/pt\/category\/sponsorship\/\" rel=\"category tag\">Patrocinios<\/a><\/span><span class=\"w-blog-post-meta-tags\"><a href=\"https:\/\/www.blumaq.com\/pt\/tag\/motociclismo\/\" rel=\"tag\">MOTORCYCLING<\/a><\/span>\t\t\t\t<\/div>\r\n\t\t\t\t\t\t\t\t\t<div class=\"w-blog-post-content\">\r\n\t\t\t\t\t\t<p>A equipa HMA Racing fundada por Tom\u00e1s Llopis Sala, \u00e9 o projecto que nasce com a \u00e2nsia de ajudar os pilotos mais jovens a chegar ao topo das categorias. Para conseguir este objectivo HMA Racing rodeou-se durante estes \u00faltimos 4 anos da melhor equipa t\u00e9cnica. O resultado foi uma s\u00e9rie de motos muito competitivas para&#8230;<\/p>\n\t\t\t\t\t<\/div>\r\n\t\t\t\t\t\t\t\t\t\t\t\t\t<a class=\"w-blog-post-more w-btn\" href=\"https:\/\/www.blumaq.com\/pt\/hma-racing\/\"><span class=\"w-btn-label\">Leer M\u00e1s<\/span><\/a>\r\n\t\t\t\t\t\t\t<\/div>\r\n\t\t<\/div>\r\n\t<\/article>\r\n\r\n\r\n\r\n\t<article class=\"w-blog-post sponsorship post-3297 post type-post status-publish format-standard has-post-thumbnail hentry category-sponsorship tag-atletismo\" data-id=\"3297\" data-categories=\"sponsorship\">\r\n\t\t<div class=\"w-blog-post-h\">\r\n\t\t\t\t\t\t\t\t\t\t<a href=\"https:\/\/www.blumaq.com\/pt\/mur-i-castell\/\">\r\n\t\t\t\t\t<div class=\"w-blog-post-preview\">\r\n\t\t\t\t\t\t<img width=\"600\" height=\"400\" src=\"https:\/\/www.blumaq.com\/pt\/wp-content\/uploads\/sites\/17\/2017\/03\/mur-i-castell-600x400.jpg\" class=\"attachment-tnail-3x2 size-tnail-3x2 wp-post-image\" alt=\"\" loading=\"lazy\" srcset=\"https:\/\/www.blumaq.com\/pt\/wp-content\/uploads\/sites\/17\/2017\/03\/mur-i-castell-600x400.jpg 600w, https:\/\/www.blumaq.com\/pt\/wp-content\/uploads\/sites\/17\/2017\/03\/mur-i-castell-300x200.jpg 300w, https:\/\/www.blumaq.com\/pt\/wp-content\/uploads\/sites\/17\/2017\/03\/mur-i-castell-768x512.jpg 768w, https:\/\/www.blumaq.com\/pt\/wp-content\/uploads\/sites\/17\/2017\/03\/mur-i-castell-1024x683.jpg 1024w, https:\/\/www.blumaq.com\/pt\/wp-content\/uploads\/sites\/17\/2017\/03\/mur-i-castell.jpg 2048w\" sizes=\"(max-width: 600px) 100vw, 600px\" \/>\t\t\t\t\t\t<span class=\"w-blog-post-preview-icon\" style=\"padding-bottom: 66.6667%;\"><\/span>\r\n\t\t\t\t\t<\/div>\r\n\t\t\t\t<\/a>\r\n\t\t\t\t\t\t<div class=\"w-blog-post-body\">\r\n\t\t\t\t<h2 class=\"w-blog-post-title\">\r\n\t\t\t\t\t<a class=\"entry-title\" rel=\"bookmark\" href=\"https:\/\/www.blumaq.com\/pt\/mur-i-castell\/\">CLUB MUR I CASTELL-TUGA<\/a>\r\n\t\t\t\t<\/h2>\r\n\r\n\t\t\t\t<div class=\"w-blog-post-meta\">\r\n\t\t\t\t\t<time class=\"w-blog-post-meta-date date updated\">3 abril, 2019<\/time><span class=\"w-blog-post-meta-author vcard author\"><a href=\"https:\/\/www.blumaq.com\/pt\/author\/admin\/\" class=\"fn\">admin<\/a><\/span><span class=\"w-blog-post-meta-category\"><a href=\"https:\/\/www.blumaq.com\/pt\/category\/sponsorship\/\" rel=\"category tag\">Patrocinios<\/a><\/span><span class=\"w-blog-post-meta-tags\"><a href=\"https:\/\/www.blumaq.com\/pt\/tag\/atletismo\/\" rel=\"tag\">ATHLETICS<\/a><\/span>\t\t\t\t<\/div>\r\n\t\t\t\t\t\t\t\t\t<div class=\"w-blog-post-content\">\r\n\t\t\t\t\t\t<p>O clube de Trail Mur i Castell-Tuga Subcampe\u00e3o de Espanha de Estradas por Montanha FEDME. Um clube com 180 federados que ao longo da temporada participa em umas 100 provas, cobrindo os calend\u00e1rios provinciais, auton\u00f3micos, nacionais e internacionais. \u00c9 um clube valenciano com as mulheres com licen\u00e7a federativa. Na temporada 2018 fizeram um total de&#8230;<\/p>\n\t\t\t\t\t<\/div>\r\n\t\t\t\t\t\t\t\t\t\t\t\t\t<a class=\"w-blog-post-more w-btn\" href=\"https:\/\/www.blumaq.com\/pt\/mur-i-castell\/\"><span class=\"w-btn-label\">Leer M\u00e1s<\/span><\/a>\r\n\t\t\t\t\t\t\t<\/div>\r\n\t\t<\/div>\r\n\t<\/article>\r\n\r\n\r\n\r\n\t<article class=\"w-blog-post sponsorship post-9632 post type-post status-publish format-standard has-post-thumbnail hentry category-sponsorship tag-atletismo\" data-id=\"9632\" data-categories=\"sponsorship\">\r\n\t\t<div class=\"w-blog-post-h\">\r\n\t\t\t\t\t\t\t\t\t\t<a href=\"https:\/\/www.blumaq.com\/pt\/trilavall\/\">\r\n\t\t\t\t\t<div class=\"w-blog-post-preview\">\r\n\t\t\t\t\t\t<img width=\"600\" height=\"400\" src=\"https:\/\/www.blumaq.com\/pt\/wp-content\/uploads\/sites\/17\/2019\/04\/trilavall-600x400.png\" class=\"attachment-tnail-3x2 size-tnail-3x2 wp-post-image\" alt=\"\" loading=\"lazy\" \/>\t\t\t\t\t\t<span class=\"w-blog-post-preview-icon\" style=\"padding-bottom: 66.6667%;\"><\/span>\r\n\t\t\t\t\t<\/div>\r\n\t\t\t\t<\/a>\r\n\t\t\t\t\t\t<div class=\"w-blog-post-body\">\r\n\t\t\t\t<h2 class=\"w-blog-post-title\">\r\n\t\t\t\t\t<a class=\"entry-title\" rel=\"bookmark\" href=\"https:\/\/www.blumaq.com\/pt\/trilavall\/\">TRILAVALL<\/a>\r\n\t\t\t\t<\/h2>\r\n\r\n\t\t\t\t<div class=\"w-blog-post-meta\">\r\n\t\t\t\t\t<time class=\"w-blog-post-meta-date date updated\">3 abril, 2019<\/time><span class=\"w-blog-post-meta-author vcard author\"><a href=\"https:\/\/www.blumaq.com\/pt\/author\/admin\/\" class=\"fn\">admin<\/a><\/span><span class=\"w-blog-post-meta-category\"><a href=\"https:\/\/www.blumaq.com\/pt\/category\/sponsorship\/\" rel=\"category tag\">Patrocinios<\/a><\/span><span class=\"w-blog-post-meta-tags\"><a href=\"https:\/\/www.blumaq.com\/pt\/tag\/atletismo\/\" rel=\"tag\">ATHLETICS<\/a><\/span>\t\t\t\t<\/div>\r\n\t\t\t\t\t\t\t\t\t<div class=\"w-blog-post-content\">\r\n\t\t\t\t\t\t<p>O clube de triatlo Trilavall com mais de 100 federados e muitos mais s\u00f3cios. Conta tamb\u00e9m com uma escola de triatlo para formar os mais jovens e contribuir com o seu desenvolvimento integral.<\/p>\n\t\t\t\t\t<\/div>\r\n\t\t\t\t\t\t\t\t\t\t\t\t\t<a class=\"w-blog-post-more w-btn\" href=\"https:\/\/www.blumaq.com\/pt\/trilavall\/\"><span class=\"w-btn-label\">Leer M\u00e1s<\/span><\/a>\r\n\t\t\t\t\t\t\t<\/div>\r\n\t\t<\/div>\r\n\t<\/article>\r\n\r\n\r\n\r\n\t<article class=\"w-blog-post sponsorship post-9629 post type-post status-publish format-standard has-post-thumbnail hentry category-sponsorship tag-ciclismo\" data-id=\"9629\" data-categories=\"sponsorship\">\r\n\t\t<div class=\"w-blog-post-h\">\r\n\t\t\t\t\t\t\t\t\t\t<a href=\"https:\/\/www.blumaq.com\/pt\/escola-de-ciclismo-vall-de-uxo\/\">\r\n\t\t\t\t\t<div class=\"w-blog-post-preview\">\r\n\t\t\t\t\t\t<img width=\"600\" height=\"400\" src=\"https:\/\/www.blumaq.com\/pt\/wp-content\/uploads\/sites\/17\/2019\/04\/ciclismo-600x400.jpg\" class=\"attachment-tnail-3x2 size-tnail-3x2 wp-post-image\" alt=\"\" loading=\"lazy\" \/>\t\t\t\t\t\t<span class=\"w-blog-post-preview-icon\" style=\"padding-bottom: 66.6667%;\"><\/span>\r\n\t\t\t\t\t<\/div>\r\n\t\t\t\t<\/a>\r\n\t\t\t\t\t\t<div class=\"w-blog-post-body\">\r\n\t\t\t\t<h2 class=\"w-blog-post-title\">\r\n\t\t\t\t\t<a class=\"entry-title\" rel=\"bookmark\" href=\"https:\/\/www.blumaq.com\/pt\/escola-de-ciclismo-vall-de-uxo\/\">ESCOLA DE CICLISMO VALL DE UXO<\/a>\r\n\t\t\t\t<\/h2>\r\n\r\n\t\t\t\t<div class=\"w-blog-post-meta\">\r\n\t\t\t\t\t<time class=\"w-blog-post-meta-date date updated\">3 abril, 2019<\/time><span class=\"w-blog-post-meta-author vcard author\"><a href=\"https:\/\/www.blumaq.com\/pt\/author\/admin\/\" class=\"fn\">admin<\/a><\/span><span class=\"w-blog-post-meta-category\"><a href=\"https:\/\/www.blumaq.com\/pt\/category\/sponsorship\/\" rel=\"category tag\">Patrocinios<\/a><\/span><span class=\"w-blog-post-meta-tags\"><a href=\"https:\/\/www.blumaq.com\/pt\/tag\/ciclismo\/\" rel=\"tag\">CYCLING<\/a><\/span>\t\t\t\t<\/div>\r\n\t\t\t\t\t\t\t\t\t<div class=\"w-blog-post-content\">\r\n\t\t\t\t\t\t<p>A uni\u00e3o ciclista Vall de Ux\u00f3 conta com uma escola de ciclismo. \u00c9 um v\u00ednculo entre as classes de educa\u00e7\u00e3o f\u00edsica e o entretenimento sistematizado da Uni\u00e3o Ciclista Vall de Ux\u00f3. Cumpre uma fun\u00e7\u00e3o primordial desde o ponto de vista educativo, j\u00e1 que real\u00e7a os valores de respeito, cumprimento de regras, solidariedade e vida saud\u00e1vel.<\/p>\n\t\t\t\t\t<\/div>\r\n\t\t\t\t\t\t\t\t\t\t\t\t\t<a class=\"w-blog-post-more w-btn\" href=\"https:\/\/www.blumaq.com\/pt\/escola-de-ciclismo-vall-de-uxo\/\"><span class=\"w-btn-label\">Leer M\u00e1s<\/span><\/a>\r\n\t\t\t\t\t\t\t<\/div>\r\n\t\t<\/div>\r\n\t<\/article>\r\n\r\n\r\n\r\n\t<article class=\"w-blog-post sponsorship post-1311 post type-post status-publish format-standard has-post-thumbnail hentry category-sponsorship tag-moto-clasicas\" data-id=\"1311\" data-categories=\"sponsorship\">\r\n\t\t<div class=\"w-blog-post-h\">\r\n\t\t\t\t\t\t\t\t\t\t<a href=\"https:\/\/www.blumaq.com\/pt\/classic-racing-team\/\">\r\n\t\t\t\t\t<div class=\"w-blog-post-preview\">\r\n\t\t\t\t\t\t<img width=\"600\" height=\"400\" src=\"https:\/\/www.blumaq.com\/pt\/wp-content\/uploads\/sites\/17\/2019\/04\/motos-clasicas-600x400.jpg\" class=\"attachment-tnail-3x2 size-tnail-3x2 wp-post-image\" alt=\"\" loading=\"lazy\" \/>\t\t\t\t\t\t<span class=\"w-blog-post-preview-icon\" style=\"padding-bottom: 66.6667%;\"><\/span>\r\n\t\t\t\t\t<\/div>\r\n\t\t\t\t<\/a>\r\n\t\t\t\t\t\t<div class=\"w-blog-post-body\">\r\n\t\t\t\t<h2 class=\"w-blog-post-title\">\r\n\t\t\t\t\t<a class=\"entry-title\" rel=\"bookmark\" href=\"https:\/\/www.blumaq.com\/pt\/classic-racing-team\/\">BLUMAQ CLASSIC RACING TEAM<\/a>\r\n\t\t\t\t<\/h2>\r\n\r\n\t\t\t\t<div class=\"w-blog-post-meta\">\r\n\t\t\t\t\t<time class=\"w-blog-post-meta-date date updated\">2 abril, 2019<\/time><span class=\"w-blog-post-meta-author vcard author\"><a href=\"https:\/\/www.blumaq.com\/pt\/author\/admin\/\" class=\"fn\">admin<\/a><\/span><span class=\"w-blog-post-meta-category\"><a href=\"https:\/\/www.blumaq.com\/pt\/category\/sponsorship\/\" rel=\"category tag\">Patrocinios<\/a><\/span><span class=\"w-blog-post-meta-tags\"><a href=\"https:\/\/www.blumaq.com\/pt\/tag\/moto-clasicas\/\" rel=\"tag\">CLASSIC MOTORCYCLING RACES<\/a><\/span>\t\t\t\t<\/div>\r\n\t\t\t\t\t\t\t\t\t<div class=\"w-blog-post-content\">\r\n\t\t\t\t\t\t<p>A equipa Blumaq Classic Racing Team campe\u00e3o da Copa de Espanha de Velocidade Cl\u00e1ssica da RFME nas categorias Cl\u00e1ssicas A, Cl\u00e1ssicas B e Cl\u00e1ssicas C. &nbsp;<\/p>\n\t\t\t\t\t<\/div>\r\n\t\t\t\t\t\t\t\t\t\t\t\t\t<a class=\"w-blog-post-more w-btn\" href=\"https:\/\/www.blumaq.com\/pt\/classic-racing-team\/\"><span class=\"w-btn-label\">Leer M\u00e1s<\/span><\/a>\r\n\t\t\t\t\t\t\t<\/div>\r\n\t\t<\/div>\r\n\t<\/article>\r\n\r\n\r\n\r\n\t<article class=\"w-blog-post sponsorship post-450 post type-post status-publish format-standard has-post-thumbnail hentry category-sponsorship tag-motociclismo\" data-id=\"450\" data-categories=\"sponsorship\">\r\n\t\t<div class=\"w-blog-post-h\">\r\n\t\t\t\t\t\t\t\t\t\t<a href=\"https:\/\/www.blumaq.com\/pt\/h43-team\/\">\r\n\t\t\t\t\t<div class=\"w-blog-post-preview\">\r\n\t\t\t\t\t\t<img width=\"600\" height=\"400\" src=\"https:\/\/www.blumaq.com\/pt\/wp-content\/uploads\/sites\/17\/2013\/11\/h43-600x400.png\" class=\"attachment-tnail-3x2 size-tnail-3x2 wp-post-image\" alt=\"\" loading=\"lazy\" srcset=\"https:\/\/www.blumaq.com\/pt\/wp-content\/uploads\/sites\/17\/2013\/11\/h43-600x401.png 600w, https:\/\/www.blumaq.com\/pt\/wp-content\/uploads\/sites\/17\/2013\/11\/h43-300x200.png 300w, https:\/\/www.blumaq.com\/pt\/wp-content\/uploads\/sites\/17\/2013\/11\/h43-768x513.png 768w, https:\/\/www.blumaq.com\/pt\/wp-content\/uploads\/sites\/17\/2013\/11\/h43-1024x684.png 1024w, https:\/\/www.blumaq.com\/pt\/wp-content\/uploads\/sites\/17\/2013\/11\/h43.png 1027w\" sizes=\"(max-width: 600px) 100vw, 600px\" \/>\t\t\t\t\t\t<span class=\"w-blog-post-preview-icon\" style=\"padding-bottom: 66.6667%;\"><\/span>\r\n\t\t\t\t\t<\/div>\r\n\t\t\t\t<\/a>\r\n\t\t\t\t\t\t<div class=\"w-blog-post-body\">\r\n\t\t\t\t<h2 class=\"w-blog-post-title\">\r\n\t\t\t\t\t<a class=\"entry-title\" rel=\"bookmark\" href=\"https:\/\/www.blumaq.com\/pt\/h43-team\/\">H43 TEAM<\/a>\r\n\t\t\t\t<\/h2>\r\n\r\n\t\t\t\t<div class=\"w-blog-post-meta\">\r\n\t\t\t\t\t<time class=\"w-blog-post-meta-date date updated\">2 abril, 2019<\/time><span class=\"w-blog-post-meta-author vcard author\"><a href=\"https:\/\/www.blumaq.com\/pt\/author\/admin\/\" class=\"fn\">admin<\/a><\/span><span class=\"w-blog-post-meta-category\"><a href=\"https:\/\/www.blumaq.com\/pt\/category\/sponsorship\/\" rel=\"category tag\">Patrocinios<\/a><\/span><span class=\"w-blog-post-meta-tags\"><a href=\"https:\/\/www.blumaq.com\/pt\/tag\/motociclismo\/\" rel=\"tag\">MOTORCYCLING<\/a><\/span>\t\t\t\t<\/div>\r\n\t\t\t\t\t\t\t\t\t<div class=\"w-blog-post-content\">\r\n\t\t\t\t\t\t<p>H43 Team tem presen\u00e7a nas categorias de Moto2 e Moto 3 do CEV sob a al\u00e7ada de Manuel Hern\u00e1ndez Nicol\u00e1s, ex-piloto mundial e Team Manager. A equipa conseguiu o Sub-Campeonato de Espanha 2018 na categoria Super Stock 600 com o piloto Miquel Pons.<\/p>\n\t\t\t\t\t<\/div>\r\n\t\t\t\t\t\t\t\t\t\t\t\t\t<a class=\"w-blog-post-more w-btn\" href=\"https:\/\/www.blumaq.com\/pt\/h43-team\/\"><span class=\"w-btn-label\">Leer M\u00e1s<\/span><\/a>\r\n\t\t\t\t\t\t\t<\/div>\r\n\t\t<\/div>\r\n\t<\/article>\r\n\r\n\r\n\r\n\t<article class=\"w-blog-post sponsorship post-459 post type-post status-publish format-standard has-post-thumbnail hentry category-sponsorship tag-handbike\" data-id=\"459\" data-categories=\"sponsorship\">\r\n\t\t<div class=\"w-blog-post-h\">\r\n\t\t\t\t\t\t\t\t\t\t<a href=\"https:\/\/www.blumaq.com\/pt\/vicente-arzo\/\">\r\n\t\t\t\t\t<div class=\"w-blog-post-preview\">\r\n\t\t\t\t\t\t<img width=\"448\" height=\"400\" src=\"https:\/\/www.blumaq.com\/pt\/wp-content\/uploads\/sites\/17\/2013\/11\/vicente-arzo-448x400.jpg\" class=\"attachment-tnail-3x2 size-tnail-3x2 wp-post-image\" alt=\"\" loading=\"lazy\" \/>\t\t\t\t\t\t<span class=\"w-blog-post-preview-icon\" style=\"padding-bottom: 66.6667%;\"><\/span>\r\n\t\t\t\t\t<\/div>\r\n\t\t\t\t<\/a>\r\n\t\t\t\t\t\t<div class=\"w-blog-post-body\">\r\n\t\t\t\t<h2 class=\"w-blog-post-title\">\r\n\t\t\t\t\t<a class=\"entry-title\" rel=\"bookmark\" href=\"https:\/\/www.blumaq.com\/pt\/vicente-arzo\/\">VICENTE ARZO<\/a>\r\n\t\t\t\t<\/h2>\r\n\r\n\t\t\t\t<div class=\"w-blog-post-meta\">\r\n\t\t\t\t\t<time class=\"w-blog-post-meta-date date updated\">3 marzo, 2019<\/time><span class=\"w-blog-post-meta-author vcard author\"><a href=\"https:\/\/www.blumaq.com\/pt\/author\/admin\/\" class=\"fn\">admin<\/a><\/span><span class=\"w-blog-post-meta-category\"><a href=\"https:\/\/www.blumaq.com\/pt\/category\/sponsorship\/\" rel=\"category tag\">Patrocinios<\/a><\/span><span class=\"w-blog-post-meta-tags\"><a href=\"https:\/\/www.blumaq.com\/pt\/tag\/handbike\/\" rel=\"tag\">HANDBIKE<\/a><\/span>\t\t\t\t<\/div>\r\n\t\t\t\t\t\t\t\t\t<div class=\"w-blog-post-content\">\r\n\t\t\t\t\t\t<p>Atleta Paral\u00edmpico com excelentes resultados desportivos, medalhista Europeu, Mundial e Paral\u00edmpico em v\u00e1rias modalidades desportivas, ciclismo, nata\u00e7\u00e3o, atletismo e triatlo. \u00c9, actualmente, o atleta espanhol mais galardoado da hist\u00f3ria na modalidade de ciclismo manual. Em atletismo, modalidades de lan\u00e7amento, disco, dardo e peso conseguiu ser Campe\u00e3o de Espanha e Recordista Nacional na modalidade de lan\u00e7amento&#8230;<\/p>\n\t\t\t\t\t<\/div>\r\n\t\t\t\t\t\t\t\t\t\t\t\t\t<a class=\"w-blog-post-more w-btn\" href=\"https:\/\/www.blumaq.com\/pt\/vicente-arzo\/\"><span class=\"w-btn-label\">Leer M\u00e1s<\/span><\/a>\r\n\t\t\t\t\t\t\t<\/div>\r\n\t\t<\/div>\r\n\t<\/article>\r\n\r\n<\/div><\/div><\/div><\/div><\/div><\/div><\/div><\/section><section class=\"l-section wpb_row height_medium\"><div class=\"l-section-h i-cf\"><div class=\"g-cols type_default valign_top\"><div class=\"vc_col-sm-12 wpb_column vc_column_container\"><div class=\"vc_column-inner\"><div class=\"wpb_wrapper\"><div class=\"w-separator type_invisible size_large thick_1 style_solid color_border cont_none\"><span class=\"w-separator-h\"><\/span><\/div><\/div><\/div><\/div><\/div><\/div><\/section>\n","protected":false},"excerpt":{"rendered":"Atleta Paral\u00edmpico com excelentes resultados desportivos, medalhista Europeu, Mundial e Paral\u00edmpico em v\u00e1rias modalidades desportivas, ciclismo, nata\u00e7\u00e3o, atletismo e triatlo. \u00c9, actualmente, o atleta espanhol mais galardoado da hist\u00f3ria na modalidade de ciclismo manual. Em atletismo, modalidades de lan\u00e7amento, disco, dardo e peso conseguiu ser Campe\u00e3o de Espanha e Recordista Nacional na modalidade de lan\u00e7amento...","protected":false},"author":3,"featured_media":0,"parent":0,"menu_order":0,"comment_status":"closed","ping_status":"closed","template":"","meta":{"_mi_skip_tracking":false},"_links":{"self":[{"href":"https:\/\/www.blumaq.com\/pt\/wp-json\/wp\/v2\/pages\/7655"}],"collection":[{"href":"https:\/\/www.blumaq.com\/pt\/wp-json\/wp\/v2\/pages"}],"about":[{"href":"https:\/\/www.blumaq.com\/pt\/wp-json\/wp\/v2\/types\/page"}],"author":[{"embeddable":true,"href":"https:\/\/www.blumaq.com\/pt\/wp-json\/wp\/v2\/users\/3"}],"replies":[{"embeddable":true,"href":"https:\/\/www.blumaq.com\/pt\/wp-json\/wp\/v2\/comments?post=7655"}],"version-history":[{"count":9,"href":"https:\/\/www.blumaq.com\/pt\/wp-json\/wp\/v2\/pages\/7655\/revisions"}],"predecessor-version":[{"id":8739,"href":"https:\/\/www.blumaq.com\/pt\/wp-json\/wp\/v2\/pages\/7655\/revisions\/8739"}],"wp:attachment":[{"href":"https:\/\/www.blumaq.com\/pt\/wp-json\/wp\/v2\/media?parent=7655"}],"curies":[{"name":"wp","href":"https:\/\/api.w.org\/{rel}","templated":true}]}}