{"id":6833,"date":"2018-08-10T16:10:02","date_gmt":"2018-08-10T16:10:02","guid":{"rendered":"http:\/\/w3.blumaq.com\/pt\/politica-de-cookies\/"},"modified":"2019-07-29T16:48:16","modified_gmt":"2019-07-29T14:48:16","slug":"politica-de-cookies","status":"publish","type":"page","link":"https:\/\/www.blumaq.com\/pt\/politica-de-cookies\/","title":{"rendered":"Pol\u00edtica de cookies"},"content":{"rendered":"<h2>Pol\u00edtica de <em>cookies<\/em><\/h2>\n<p>Um <em>cookie<\/em> \u00e9 um pequeno arquivo de texto que \u00e9 armazenado no seu navegador quando voc\u00ea visita quase qualquer p\u00e1gina da web. Sua utilidade \u00e9 que a web \u00e9 capaz de lembrar sua visita quando voc\u00ea voltar para navegar nessa p\u00e1gina. Os <em>cookies<\/em> geralmente armazenam informa\u00e7\u00f5es de natureza t\u00e9cnica, prefer\u00eancias pessoais, personaliza\u00e7\u00e3o de conte\u00fado, estat\u00edsticas de uso, links para redes sociais, acesso a contas de usu\u00e1rios, etc. O objetivo do <em>cookie<\/em> \u00e9 adaptar o conte\u00fado da web ao seu perfil e necessidades, sem <em>cookies<\/em> os servi\u00e7os oferecidos por qualquer p\u00e1gina seriam significativamente reduzidos. Para ver mais informa\u00e7\u00f5es sobre o que s\u00e3o <em>cookies<\/em>, que armazenam, como remover, desativar, etc., por favor, <a href=\"https:\/\/www.blumaq.com\/pt\/mas-informacion-sobre-las-cookies\/\">ser dirigida a este link<\/a>.<\/p>\n<h2><em>Cookies<\/em> utilizados neste site<\/h2>\n<p>Seguindo as diretrizes da Ag\u00eancia Espanhola de Prote\u00e7\u00e3o de Dados, procedemos ao detalhamento do uso de <em>cookies<\/em> feitos por este site para inform\u00e1-lo com a maior precis\u00e3o poss\u00edvel.<\/p>\n<p>Este site usa os seguintes <strong>cookies<\/strong>;<\/p>\n<ul>\n<li><em>Cookies de sess\u00e3o<\/em>, para garantir que os usu\u00e1rios que escrevem coment\u00e1rios no blog sejam aplicativos humanos e n\u00e3o automatizados. Desta forma, o <em>spam<\/em> \u00e9 combatido.<\/li>\n<\/ul>\n<p>Este site usa os seguintes <strong>cookies de terceiros<\/strong>:<\/p>\n<ul>\n<li><em>Google Analytics:<\/em> armazena <em>cookies<\/em> para poder compilar estat\u00edsticas sobre o tr\u00e1fego e volume de visitas a este site. Ao utilizar este site, voc\u00ea concorda com o processamento de informa\u00e7\u00f5es sobre voc\u00ea pelo Google. Portanto, o exerc\u00edcio de qualquer direito a esse respeito deve ser feito comunicando-se diretamente com o Google.<\/li>\n<li>Redes sociais: cada rede social usa seus pr\u00f3prios <em>cookies<\/em> para que voc\u00ea possa clicar nos bot\u00f5es <em>Curtir ou Compartilhar<\/em>.<\/li>\n<\/ul>\n<h2>Desativa\u00e7\u00e3o ou elimina\u00e7\u00e3o de <em>cookies<\/em><\/h2>\n<p>A qualquer momento, voc\u00ea pode exercer seu direito de desativar ou eliminar <em>cookies<\/em> deste site. Essas a\u00e7\u00f5es s\u00e3o executadas de maneira diferente, dependendo do navegador que voc\u00ea est\u00e1 usando. <a href=\"https:\/\/www.blumaq.com\/es\/mas-informacion-sobre-las-cookies\/#navegadores\">Aqui est\u00e1 um guia r\u00e1pido para os navegadores mais populares.<\/a><\/p>\n<h2>Notas adicionais<\/h2>\n<ul>\n<li>Nem este site nem seus representantes legais s\u00e3o respons\u00e1veis \u200b\u200bpelo conte\u00fado ou pela veracidade das pol\u00edticas de privacidade que terceiros mencionados nesta pol\u00edtica de <em>cookies<\/em> podem ter.<\/li>\n<li>Os navegadores da Web s\u00e3o as ferramentas respons\u00e1veis \u200b\u200bpelo armazenamento de <em>cookies<\/em> e, deste local, voc\u00ea deve exercer o seu direito de elimin\u00e1-los ou desativ\u00e1-los. Nem este website nem seus representantes legais podem garantir a manipula\u00e7\u00e3o correta ou incorreta dos cookies pelos navegadores acima mencionados.<\/li>\n<li>Em alguns casos, \u00e9 necess\u00e1rio instalar <em>cookies<\/em> para que o navegador n\u00e3o esque\u00e7a a decis\u00e3o de n\u00e3o aceit\u00e1-los.<\/li>\n<li>No caso de <em>cookies<\/em> do Google Analytics, a empresa armazena cookies em servidores nos Estados Unidos e concorda em n\u00e3o compartilhar com terceiros, exceto nos casos em que necess\u00e1rios para a opera\u00e7\u00e3o do sistema ou quando exigido por lei para tal efeito. Segundo o Google, n\u00e3o salva seu endere\u00e7o IP. A Google Inc. \u00e9 uma empresa que adere ao Acordo Safe Harbor e garante que todos os dados transferidos ser\u00e3o tratados com um n\u00edvel de prote\u00e7\u00e3o de acordo com os regulamentos europeus. Voc\u00ea pode consultar informa\u00e7\u00f5es detalhadas sobre este assunto neste link. Se voc\u00ea quiser informa\u00e7\u00f5es sobre o uso que o Google d\u00e1 aos <em>cookies<\/em>, anexamos esse outro link.<\/li>\n<li>Para quaisquer d\u00favidas ou perguntas sobre esta pol\u00edtica de <em>cookies<\/em>, n\u00e3o hesite em nos contatar atrav\u00e9s da se\u00e7\u00e3o de contato.<\/li>\n<\/ul>\n<p>Cookies Advisor \u00e9 um plugin para WordPress criado por Carlos Doral (webartesanal.com)<\/p>\n","protected":false},"excerpt":{"rendered":"<p>Pol\u00edtica de cookies Um cookie \u00e9 um pequeno arquivo de texto que \u00e9 armazenado no seu navegador quando voc\u00ea visita quase qualquer p\u00e1gina da web. Sua utilidade \u00e9 que a web \u00e9 capaz de lembrar sua visita quando voc\u00ea voltar para navegar nessa p\u00e1gina. Os cookies geralmente armazenam informa\u00e7\u00f5es de natureza t\u00e9cnica, prefer\u00eancias pessoais, personaliza\u00e7\u00e3o&#8230;<\/p>\n","protected":false},"author":3,"featured_media":0,"parent":0,"menu_order":0,"comment_status":"closed","ping_status":"closed","template":"","meta":{"_mi_skip_tracking":false},"_links":{"self":[{"href":"https:\/\/www.blumaq.com\/pt\/wp-json\/wp\/v2\/pages\/6833"}],"collection":[{"href":"https:\/\/www.blumaq.com\/pt\/wp-json\/wp\/v2\/pages"}],"about":[{"href":"https:\/\/www.blumaq.com\/pt\/wp-json\/wp\/v2\/types\/page"}],"author":[{"embeddable":true,"href":"https:\/\/www.blumaq.com\/pt\/wp-json\/wp\/v2\/users\/3"}],"replies":[{"embeddable":true,"href":"https:\/\/www.blumaq.com\/pt\/wp-json\/wp\/v2\/comments?post=6833"}],"version-history":[{"count":3,"href":"https:\/\/www.blumaq.com\/pt\/wp-json\/wp\/v2\/pages\/6833\/revisions"}],"predecessor-version":[{"id":10070,"href":"https:\/\/www.blumaq.com\/pt\/wp-json\/wp\/v2\/pages\/6833\/revisions\/10070"}],"wp:attachment":[{"href":"https:\/\/www.blumaq.com\/pt\/wp-json\/wp\/v2\/media?parent=6833"}],"curies":[{"name":"wp","href":"https:\/\/api.w.org\/{rel}","templated":true}]}}