{"id":6832,"date":"2018-08-10T16:10:02","date_gmt":"2018-08-10T16:10:02","guid":{"rendered":"http:\/\/w3.blumaq.com\/pt\/mas-informacion-sobre-las-cookies\/"},"modified":"2019-07-29T17:11:40","modified_gmt":"2019-07-29T15:11:40","slug":"mas-informacion-sobre-las-cookies","status":"publish","type":"page","link":"https:\/\/www.blumaq.com\/pt\/mas-informacion-sobre-las-cookies\/","title":{"rendered":"Mais informa\u00e7\u00f5es sobre cookies"},"content":{"rendered":"<h2>O que \u00e9 um <em>cookie<\/em>?<\/h2>\n<p>Um cookie \u00e9 um arquivo de texto <strong>inofensivo<\/strong> que \u00e9 armazenado em seu navegador quando voc\u00ea visita quase qualquer p\u00e1gina da web. A utilidade do cookie \u00e9 que o site \u00e9 capaz de lembrar sua visita quando voc\u00ea retorna para navegar nessa p\u00e1gina. Embora muitas pessoas n\u00e3o saibam, os cookies s\u00e3o usados \u200b\u200bh\u00e1 20 anos, quando os primeiros navegadores da World Wide Web apareceram.<\/p>\n<h2>O que N\u00c3O \u00e9 um <em>cookie<\/em>?<\/h2>\n<p>N\u00e3o \u00e9 um v\u00edrus, um Trojan, um worm, spam ou spyware, nem abre janelas pop-up.<\/p>\n<h2>Quais informa\u00e7\u00f5es s\u00e3o armazenadas por um <em>cookie<\/em>?<\/h2>\n<p>Os <em>cookies<\/em> geralmente n\u00e3o armazenam informa\u00e7\u00f5es confidenciais sobre voc\u00ea, como cart\u00f5es de cr\u00e9dito ou dados banc\u00e1rios, fotografias, seu ID ou informa\u00e7\u00f5es pessoais, etc. Os dados que eles mant\u00eam s\u00e3o de natureza t\u00e9cnica, prefer\u00eancias pessoais, personaliza\u00e7\u00e3o de conte\u00fados, etc.<\/p>\n<p>O servidor da web n\u00e3o o associa como pessoa, mas ao seu navegador da web. Na verdade, se voc\u00ea navega regularmente com o Internet Explorer e tentar navegar na web mesmo com o Firefox ou o Chrome, voc\u00ea ver\u00e1 que a web n\u00e3o percebe que voc\u00ea \u00e9 a mesma pessoa, porque na verdade voc\u00ea est\u00e1 associando o navegador, n\u00e3o a pessoa.<\/p>\n<h2>Que tipo de biscoitos existem?<\/h2>\n<ul>\n<li><em>T\u00e9cnicas de cookies<\/em>: Eles s\u00e3o os mais b\u00e1sicos e permitir, entre outras coisas, para saber quando voc\u00ea est\u00e1 navegando um ser humano ou um aplicativo automatizado, quando um utilizador an\u00f3nimo navega e registrado, tarefas b\u00e1sicas para a execu\u00e7\u00e3o de qualquer web din\u00e2mico.<\/li>\n<li><em>Cookies de an\u00e1lise<\/em>: Eles coletam informa\u00e7\u00f5es sobre o tipo de navega\u00e7\u00e3o que voc\u00ea est\u00e1 fazendo, as se\u00e7\u00f5es que voc\u00ea mais usa, os produtos consultados, o fuso hor\u00e1rio de uso, o idioma, etc.<\/li>\n<li><em>Cookies de publicidade<\/em>: exiba publicidade com base em sua navega\u00e7\u00e3o, pa\u00eds de origem, idioma etc.<\/li>\n<\/ul>\n<h2>O que s\u00e3o <em>cookies<\/em> pr\u00f3prios e de terceiros?<\/h2>\n<p>Os <em>cookies<\/em> pr\u00f3prios s\u00e3o aqueles gerados pela p\u00e1gina que voc\u00ea est\u00e1 visitando e os de terceiros s\u00e3o aqueles gerados por servi\u00e7os ou provedores externos, como Facebook, Twitter, Google, etc.<\/p>\n<h2>O que acontece se eu desativar os <em>cookies<\/em>?<\/h2>\n<p>Para entender o escopo que pode ter <em>cookies<\/em> desativados, mostramos alguns exemplos:<\/p>\n<ul>\n<li>Voc\u00ea n\u00e3o pode compartilhar o conte\u00fado desse site no Facebook, Twitter ou qualquer outra rede social.<\/li>\n<li>O site n\u00e3o poder\u00e1 adaptar o conte\u00fado \u00e0s suas prefer\u00eancias pessoais, como \u00e9 frequentemente o caso nas lojas online.<\/li>\n<li>Voc\u00ea n\u00e3o pode acessar a \u00e1rea pessoal do site, como Minha conta ou Meu perfil ou Meus pedidos.<\/li>\n<li>Lojas on-line: ser\u00e1 imposs\u00edvel fazer compras on-line, elas precisar\u00e3o ser telefone ou visitar a loja f\u00edsica, se voc\u00ea tiver.<\/li>\n<li>N\u00e3o ser\u00e1 poss\u00edvel personalizar suas prefer\u00eancias geogr\u00e1ficas como fuso hor\u00e1rio, moeda ou idioma.<\/li>\n<li>O site n\u00e3o poder\u00e1 realizar an\u00e1lises da Web sobre visitantes e tr\u00e1fego na Web, o que dificultar\u00e1 a competitividade do site.<\/li>\n<li>Voc\u00ea n\u00e3o pode escrever no blog, voc\u00ea n\u00e3o pode fazer upload de fotos, postar coment\u00e1rios, avaliar ou classificar o conte\u00fado. A Web n\u00e3o poder\u00e1 saber se voc\u00ea \u00e9 um aplicativo humano ou automatizado que publica spam.<\/li>\n<li>N\u00e3o ser\u00e1 poss\u00edvel mostrar publicidade setorizada, o que reduzir\u00e1 a receita de publicidade da web.<\/li>\n<li>Todas as redes sociais usam cookies, se voc\u00ea desativ\u00e1-los voc\u00ea n\u00e3o pode usar qualquer rede social.<\/li>\n<\/ul>\n<h2>Os cookies podem ser exclu\u00eddos?<\/h2>\n<p>Sim. N\u00e3o apenas excluir, tamb\u00e9m bloquear, de uma maneira geral ou particular para um dom\u00ednio espec\u00edfico.<\/p>\n<p>Para remover os <em>cookies<\/em> de um site voc\u00ea deve ir para a configura\u00e7\u00e3o do seu navegador e l\u00e1 voc\u00ea pode pesquisar o associado ao dom\u00ednio em quest\u00e3o e proceder \u00e0 sua remo\u00e7\u00e3o.<\/p>\n<h2>Configurando <em>cookies<\/em> para os navegadores mais populares<\/h2>\n<p>Veja como acessar um <em>cookie<\/em> espec\u00edfico no navegador Google <strong>Chrome<\/strong>. Nota: estas etapas podem variar dependendo da vers\u00e3o do navegador:<\/p>\n<ul>\n<li>V\u00e1 para Configura\u00e7\u00f5es ou Prefer\u00eancias atrav\u00e9s do menu Arquivo ou clicando no \u00edcone de personaliza\u00e7\u00e3o que aparece no canto superior direito.<\/li>\n<li>Voc\u00ea ver\u00e1 se\u00e7\u00f5es diferentes, clique na op\u00e7\u00e3o <em>Mostrar op\u00e7\u00f5es avan\u00e7adas<\/em>.<\/li>\n<li><em>V\u00e1 para Privacidade, Configura\u00e7\u00f5es de Conte\u00fado<\/em>.<\/li>\n<li>Selecione Todos os<em> cookies<\/em> e dados do site.<\/li>\n<li>Uma lista com todos os <em>cookies<\/em> encomendados por dom\u00ednio ser\u00e1 exibida. Para facilitar a localiza\u00e7\u00e3o dos <em>cookies<\/em> de um dom\u00ednio espec\u00edfico, insira o endere\u00e7o parcial ou totalmente no campo Pesquisar <em>cookies<\/em>.<\/li>\n<li>Depois de fazer este filtro, uma ou v\u00e1rias linhas com os <em>cookies<\/em> da web solicitada aparecem na tela. Agora voc\u00ea s\u00f3 tem que selecion\u00e1-lo e pressionar o X para prosseguir com sua elimina\u00e7\u00e3o.<\/li>\n<\/ul>\n<p>Para acessar as configura\u00e7\u00f5es de cookie do navegador <strong>Internet Explorer<\/strong>, siga estas etapas (pode variar dependendo da vers\u00e3o do navegador):<\/p>\n<ul>\n<li>V\u00e1 para Ferramentas, Op\u00e7\u00f5es da Internet<\/li>\n<li>Clique em Privacidade.<\/li>\n<li>Mova o controle deslizante para ajustar o n\u00edvel de privacidade desejado.<\/li>\n<\/ul>\n<p>Para acessar as configura\u00e7\u00f5es de cookie do navegador <strong>Firefox<\/strong>, siga estas etapas (pode variar dependendo da vers\u00e3o do navegador):<\/p>\n<ul>\n<li>V\u00e1 para Op\u00e7\u00f5es ou Prefer\u00eancias de acordo com o seu sistema operacional.<\/li>\n<li>Clique em Privacidade.<\/li>\n<li>No Hist\u00f3rico, escolha Usar configura\u00e7\u00f5es personalizadas para o hist\u00f3rico.<\/li>\n<li>Agora voc\u00ea ver\u00e1 a op\u00e7\u00e3o<\/li>\n<\/ul>\n","protected":false},"excerpt":{"rendered":"<p>O que \u00e9 um cookie? Um cookie \u00e9 um arquivo de texto inofensivo que \u00e9 armazenado em seu navegador quando voc\u00ea visita quase qualquer p\u00e1gina da web. A utilidade do cookie \u00e9 que o site \u00e9 capaz de lembrar sua visita quando voc\u00ea retorna para navegar nessa p\u00e1gina. Embora muitas pessoas n\u00e3o saibam, os cookies&#8230;<\/p>\n","protected":false},"author":3,"featured_media":0,"parent":0,"menu_order":0,"comment_status":"closed","ping_status":"closed","template":"","meta":{"_mi_skip_tracking":false},"_links":{"self":[{"href":"https:\/\/www.blumaq.com\/pt\/wp-json\/wp\/v2\/pages\/6832"}],"collection":[{"href":"https:\/\/www.blumaq.com\/pt\/wp-json\/wp\/v2\/pages"}],"about":[{"href":"https:\/\/www.blumaq.com\/pt\/wp-json\/wp\/v2\/types\/page"}],"author":[{"embeddable":true,"href":"https:\/\/www.blumaq.com\/pt\/wp-json\/wp\/v2\/users\/3"}],"replies":[{"embeddable":true,"href":"https:\/\/www.blumaq.com\/pt\/wp-json\/wp\/v2\/comments?post=6832"}],"version-history":[{"count":3,"href":"https:\/\/www.blumaq.com\/pt\/wp-json\/wp\/v2\/pages\/6832\/revisions"}],"predecessor-version":[{"id":10071,"href":"https:\/\/www.blumaq.com\/pt\/wp-json\/wp\/v2\/pages\/6832\/revisions\/10071"}],"wp:attachment":[{"href":"https:\/\/www.blumaq.com\/pt\/wp-json\/wp\/v2\/media?parent=6832"}],"curies":[{"name":"wp","href":"https:\/\/api.w.org\/{rel}","templated":true}]}}