{"id":3,"date":"2018-08-06T09:45:56","date_gmt":"2018-08-06T09:45:56","guid":{"rendered":"http:\/\/w3.blumaq.com\/pt\/?page_id=3"},"modified":"2019-09-04T12:31:48","modified_gmt":"2019-09-04T10:31:48","slug":"politica-privacidade","status":"publish","type":"page","link":"https:\/\/www.blumaq.com\/pt\/politica-privacidade\/","title":{"rendered":"Pol\u00edtica de privacidade"},"content":{"rendered":"<p><a name=\"_Toc511317878\"><\/a><strong>POL\u00cdTICA DE PRIVACIDADE <\/strong><\/p>\n<p>Em conformidade com o estabelecido no artigo 13 do Regulamento (UE) 2016\/679 do Parlamento Europeu e do Conselho de 27 de Abril de 2016 relativo \u00e0 protec\u00e7\u00e3o das pessoas f\u00edsicas no que respeita o tratamento de dados pessoas e \u00e0 livre circula\u00e7\u00e3o dos mesmos e por isso se revoga a Directiva 95\/46\/CE (Regulamento Geral de Protec\u00e7\u00e3o de Dados), fornecemos aos utilizadores a seguinte informa\u00e7\u00e3o:<\/p>\n<ol>\n<li><strong>Quem \u00e9 o Responsav\u00e9l do tratamento dos seus dados?<\/strong><\/li>\n<\/ol>\n<table>\n<tbody>\n<tr>\n<td width=\"198\"><strong>TITULAR:<\/strong><\/td>\n<td width=\"368\">BLUMAQ, S.A. (a partir de agora Blumaq)<\/td>\n<\/tr>\n<tr>\n<td width=\"198\"><strong>CIF:<\/strong><\/td>\n<td width=\"368\">A12329223<\/td>\n<\/tr>\n<tr>\n<td width=\"198\"><strong>DOMIC\u00cdLIO SOCIAL<\/strong><\/td>\n<td width=\"368\">Pol.Industrial Belcaire, 202<\/p>\n<p>12600-Vall De Ux\u00f3<\/td>\n<\/tr>\n<tr>\n<td width=\"198\"><strong>TELEFONE<\/strong><\/td>\n<td width=\"368\">964697030<\/td>\n<\/tr>\n<tr>\n<td width=\"198\"><strong>CORREIO ELECTR\u00d3NICO<\/strong><\/td>\n<td width=\"368\">mail@blumaq.com<\/td>\n<\/tr>\n<\/tbody>\n<\/table>\n<ol start=\"2\">\n<li><strong>Com que finalidade tratamos os seus dados pessoais e qual a base de legitima\u00e7\u00e3o que a sustenta? <\/strong><\/li>\n<\/ol>\n<p>Na Blumaq recolhemos e tratamos os dados de car\u00e1cter pessoal com as seguintes finalidades:<\/p>\n<table>\n<tbody>\n<tr>\n<td colspan=\"3\" width=\"566\"><strong>UTILIZADORES INTERNET<\/strong><\/td>\n<\/tr>\n<tr>\n<td width=\"245\"><strong>FINALIDADE<\/strong><\/td>\n<td width=\"142\"><strong>BASE DE LEGITIMA\u00c7\u00c3O<\/strong><\/td>\n<td width=\"179\"><strong>CATEGOR\u00cdAS DE DATOS TRATADOS<\/strong><\/td>\n<\/tr>\n<tr>\n<td width=\"245\">Gest\u00e3o de registo de clientes no com a finalidade de oferecer produtos e processar pedidos, factura\u00e7\u00e3o e entregas.<\/td>\n<td width=\"142\">Consentimento inequ\u00edvoco do interesado.<\/p>\n<p>Execu\u00e7\u00e3o de uma ficha de cliente.<\/td>\n<td rowspan=\"2\" width=\"179\">Identificativos: nome, apelidos, CC\u2026<\/p>\n<p>Contacto: telefone, mail, morada\u2026<\/p>\n<p>&nbsp;<\/p>\n<p>Econ\u00f3micos<\/td>\n<\/tr>\n<tr>\n<td width=\"245\">Gest\u00e3o de consultas<\/td>\n<td width=\"142\">Medidas pr\u00e9-contratuais<\/p>\n<p>Execu\u00e7\u00e3o de uma ficha de cliente.<\/td>\n<\/tr>\n<\/tbody>\n<\/table>\n<p>&nbsp;<\/p>\n<table>\n<tbody>\n<tr>\n<td colspan=\"3\" width=\"566\"><strong>CANDIDATOS \/ POTENCIAIS CLIENTES \/ CLIENTES \/ FORNECEDORES<\/strong><\/td>\n<\/tr>\n<tr>\n<td width=\"245\"><strong>FINALIDADE<\/strong><\/td>\n<td width=\"142\"><strong>BASE DE LEGITIMA\u00c7\u00c3O<\/strong><\/td>\n<td width=\"179\"><strong>CATEGORIAS DE DADOS TRATADOS<\/strong><\/td>\n<\/tr>\n<tr>\n<td width=\"245\">Gest\u00e3o de candidatos mediante o envio de CV com a finalidade de avaliar uma poss\u00edvel contrata\u00e7\u00e3o.<\/td>\n<td width=\"142\">Consentimento inequ\u00edvoco do interessado.<\/td>\n<td rowspan=\"5\" width=\"179\">Caractr\u00edsticas pessoais: data de nascimento, nacionalidade, idade&#8230;<\/p>\n<p>&nbsp;<\/p>\n<p>Identificativos: nome, apelidos, CC&#8230;<\/p>\n<p>Contacto: telefone, mail, morada\u2026<\/p>\n<p>&nbsp;<\/p>\n<p>Circunst\u00e2ncias sociais: passatempos e estilos de vida<\/p>\n<p>&nbsp;<\/p>\n<p>Acad\u00e9micos e profissionais<\/p>\n<p>&nbsp;<\/td>\n<\/tr>\n<tr>\n<td width=\"245\">Gest\u00e3o de potenciais clientes com a finalidade de oferecer servi\u00e7os e produtos.<\/td>\n<td width=\"142\">Consentimento inequ\u00edvoco do interessado.<\/p>\n<p>Rela\u00e7\u00e3o pr\u00e9-contratual<\/td>\n<\/tr>\n<tr>\n<td width=\"245\">&nbsp;<\/p>\n<p>Gest\u00e3o administrativa dos clientes para a venda, factura\u00e7\u00e3o e envio de produtos.<\/p>\n<p>&nbsp;<\/td>\n<td width=\"142\">Execu\u00e7\u00e3o de uma ficha de cliente.<\/td>\n<\/tr>\n<tr>\n<td width=\"245\">Gest\u00e3o administrativa dos fornecedores para a compra de produtos.<\/td>\n<td width=\"142\">Medidas pr\u00e9-contratuais<\/p>\n<p>Rela\u00e7\u00e3o contratual<\/td>\n<\/tr>\n<tr>\n<td width=\"245\">Envio de comunica\u00e7\u00f5es comerciais<\/td>\n<td width=\"142\">Rela\u00e7\u00e3o contratual<\/p>\n<p>Consentimento<\/td>\n<\/tr>\n<\/tbody>\n<\/table>\n<ol start=\"3\">\n<li><strong>Como obtivemos os seus dados e por quanto tempo guardamos os seus dados pessoais?<\/strong><\/li>\n<\/ol>\n<p>Os dados pessoais foram facultados por si atrav\u00e9s dos formul\u00e1rios preenchidos ou mediante contacto pessoal da empresa e ser\u00e3o conservados durante o tempo necess\u00e1rio para a realiza\u00e7\u00e3o das finalidades para que foram recolhidos, desde que n\u00e3o exer\u00e7a o seu direito de supress\u00e3o ou revers\u00e3o do consentimento.<\/p>\n<p>Neste caso, os seus dados ser\u00e3o bloqueados e conservados para atender a poss\u00edveis responsabilidades derivadas do tratamento conforme os prazos legalmente estabelecidos.<\/p>\n<p>A respeito da gest\u00e3o de candidatos, os CV ser\u00e3o conservados durante 12 meses desde a \u00faltima actualiza\u00e7\u00e3o do mesmo. A partir deste per\u00edodo, ser\u00e3o suprimidos os que n\u00e3o foram actualizados, salvo se nos indicar um per\u00edodo menor.<\/p>\n<ol start=\"4\">\n<li><strong>Quais destinat\u00e1rios comunicar\u00e3o os seus dados pessoais?<\/strong><\/li>\n<\/ol>\n<p>Os dados pessoais poder\u00e3o ser comunicados aos seguintes destinat\u00e1rios:<\/p>\n<ul>\n<li>Bancos e entidades financeiras.<\/li>\n<li>Entidades de informa\u00e7\u00e3o de solv\u00eancia de cr\u00e9dito patrimonial.<\/li>\n<li>Escrit\u00f3rio de consumidores e utilizadores perante alguma reclama\u00e7\u00e3o.<\/li>\n<li>Em virtude do estabelecido na Lei, como \u00e9 o caso das For\u00e7as e Corpos de Seguran\u00e7a.<\/li>\n<li>\u00c0s administra\u00e7\u00f5es p\u00fablicas \u00e0s quais a Blumaq tenha que facilitar informa\u00e7\u00e3o com motivo do cumprimento das nossas obriga\u00e7\u00f5es legais.<\/li>\n<li>Empresas do grupo<\/li>\n<\/ul>\n<ol start=\"5\">\n<li><strong>Quais os seus direitos quando nos faculta os seus dados pessoais?<\/strong><\/li>\n<\/ol>\n<p>Voc\u00ea pode exercer os seus direitos por escrito anexando uma c\u00f3pia do seu CC ou documento que o identifique, para a seguinte morada: Pol. Industrial Belcaire, 202, 12600 Vall de Ux\u00f3, ou por mail para\u00a0<a href=\"mailto:gdpr@blumaq.com\">gdpr@blumaq.com<\/a><\/p>\n<p>Assim, informamos que quando n\u00e3o se obteve satisfa\u00e7\u00e3o no exerc\u00edcio dos seus direitos ou a forma de os exercer poder\u00e1 apresentar uma reclama\u00e7\u00e3o perante a Autoridade de Controlo.<\/p>\n<p>Deste modo, informamos-lhe de que quando n\u00e3o se h\u00e1 obtido satisfa\u00e7\u00e3o no exerc\u00edcio dos seus direitos ou na forma de exerc\u00ea-los poder\u00e1 apresentar uma reclama\u00e7\u00e3o perante a Autoridade de Controlo. Se quiser conhecer mais informa\u00e7\u00e3o sobre esse direito e como exerc\u00ea-lo pode dirigir-se \u00e0 AEPD:<\/p>\n<ul>\n<li><a href=\"http:\/\/www.agpd.es\">http:\/\/www.agpd.es<\/a> 901 100 099 y 912 663 517. C\/ Jorge Juan, 6, 28001 Madrid.<\/li>\n<\/ul>\n<p>As pessoas interessadas t\u00eam direito a aceder aos seus dados pessoais, assim como a solicitar a rectifica\u00e7\u00e3o dos dados incorrectos ou, no seu caso, solicitar a supress\u00e3o quando, entre outros motivos, os daods j\u00e1 n\u00e3o sejam necess\u00e1rios para os fins com que foram recolhidos.<\/p>\n<p>Em determinadas circunst\u00e2ncias, os interessados poder\u00e3o solicitar a limita\u00e7\u00e3o do tratamento dos seus dados, nesse caso unicamente conservaremos para o exerc\u00edcio ou para a defesa de reclama\u00e7\u00f5es.<br \/>\nEm determinadas circunst\u00e2ncias e por motivos relacionados com a sua situa\u00e7\u00e3o em particular, os interessados podem opor-se ao tratamento dos seus dados. A Blumaq deixar\u00e1 de tratar os seus dados, salvo por motivos leg\u00edtimos, ou no exerc\u00edcio ou defesa de poss\u00edveis reclama\u00e7\u00f5es.<\/p>\n<p>Em determinadas circunst\u00e2ncias, o interessado ter\u00e1 direito a receber os dados pessoais que lhe perten\u00e7am, que nos facilitou, num formato estruturado, de uso comum e leitura mec\u00e2nica e a transmiti-los a outro respons\u00e1vel do tratamento.<\/p>\n<p>As pessoas interessadas ter\u00e3o direito a opor-se, por motivos relacionados com a sua situa\u00e7\u00e3o particular e sem que existam motivos leg\u00edtimos que prevale\u00e7am sobre os interesses, direitos e liberdades do interessado, que os dados pessoais que lhe digam respeito sejam objecto de tratamento baseado no cumprimento de uma miss\u00e3o realizada com interesse p\u00fablico ou em exerc\u00edcio de poderes p\u00fablicos ou para a satisfa\u00e7\u00e3o de interesses leg\u00edtimos da Blumaq, incluindo a elabora\u00e7\u00e3o de perfis.<\/p>\n","protected":false},"excerpt":{"rendered":"<p>POL\u00cdTICA DE PRIVACIDADE Em conformidade com o estabelecido no artigo 13 do Regulamento (UE) 2016\/679 do Parlamento Europeu e do Conselho de 27 de Abril de 2016 relativo \u00e0 protec\u00e7\u00e3o das pessoas f\u00edsicas no que respeita o tratamento de dados pessoas e \u00e0 livre circula\u00e7\u00e3o dos mesmos e por isso se revoga a Directiva 95\/46\/CE&#8230;<\/p>\n","protected":false},"author":3,"featured_media":0,"parent":0,"menu_order":0,"comment_status":"closed","ping_status":"open","template":"","meta":{"_mi_skip_tracking":false},"_links":{"self":[{"href":"https:\/\/www.blumaq.com\/pt\/wp-json\/wp\/v2\/pages\/3"}],"collection":[{"href":"https:\/\/www.blumaq.com\/pt\/wp-json\/wp\/v2\/pages"}],"about":[{"href":"https:\/\/www.blumaq.com\/pt\/wp-json\/wp\/v2\/types\/page"}],"author":[{"embeddable":true,"href":"https:\/\/www.blumaq.com\/pt\/wp-json\/wp\/v2\/users\/3"}],"replies":[{"embeddable":true,"href":"https:\/\/www.blumaq.com\/pt\/wp-json\/wp\/v2\/comments?post=3"}],"version-history":[{"count":3,"href":"https:\/\/www.blumaq.com\/pt\/wp-json\/wp\/v2\/pages\/3\/revisions"}],"predecessor-version":[{"id":10069,"href":"https:\/\/www.blumaq.com\/pt\/wp-json\/wp\/v2\/pages\/3\/revisions\/10069"}],"wp:attachment":[{"href":"https:\/\/www.blumaq.com\/pt\/wp-json\/wp\/v2\/media?parent=3"}],"curies":[{"name":"wp","href":"https:\/\/api.w.org\/{rel}","templated":true}]}}