{"id":10253,"date":"2020-01-27T14:38:20","date_gmt":"2020-01-27T13:38:20","guid":{"rendered":"https:\/\/www.blumaq.com\/pt\/?page_id=10253"},"modified":"2020-06-23T10:47:22","modified_gmt":"2020-06-23T08:47:22","slug":"trabalhar-com-a-gente-ok","status":"publish","type":"page","link":"https:\/\/www.blumaq.com\/pt\/trabalhar-com-a-gente-ok\/","title":{"rendered":"Trabalhar com a gente"},"content":{"rendered":"<section class=\"l-section wpb_row height_medium\"><div class=\"l-section-h i-cf\"><div class=\"g-cols type_default valign_top\"><div class=\"vc_col-sm-12 wpb_column vc_column_container\"><div class=\"vc_column-inner\"><div class=\"wpb_wrapper\">[rev_slider_vc alias=\u00bbwork\u00bb]<\/div><\/div><\/div><\/div><\/div><\/section><section class=\"l-section wpb_row height_medium\" style=\"margin-right: 40px !important;margin-left: 40px !important;\"><div class=\"l-section-h i-cf\"><div class=\"g-cols type_default valign_top vc_column-gap-1\"><div class=\"vc_col-sm-6 wpb_column vc_column_container\"><div class=\"vc_column-inner\"><div class=\"wpb_wrapper\">\r\n\t<div class=\"wpb_text_column \">\r\n\t\t<div class=\"wpb_wrapper\">\r\n\t\t\t<h3>Job contact<\/h3>\n\r\n\t\t<\/div>\r\n\t<\/div>\r\n<div class=\"w-separator type_default size_small thick_1 style_solid color_border cont_none\"><span class=\"w-separator-h\"><\/span><\/div><div class=\"w-iconbox iconpos_left style_outlined color_primary no_text\"><div class=\"w-iconbox-icon\" style=\"font-size:22px;\"><i class=\"fa fa-phone\"><\/i><\/div><div class=\"w-iconbox-meta\"><div class=\"w-iconbox-title\">+34 686 000 009<\/div><\/div><\/div><\/div><\/div><\/div>\n<div class=\"vc_col-sm-6 wpb_column vc_column_container\"><div class=\"vc_column-inner\"><div class=\"wpb_wrapper\">\r\n\t<div class=\"wpb_text_column \">\r\n\t\t<div class=\"wpb_wrapper\">\r\n\t\t\t\r\n\t\t<\/div>\r\n\t<\/div>\r\n\n<div class=\"vc_col-sm-6 wpb_column vc_column_container\"><div class=\"vc_column-inner\"><div class=\"wpb_wrapper\"><\/div><\/div><\/div>\n<h2>Trabalhar connosco<\/h2>\n<p>Preencha este formul\u00e1rio e entraremos em contato.<\/p>\n<form class=\"wpcf7-form\" action=\"\/registro.php\" enctype=\"multipart\/form-data\" method=\"POST\"><input name=\"idioma\" type=\"hidden\" value=\"pt\" \/><\/p>\n<h3>Nome (requerido)<\/h3>\n<p><input class=\"wpcf7-form-control wpcf7-text wpcf7-validates-as-requerido\" name=\"nombre\" required=\"true\" size=\"40\" type=\"text\" value=\"\" aria-required=\"true\" aria-invalid=\"false\" \/><\/p>\n<h3>sobrenomes(requerido)<br \/>\n<input class=\"wpcf7-form-control wpcf7-text wpcf7-validates-as-requerido\" name=\"apellidos\" required=\"true\" size=\"40\" type=\"text\" value=\"\" aria-required=\"true\" aria-invalid=\"false\" \/><\/h3>\n<h3>Email (requerido)<br \/>\n<input class=\"wpcf7-form-control wpcf7-text wpcf7-email wpcf7-validates-as-requerido wpcf7-validates-as-email\" name=\"email\" required=\"true\" size=\"40\" type=\"email\" value=\"\" aria-required=\"true\" aria-invalid=\"false\" \/><\/h3>\n<h3>Telefone<br \/>\n<input class=\"wpcf7-form-control wpcf7-text\" name=\"telefono\" size=\"40\" type=\"text\" value=\"\" aria-invalid=\"false\" \/><\/h3>\n<h3>Departamento ao qual voc\u00ea aspira:<\/h3>\n<br><input id=\"dep-1\" type=\"checkbox\" name=\"dep-1\" value=true \/> <label for=\"dep-1\">Administraci\u00f3n<\/label><br><input id=\"dep-2\" type=\"checkbox\" name=\"dep-2\" value=true \/> <label for=\"dep-2\">Almac\u00e9n<\/label><br><input id=\"dep-3\" type=\"checkbox\" name=\"dep-3\" value=true \/> <label for=\"dep-3\">Comercial<\/label><br><input id=\"dep-4\" type=\"checkbox\" name=\"dep-4\" value=true \/> <label for=\"dep-4\">Compras<\/label><br><input id=\"dep-10\" type=\"checkbox\" name=\"dep-10\" value=true \/> <label for=\"dep-10\">Oficina T\u00e9cnica<\/label><br><input id=\"dep-5\" type=\"checkbox\" name=\"dep-5\" value=true \/> <label for=\"dep-5\">Producci\u00f3n<\/label><br><input id=\"dep-6\" type=\"checkbox\" name=\"dep-6\" value=true \/> <label for=\"dep-6\">Publicidad y Comunicaci\u00f3n<\/label><br><input id=\"dep-7\" type=\"checkbox\" name=\"dep-7\" value=true \/> <label for=\"dep-7\">RRHH<\/label><br><input id=\"dep-8\" type=\"checkbox\" name=\"dep-8\" value=true \/> <label for=\"dep-8\">Taller<\/label><br><input id=\"dep-9\" type=\"checkbox\" name=\"dep-9\" value=true \/> <label for=\"dep-9\">TIC<\/label>\n<p>&nbsp;<\/p>\n<h3>Ubica\u00e7\u00e3o \u00e0 qual voc\u00ea aspira:<\/h3>\n<table border=\"0\" cellspacing=\"0\" cellpadding=\"0\">\n<tbody>\n<tr>\n<td><strong><label>Espanha<\/label><\/strong><\/td>\n<td><label><strong>Subsidi\u00e1rias<\/strong><\/label><\/td>\n<\/tr>\n<tr>\n<td><br><input id=\"esp-5\" type=\"checkbox\" name=\"esp-5\" value=\"true\" \/> <label for=\"esp-5\">Alicante<\/label><br><input id=\"esp-8\" type=\"checkbox\" name=\"esp-8\" value=\"true\" \/> <label for=\"esp-8\">Almer\u00eda<\/label><br><input id=\"esp-10\" type=\"checkbox\" name=\"esp-10\" value=\"true\" \/> <label for=\"esp-10\">Asturias<\/label><br><input id=\"esp-7\" type=\"checkbox\" name=\"esp-7\" value=\"true\" \/> <label for=\"esp-7\">Barcelona<\/label><br><input id=\"esp-1\" type=\"checkbox\" name=\"esp-1\" value=\"true\" \/> <label for=\"esp-1\">Central (Vall d\u00b4Uxo)<\/label><br><input id=\"esp-12\" type=\"checkbox\" name=\"esp-12\" value=\"true\" \/> <label for=\"esp-12\">Galicia<\/label><br><input id=\"esp-2\" type=\"checkbox\" name=\"esp-2\" value=\"true\" \/> <label for=\"esp-2\">Madrid<\/label><br><input id=\"esp-9\" type=\"checkbox\" name=\"esp-9\" value=\"true\" \/> <label for=\"esp-9\">M\u00e9rida<\/label><br><input id=\"esp-6\" type=\"checkbox\" name=\"esp-6\" value=\"true\" \/> <label for=\"esp-6\">Ponferrada<\/label><br><input id=\"esp-11\" type=\"checkbox\" name=\"esp-11\" value=\"true\" \/> <label for=\"esp-11\">Sevilla<\/label><br><input id=\"esp-4\" type=\"checkbox\" name=\"esp-4\" value=\"true\" \/> <label for=\"esp-4\">Tenerife<\/label><br><input id=\"esp-3\" type=\"checkbox\" name=\"esp-3\" value=\"true\" \/> <label for=\"esp-3\">Zaragoza<\/label><\/td>\n<td><br><input id=\"fil-13\" type=\"checkbox\" name=\"fil-13\" value=\"true\" \/> <label for=\"fil-13\">Chile<\/label><br><input id=\"fil-30\" type=\"checkbox\" name=\"fil-30\" value=\"true\" \/> <label for=\"fil-30\">China<\/label><br><input id=\"fil-20\" type=\"checkbox\" name=\"fil-20\" value=\"true\" \/> <label for=\"fil-20\">Estados Unidos<\/label><br><input id=\"fil-14\" type=\"checkbox\" name=\"fil-14\" value=\"true\" \/> <label for=\"fil-14\">Francia<\/label><br><input id=\"fil-31\" type=\"checkbox\" name=\"fil-31\" value=\"true\" \/> <label for=\"fil-31\">Indonesia<\/label><br><input id=\"fil-15\" type=\"checkbox\" name=\"fil-15\" value=\"true\" \/> <label for=\"fil-15\">Italia<\/label><br><input id=\"fil-28\" type=\"checkbox\" name=\"fil-28\" value=\"true\" \/> <label for=\"fil-28\">Kazajist\u00e1n<\/label><br><input id=\"fil-29\" type=\"checkbox\" name=\"fil-29\" value=\"true\" \/> <label for=\"fil-29\">Namibia<\/label><br><input id=\"fil-21\" type=\"checkbox\" name=\"fil-21\" value=\"true\" \/> <label for=\"fil-21\">Per\u00fa<\/label><br><input id=\"fil-17\" type=\"checkbox\" name=\"fil-17\" value=\"true\" \/> <label for=\"fil-17\">Portugal<\/label><br><input id=\"fil-16\" type=\"checkbox\" name=\"fil-16\" value=\"true\" \/> <label for=\"fil-16\">Ruman\u00eda<\/label><br><input id=\"fil-18\" type=\"checkbox\" name=\"fil-18\" value=\"true\" \/> <label for=\"fil-18\">Rusia<\/label><br><input id=\"fil-22\" type=\"checkbox\" name=\"fil-22\" value=\"true\" \/> <label for=\"fil-22\">Sud\u00e1frica<\/label><br><input id=\"fil-19\" type=\"checkbox\" name=\"fil-19\" value=\"true\" \/> <label for=\"fil-19\">Turqu\u00eda<\/label><br><input id=\"fil-23\" type=\"checkbox\" name=\"fil-23\" value=\"true\" \/> <label for=\"fil-23\">Zambia<\/label><\/td>\n<\/tr>\n<\/tbody>\n<\/table>\n<h3>Assunto<br \/>\n<input class=\"wpcf7-form-control wpcf7-text\" name=\"asunto\" size=\"40\" type=\"text\" value=\"\" aria-invalid=\"false\" \/><\/h3>\n<p>&nbsp;<\/p>\n<h3>Mensagem<\/h3>\n<p><textarea class=\"wpcf7-form-control wpcf7-textarea\" cols=\"40\" name=\"mensaje\" rows=\"10\" aria-invalid=\"false\"><\/textarea><br \/>\nJAnexar seu CV (PDF format)<br \/>\n<span class=\"wpcf7-form-control-wrap file-261\"><br \/>\n<input required=\"true\" onchange=\"validateFileType(this);\" id=\"fileName\" class=\"wpcf7-form-control wpcf7-file wpcf7-validates-as-required\" accept=\".pdf\" name=\"file-261\" size=\"40\" type=\"file\" aria-invalid=\"false\" \/><\/span><\/p>\n<p>Em conformidade com o estabelecido no Artigo 13\u00ba do Regulamento (UE) 2016\/679 do Parlamento Europeu e do Conselho de 27 de Abril de 2016 relativo \u00e0 protec\u00e7\u00e3o das pessoas f\u00edsicas no que respeita ao tratamento de dados pessoais e \u00e0 livre circula\u00e7\u00e3o destes dados, informamos-lhe que os seus dados pessoais ser\u00e3o tratados pela Blumaq com a finalidade de o manter informado de poss\u00edveis vagas a postos de trabalho que ocorram na nossa empresa e se ajustem ao seu perfil, assim como avaliar e gerir a sua solicita\u00e7\u00e3o neste caso. Este tratamento est\u00e1 legitimado pelo seu consentimento.<br \/>\nOs seus dados n\u00e3o ser\u00e3o cedidos a terceiros, nem transferidos internacionalmente. Voc\u00ea tem direito a aceder aos seus dados pessoais; solicitar a rectifica\u00e7\u00e3o dos dados incorrectos: solicitar a sua supress\u00e3o e opor-se a esse tratamento.<\/p>\n<p>Para obter informa\u00e7\u00e3o adicional e detalhada, sobre a protec\u00e7\u00e3o de dados de car\u00e1cter pessoal na Blumaq, na p\u00e1gina <a href=\"https:\/\/www.blumaq.com\/pt\/politica-privacidade\/\"> pol\u00edtica de privacidade.<\/a><span class=\"wpcf7-form-control-wrap acceptance-842\"><br \/>\n<span class=\"wpcf7-form-control wpcf7-acceptance\"><br \/>\n<span class=\"wpcf7-list-item\"><br \/>\n<label><br \/>\n<input name=\"acceptance-842\" required=\"true\" type=\"checkbox\" value=\"1\" aria-invalid=\"false\" \/><span class=\"wpcf7-list-item-label\">Aceito que os meus dados curriculares sejam tratados para me informar, avaliar e gerir poss\u00edveis vagas.<\/span><\/label><\/span><\/span><\/span><\/p>\n<p>&nbsp;<\/p>\n<div class=\"wpcf7-form-control-wrap\">\n<div class=\"wpcf7-form-control g-recaptcha wpcf7-recaptcha\" data-sitekey=\"6LfUhK8UAAAAAC0LMWsiPSBtIs_kTxRELLoIXFED\"><\/div>\n<p><noscript><\/p>\n<div class=\"grecaptcha-noscript\">\n            <iframe loading=\"lazy\" src=\"https:\/\/www.google.com\/recaptcha\/api\/fallback?k=6LfUhK8UAAAAAC0LMWsiPSBtIs_kTxRELLoIXFED\" frameborder=\"0\" scrolling=\"no\" width=\"310\" height=\"430\"><\/iframe><br \/>\n<textarea name=\"g-recaptcha-response\" rows=\"3\" cols=\"40\" placeholder=\"reCaptcha Response Here\"><\/textarea><\/div>\n<p><\/noscript><\/p>\n<p>&nbsp;<\/p>\n<\/div>\n<p><input id=\"boton\" class=\"wpcf7-form-control wpcf7-submit\" type=\"submit\" value=\"Enviar\" \/><\/p>\n<div id=\"correcto\" class=\"wpcf7-response-output wpcf7-display-none\">Seu curr\u00edculo foi enviado com sucesso.<\/div>\n<div id=\"incorrecto\" class=\"wpcf7-response-output wpcf7-display-none\">Ocorreu um erro ao registrar seu curr\u00edculo.<br \/>\nVerifique se os campos obrigat\u00f3rios foram inseridos.<\/div>\n<div id=\"captcha-error\" class=\"wpcf7-response-output wpcf7-display-none\">Ocorreu um erro ao registrar seu curr\u00edculo.<br \/>\nVerifique se voc\u00ea preencheu o Captcha.<\/div>\n<p><script type=\"text\/javascript\">\n   var query = window.location.search.substring(1);\n   var vars = query.split(\"&\");\n   if (vars[0] == \"register=true\") {\n      var element = document.getElementById(\"correcto\");\n      element.style.borderColor=\"#20b038\";\n      element.classList.remove(\"wpcf7-display-none\");\n   }\n   else if (vars[0] == \"register=false\") {\n      var element = document.getElementById(\"incorrecto\");\n      element.classList.remove(\"wpcf7-display-none\");\n   }\n   else if (vars[0] == \"captcha=false\") {\n      var element = document.getElementById(\"captcha-error\");\n      element.classList.remove(\"wpcf7-display-none\");\n   }\n<\/script><\/p>\n<p><script type=\"text\/javascript\">\n    function validateFileType(){\n        var fileName = document.getElementById(\"fileName\").value;\n        var idxDot = fileName.lastIndexOf(\".\") + 1;\n        var extFile = fileName.substr(idxDot, fileName.length).toLowerCase();\n        if (extFile==\"pdf\"){\n            \/\/TO DO\n        }else{\n            alert(\"Os arquivos que podem ser carregados est\u00e3o apenas em .PDF\");\n            document.getElementById(\"fileName\").value = \"\";\n        }   \n    }\n<\/script><\/p>\n<p><script src='https:\/\/www.google.com\/recaptcha\/api.js?hl=es'><\/script><\/p>\n<\/form>\n<p>&nbsp;<\/p>\n<\/div><\/div><\/div><\/div><\/div><\/section>\n<div style=\"width: 100%; background-color: #444444;\">\n<section class=\"l-section wpb_row height_medium ult-vc-hide-row vc_row-has-fill\" data-rtl=\"false\" data-row-effect-mobile-disable=\"true\" style=\"position: relative;\">\n<div class=\"upb_row_bg\" data-bg-override=\"0\" style=\"background: rgb(68, 68, 68); min-width: 1311px; left: 0px; width: 1311px;\"><\/div>\n<div class=\"l-section-h i-cf\">\n<div class=\"g-cols type_default valign_top\">\n<div class=\"vc_col-sm-3 wpb_column vc_column_container\">\n<div class=\"vc_column-inner\">\n<div class=\"wpb_wrapper\">\n<div class=\"w-image\">\n<div class=\"us-frame\">\n<p>\t\t\t<img loading=\"lazy\" width=\"150\" height=\"46\" src=\"https:\/\/www.blumaq.com\/en\/wp-content\/uploads\/sites\/15\/2019\/11\/logo_blanco_png.png\" class=\"attachment-full size-full\" alt=\"\"><\/p><\/div>\n<\/div>\n<\/div>\n<\/div>\n<\/div>\n<div class=\"vc_col-sm-3 wpb_column vc_column_container\">\n<div class=\"vc_column-inner\">\n<div class=\"wpb_wrapper\">\n<div class=\"w-tabs layout_default title_left icon_chevron iconpos_right accordion\">\n<div class=\"w-tabs-list items_1\">\n<div class=\"w-tabs-list-h\">\n<div class=\"w-tabs-item\"><a href=\"#1533804010889-c7d1f1aa-8580\" class=\"w-tabs-item-h\"><span class=\"w-tabs-item-title\">Produtos<\/span><\/a><\/div>\n<\/div>\n<\/div>\n<div class=\"w-tabs-sections\">\n<div class=\"w-tabs-sections-h\">\n<div class=\"w-tabs-section\" id=\"1533804010889-c7d1f1aa-8580\"><a style=\"color: #999999\" href=\"#1533804010889-c7d1f1aa-8580\" class=\"w-tabs-section-header\"><\/p>\n<div class=\"w-tabs-section-header-h\">\n<h5 class=\"w-tabs-section-title\">Produtos<\/h5>\n<div class=\"w-tabs-section-control\"><\/div>\n<\/div>\n<p><\/a><\/p>\n<div class=\"w-tabs-section-content\" style=\"display: none;\">\n<div class=\"w-tabs-section-content-h i-cf\">\n<div class=\"wpb_text_column \">\n<div class=\"wpb_wrapper\">\n<p><a style=\"color: #999999\" href=\"https:\/\/www.blumaq.com\/pt\/rodagem\">Rodagem<\/a> \/ <a style=\"color: #999999\" href=\"https:\/\/www.blumaq.com\/pt\/chassis\">Chassis<\/a> \/ <a style=\"color: #999999\" href=\"https:\/\/www.blumaq.com\/pt\/motor\">Motor<\/a> \/ <a style=\"color: #999999\" href=\"https:\/\/www.blumaq.com\/pt\/pecas-eletricas\">Pe\u00e7as el\u00e9tricas<\/a> \/ <a style=\"color: #999999\" href=\"https:\/\/www.blumaq.com\/pt\/filtros\">Filtros<\/a>\/ <a style=\"color: #999999\" href=\"https:\/\/www.blumaq.com\/pt\/productos\/componentes-cabine\">Componentes cabine<\/a> \/ <a style=\"color: #999999\" href=\"https:\/\/www.blumaq.com\/pt\/desgaste\">Desgaste<\/a> \/ <a style=\"color: #999999\" href=\"https:\/\/www.blumaq.com\/pt\/trem-forca\">Trem de for\u00e7a<\/a> \/ <a style=\"color: #999999\" href=\"https:\/\/www.blumaq.com\/pt\/freios\">Freios<\/a> \/ <a style=\"color: #999999\" href=\"https:\/\/www.blumaq.com\/pt\/hidraulica\">Hidr\u00e1ulica<\/a> \/ <a style=\"color: #999999\" href=\"https:\/\/www.blumaq.com\/pt\/ferragem\">Ferragem<\/a> \/ <a style=\"color: #999999\" href=\"https:\/\/www.blumaq.com\/pt\/produtos-manutencao\">Productos manuten\u00e7\u00e3o<\/a> \/ <a style=\"color: #999999\" href=\"https:\/\/www.blumaq.com\/pt\/rolamentos\">Rolamentos<\/a> \/ <a style=\"color: #999999\" href=\"https:\/\/www.blumaq.com\/pt\/orings-vedantes\">Kit orings<\/a> \/ <a style=\"color: #999999\" href=\"https:\/\/www.blumaq.com\/pt\/refrigeracao\">Refrigera\u00e7\u00e3o<\/a><\/p>\n<\/p><\/div><\/div>\n<\/div>\n<\/div>\n<\/div>\n<\/div>\n<\/div>\n<\/div>\n<\/div>\n<\/div>\n<\/div>\n<div class=\"vc_col-sm-3 wpb_column vc_column_container\">\n<div class=\"vc_column-inner\">\n<div class=\"wpb_wrapper\">\n<div class=\"w-tabs layout_default title_left icon_chevron iconpos_right accordion\">\n<div class=\"w-tabs-list items_1\">\n<div class=\"w-tabs-list-h\">\n<div class=\"w-tabs-item\"><a href=\"#1533804310913-707864c9-9c46\" class=\"w-tabs-item-h\"><span class=\"w-tabs-item-title\">Servi\u00e7os<\/span><\/a><\/div>\n<\/div>\n<\/div>\n<div class=\"w-tabs-sections\">\n<div class=\"w-tabs-sections-h\">\n<div class=\"w-tabs-section\" id=\"1533804310913-707864c9-9c46\"><a style=\"color: #999999\" href=\"#1533804310913-707864c9-9c46\" class=\"w-tabs-section-header\"><\/p>\n<div class=\"w-tabs-section-header-h\">\n<h5 class=\"w-tabs-section-title\">Servi\u00e7os<\/h5>\n<div class=\"w-tabs-section-control\"><\/div>\n<\/div>\n<p><\/a><\/p>\n<div class=\"w-tabs-section-content\" style=\"display: none;\">\n<div class=\"w-tabs-section-content-h i-cf\">\n<div class=\"wpb_text_column \">\n<div class=\"wpb_wrapper\">\n<p><a style=\"color: #999999\" href=\"https:\/\/www.blumaq.com\/pt\/servicos\" target=\"_blank\" rel=\"noopener noreferrer\">Assessoria t\u00e9cnica<\/a> \/ <a style=\"color: #999999\" href=\"https:\/\/www.blumaq.com\/pt\/servicos\" target=\"_blank\" rel=\"noopener noreferrer\">GarantIa<\/a> \/ <a style=\"color: #999999\" href=\"https:\/\/www.blumaq.com\/pt\/servicos\" target=\"_blank\" rel=\"noopener noreferrer\">Atendimento ao cliente<\/a><\/p>\n<\/p><\/div><\/div>\n<\/div>\n<\/div>\n<\/div>\n<\/div>\n<\/div>\n<\/div>\n<\/div>\n<\/div>\n<\/div>\n<div class=\"vc_col-sm-3 wpb_column vc_column_container\">\n<div class=\"vc_column-inner\">\n<div class=\"wpb_wrapper\">\n<div class=\"w-socials align_right style_default color_text index_1\" style=\"font-size:20px;\">\n<div class=\"w-socials-list\">\n<div class=\"w-socials-item facebook\">\n\t\t\t\t<a class=\"w-socials-item-link\" target=\"_blank\" href=\"https:\/\/www.facebook.com\/blumaq\" rel=\"noopener noreferrer\"><br \/>\n\t\t\t\t\t<span class=\"w-socials-item-link-hover\"><\/span><br \/>\n\t\t\t\t<\/a><\/p>\n<div class=\"w-socials-item-popup\">\n\t\t\t\t\t<span>Facebook<\/span>\n\t\t\t\t<\/div><\/div>\n<div class=\"w-socials-item linkedin\">\n\t\t\t\t<a class=\"w-socials-item-link\" target=\"_blank\" href=\"https:\/\/www.linkedin.com\/company\/blumaq-s-a-?trk=tyah&#038;trkInfo=tarId%3A1412150245428%2Ctas%3Ablumaq%2Cidx%3A2-1-4\" rel=\"noopener noreferrer\"><br \/>\n\t\t\t\t\t<span class=\"w-socials-item-link-hover\"><\/span><br \/>\n\t\t\t\t<\/a><\/p>\n<div class=\"w-socials-item-popup\">\n\t\t\t\t\t<span>LinkedIn<\/span>\n\t\t\t\t<\/div><\/div>\n<div class=\"w-socials-item youtube\">\n\t\t\t\t<a class=\"w-socials-item-link\" target=\"_blank\" href=\"https:\/\/www.youtube.com\/user\/BlumaqSA\" rel=\"noopener noreferrer\"><br \/>\n\t\t\t\t\t<span class=\"w-socials-item-link-hover\"><\/span><br \/>\n\t\t\t\t<\/a><\/p>\n<div class=\"w-socials-item-popup\">\n\t\t\t\t\t<span>YouTube<\/span>\n\t\t\t\t<\/div><\/div>\n<div class=\"w-socials-item instagram\">\n\t\t\t\t<a class=\"w-socials-item-link\" target=\"_blank\" href=\"https:\/\/www.instagram.com\/blumaq\/\" rel=\"noopener noreferrer\"><br \/>\n\t\t\t\t\t<span class=\"w-socials-item-link-hover\"><\/span><br \/>\n\t\t\t\t<\/a><\/p>\n<div class=\"w-socials-item-popup\">\n\t\t\t\t\t<span>Instagram<\/span>\n\t\t\t\t<\/div><\/div>\n<\/div>\n<\/div>\n<div class=\"w-image align_right\"><a href=\"https:\/\/www.blumaq.com\/es\/wp-content\/uploads\/2019\/02\/politica-calidad.pdf\" target=\"_blank\" rel=\"noopener noreferrer\"><img loading=\"lazy\" width=\"152\" height=\"71\" src=\"https:\/\/www.blumaq.com\/en\/wp-content\/uploads\/sites\/15\/2019\/11\/logo-boureau.png\" class=\"attachment-full size-full\" alt=\"\" sizes=\"(max-width: 152px) 100vw, 152px\"><\/a><\/div>\n<\/div>\n<\/div>\n<\/div>\n<div class=\"vc_col-sm-12 wpb_column vc_column_container\">\n<div class=\"vc_column-inner\">\n<div class=\"wpb_wrapper\">\n<div class=\"g-cols wpb_row type_default valign_top vc_inner \">\n<div class=\"vc_col-sm-12 wpb_column vc_column_container\">\n<div class=\"vc_column-inner\">\n<div class=\"wpb_wrapper\">\n<div class=\"wpb_text_column vc_custom_1533823366388\">\n<div class=\"wpb_wrapper\">\n<h6><strong>&nbsp;<\/strong><\/h6>\n<h6><strong>Delega\u00e7\u00f5es:<\/strong> Alicante | Almer\u00eda | Asturias | Barcelona | Galicia | Madrid | M\u00e9rida | Ponferrada | Sevilla | Tenerife | Zaragoza | Chile | United States | France | Portugal | Turkey | China | Russia | Italy | Romania | South Africa | Zambia | Peru<\/h6>\n<p><\/p>\n<h6><strong><a style=\"color=#ffffff; font-size: 12px;\" href=\"https:\/\/www.blumaq.com\/pt\/politica-privacidade\/\" target=\"_blank\" rel=\"noopener noreferrer\">Pol\u00edtica de privacidade<\/a><\/strong> \u00b7 <strong><a style=\"color=#ffffff; font-size: 12px;\" href=\"https:\/\/www.blumaq.com\/pt\/proteccao-datos\/\" target=\"_blank\" rel=\"noopener noreferrer\">Pol\u00edtica de prote\u00e7\u00e3o de dados<\/a><\/strong>\u00b7 <strong><a style=\"color=#ffffff; font-size: 12px;\" href=\"https:\/\/www.blumaq.com\/pt\/condicoes-gerais-de-venda\/\" target=\"_blank\" rel=\"noopener noreferrer\">Condi\u00e7\u00f5es Gerais De Venda<\/a><\/strong><\/h6>\n<\/p><\/div><\/div>\n<\/div>\n<\/div>\n<\/div>\n<\/div>\n<\/div>\n<\/div>\n<\/div>\n<\/div>\n<\/div>\n<\/section><\/div>\n<p><script type=\"text\/javascript\">\n\tif (window.$us === undefined) window.$us = {};\n\t$us.canvasOptions = ($us.canvasOptions || {});\n\t$us.canvasOptions.disableEffectsWidth = <?php echo intval( us_get_option( 'disable_effects_width', 900 ) ) ?>;\n\t$us.canvasOptions.responsive = <?php echo us_get_option( 'responsive_layout', TRUE ) ? 'true' : 'false' ?>;<\/p>\n<p>\t$us.langOptions = ($us.langOptions || {});\n\t$us.langOptions.magnificPopup = ($us.langOptions.magnificPopup || {});\n\t$us.langOptions.magnificPopup.tPrev = '<?php _e( 'Previous (Left arrow key)', 'us' ); ?>'; \/\/ Alt text on left arrow\n\t$us.langOptions.magnificPopup.tNext = '<?php _e( 'Next (Right arrow key)', 'us' ); ?>'; \/\/ Alt text on right arrow\n\t$us.langOptions.magnificPopup.tCounter = '<?php _ex( '%curr% of %total%', 'Example: 3 of 12', 'us' ); ?>'; \/\/ Markup for \"1 of 7\" counter<\/p>\n<p>\t$us.navOptions = ($us.navOptions || {});\n\t$us.navOptions.mobileWidth = <?php echo intval( us_get_option( 'menu_mobile_width', 900 ) ) ?>;\n\t$us.navOptions.togglable = <?php echo us_get_option( 'menu_togglable_type', TRUE ) ? 'true' : 'false' ?>;\n\t$us.ajaxLoadJs = <?php echo us_get_option( 'ajax_load_js', 0 ) ? 'true' : 'false' ?>;\n\t$us.templateDirectoryUri = '<?php global $us_template_directory_uri; echo $us_template_directory_uri; ?>';\n<\/script><\/p>\n","protected":false},"excerpt":{"rendered":"<p>Produtos Produtos Rodagem \/ Chassis \/ Motor \/ Pe\u00e7as el\u00e9tricas \/ Filtros\/ Componentes cabine \/ Desgaste \/ Trem de for\u00e7a \/ Freios \/ Hidr\u00e1ulica \/ Ferragem \/ Productos manuten\u00e7\u00e3o \/ Rolamentos \/ Kit orings \/ Refrigera\u00e7\u00e3o Servi\u00e7os Servi\u00e7os Assessoria t\u00e9cnica \/ GarantIa \/ Atendimento ao cliente Facebook LinkedIn YouTube Instagram &nbsp; Delega\u00e7\u00f5es: Alicante | Almer\u00eda&#8230;<\/p>\n","protected":false},"author":2,"featured_media":0,"parent":0,"menu_order":0,"comment_status":"closed","ping_status":"closed","template":"","meta":{"_mi_skip_tracking":false},"_links":{"self":[{"href":"https:\/\/www.blumaq.com\/pt\/wp-json\/wp\/v2\/pages\/10253"}],"collection":[{"href":"https:\/\/www.blumaq.com\/pt\/wp-json\/wp\/v2\/pages"}],"about":[{"href":"https:\/\/www.blumaq.com\/pt\/wp-json\/wp\/v2\/types\/page"}],"author":[{"embeddable":true,"href":"https:\/\/www.blumaq.com\/pt\/wp-json\/wp\/v2\/users\/2"}],"replies":[{"embeddable":true,"href":"https:\/\/www.blumaq.com\/pt\/wp-json\/wp\/v2\/comments?post=10253"}],"version-history":[{"count":7,"href":"https:\/\/www.blumaq.com\/pt\/wp-json\/wp\/v2\/pages\/10253\/revisions"}],"predecessor-version":[{"id":12371,"href":"https:\/\/www.blumaq.com\/pt\/wp-json\/wp\/v2\/pages\/10253\/revisions\/12371"}],"wp:attachment":[{"href":"https:\/\/www.blumaq.com\/pt\/wp-json\/wp\/v2\/media?parent=10253"}],"curies":[{"name":"wp","href":"https:\/\/api.w.org\/{rel}","templated":true}]}}