{"id":10132,"date":"2019-09-03T17:56:29","date_gmt":"2019-09-03T15:56:29","guid":{"rendered":"https:\/\/www.blumaq.com\/pt\/?page_id=10132"},"modified":"2019-10-21T12:10:19","modified_gmt":"2019-10-21T10:10:19","slug":"condicoes-gerais-de-venda","status":"publish","type":"page","link":"https:\/\/www.blumaq.com\/pt\/condicoes-gerais-de-venda\/","title":{"rendered":"CONDI\u00c7\u00d5ES GERAIS DE VENDA"},"content":{"rendered":"<h1>CONDI\u00c7\u00d5ES GERAIS DE VENDA<\/h1>\n<p><strong>1. ACEITA\u00c7\u00c3O.-<\/strong> O Cliente, ao realizar uma compra \u00e0 <strong>Blumaq Lda<\/strong>, aceita as presentes Condi\u00e7\u00f5es Gerais de Venda que s\u00e3o apresentadas neste documento no momento da compra.<\/p>\n<p><strong>2. ABERTURA DE CONTA.-<\/strong> O Cliente, antes de uma venda, dever\u00e1 combinar com a <strong>Blumaq Lda<\/strong> as Condi\u00e7\u00f5es Particulares de venda que se formalizar\u00e3o mediante a assinatura do formul\u00e1rio de Abertura de Conta, o qual ser\u00e1 devolvido, assinado e carimbado para os nossos escrit\u00f3rios. A <strong>Blumaq Lda<\/strong> reserva-se no direito de considerar um limite de Cr\u00e9dito a cada Cliente.<\/p>\n<p><strong>3. PRE\u00c7O.-<\/strong> O pre\u00e7o constante nos nossos or\u00e7amentos n\u00e3o inclui valor de transporte, nem valor dos impostos e s\u00e3o v\u00e1lidos por 15 dias.<\/p>\n<p><strong>4. ENTREGAS DE MATERIAL.-<\/strong> Para encomendas enviadas por transportadora: qualquer anomalia ou problema detectado na quantidade ou qualidade dos volumes recepcionados dever\u00e1 ser feita por escrito na senha do transportador e comunic\u00e1-la \u00e0 <strong>Blumaq Lda<\/strong> nas 24 horas seguintes \u00e1 recep\u00e7\u00e3o da mercadoria. Para encomendas a levantar ao balc\u00e3o: o cliente tem <strong>8 dias<\/strong>, ap\u00f3s o pedido estar completo, para proceder ao levantamento do material, sendo pass\u00edvel a altera\u00e7\u00e3o de prazos de entrega e pre\u00e7os, ap\u00f3s esse per\u00edodo.<\/p>\n<p><strong>5. RECLAMA\u00c7\u00d5ES.-<\/strong> As reclama\u00e7\u00f5es por poss\u00edveis erros nas mercadorias recebidas n\u00e3o ser\u00e3o admitidas ap\u00f3s <strong>quinze dias<\/strong> desde a sua recep\u00e7\u00e3o.<\/p>\n<p><strong>6. DEVOLU\u00c7\u00d5ES.-<\/strong> Para a admiss\u00e3o de uma devolu\u00e7\u00e3o de mercadoria vendida pela <strong>Blumaq Lda<\/strong>, o cliente dever\u00e1 previamente cumprir todos e cada um dos seguintes requisitos:<\/p>\n<p>\u2022 Que o cliente tenha contactado a <strong>Blumaq Lda<\/strong> para obter autoriza\u00e7\u00e3o da devolu\u00e7\u00e3o, com especifica\u00e7\u00e3o das refer\u00eancias<br \/>\ne quantidades que pretenda devolver, os n\u00fameros das facturas em que foram vendidas as mercadorias e motivos da devolu\u00e7\u00e3o;<br \/>\n\u2022 Que as mercadorias n\u00e3o tenham sido adquiridas pela <strong>Blumaq Lda<\/strong> especificamente para o Cliente por solicita\u00e7\u00e3o expressa do mesmo, ou seja, n\u00e3o ser\u00e3o aceites devolu\u00e7\u00f5es de material ORIGINAL ou pedido \u00e0 f\u00e1brica, salvo erro de identifica\u00e7\u00e3o por parte da <strong>Blumaq Lda<\/strong> ou defeito de fabrico.<br \/>\n\u2022 <strong><em>Nas situa\u00e7\u00f5es em que o motivo da devolu\u00e7\u00e3o n\u00e3o seja erro de embalagem, defeito de fabrico ou mal identificado por parte da Blumaq Lda, ser\u00e1 cobrada uma taxa de 12,5% sobre o valor do material.<\/em><\/strong><br \/>\n\u2022 Que o envio seja por conta do cliente.<\/p>\n<p><strong>7. GARANTIA.-<\/strong> Os produtos novos vendidos pela <strong>Blumaq Lda<\/strong>, gozam de uma garantia limitada de seis meses, desde a data de entrega dos mesmos contra todo e qualquer defeito de fabrica\u00e7\u00e3o sempre e quando estes se tenham utilizado sob condi\u00e7\u00f5es normais de uso e n\u00e3o tenham sido submetidos a modifica\u00e7\u00f5es ou altera\u00e7\u00f5es n\u00e3o autorizadas. A <strong>Blumaq Lda<\/strong> dever\u00e1 receber imediata comunica\u00e7\u00e3o assim que se suspeite de mau funcionamento de algum dos seus produtos, antes de proceder a qualquer manipula\u00e7\u00e3o ou desmontagem do mesmo.<\/p>\n<p>Como primeira condi\u00e7\u00e3o \u00e9 indispens\u00e1vel para a admiss\u00e3o de uma reclama\u00e7\u00e3o por garantia, a <strong>Blumaq Lda<\/strong> reserva-se no direito de efectuar quantas comprova\u00e7\u00f5es e an\u00e1lises sejam necess\u00e1rias antes de proceder \u00e0 aceita\u00e7\u00e3o de uma reclama\u00e7\u00e3o. As reclama\u00e7\u00f5es por garantia, quando admitidas pela <strong>Blumaq Lda<\/strong>, dar\u00e3o direito \u00e0 devolu\u00e7\u00e3o do valor pago pelo Cliente ou \u00e0 reposi\u00e7\u00e3o das pe\u00e7as defeituosas, caso o cliente opte pela sua substitui\u00e7\u00e3o. A <strong>Blumaq Lda<\/strong> n\u00e3o estar\u00e1, em caso algum, obrigada a indemnizar o cliente ou terceiros pelas consequ\u00eancias do uso dos seus produtos, sejam danos directos ou indirectos a pessoas ou a bens.<\/p>\n<p><strong>8. CONDI\u00c7\u00d5ES DE PAGAMENTO.-<\/strong> Os vencimentos e os meios de pagamento das facturas ser\u00e3o estabelecidos segundo o acordado nas Condi\u00e7\u00f5es Particulares do Documento de Abertura de Conta, aceite pelo cliente e ser\u00e3o indicados em cada uma das facturas.<\/p>\n<p>O Cliente dever\u00e1 pagar uma <strong>antecipa\u00e7\u00e3o de 50%<\/strong> do valor do material sempre que solicitado de pedidos feitos especificamente, como \u00e9 o caso de Material ORIGINAL ou pedido \u00e0 f\u00e1brica. Este adiantamento ser\u00e1 irrecuper\u00e1vel se o pedido for anulado pelo Cliente.<\/p>\n<p>Para clientes a cr\u00e9dito, as facturas tem de ser liquidadas no seu vencimento, com uma toler\u00e2ncia m\u00e1xima de 15 dias, ap\u00f3s o prazo acordado.<\/p>\n<p>O sistema bloqueia, automaticamente, o fornecimento de material, ap\u00f3s o prazo de vencimento acordado n\u00e3o ter sido cumprido.<\/p>\n<p>A <strong>Blumaq Lda<\/strong> deixar\u00e1 de fornecer material ao Cliente, em qualquer destes momentos:<br \/>\n\u2022 Um excesso no limite de cr\u00e9dito concedido.<br \/>\n\u2022 Que existam documentos vencidos, parcial ou totalmente.<br \/>\n\u2022 Uma solicita\u00e7\u00e3o, por parte do Cliente, de um prolongamento do prazo de pagamento.<br \/>\n\u2022 Se o Cliente se encontra em processo de insolv\u00eancia.<\/p>\n<p><strong>9. RESERVA DE DIREITO.-<\/strong> Sempre que o cliente n\u00e3o tenha satisfeito todas e cada uma das qualidades adequadas como consequ\u00eancia da venda, as mercadorias consideram-se propriedade da <strong>Blumaq Lda<\/strong>, com todos os seus direitos inerentes inclusive frente a terceiros aos quais o Cliente dever\u00e1 advertir expressamente de tal condi\u00e7\u00e3o.<\/p>\n","protected":false},"excerpt":{"rendered":"<p>CONDI\u00c7\u00d5ES GERAIS DE VENDA 1. ACEITA\u00c7\u00c3O.- O Cliente, ao realizar uma compra \u00e0 Blumaq Lda, aceita as presentes Condi\u00e7\u00f5es Gerais de Venda que s\u00e3o apresentadas neste documento no momento da compra. 2. ABERTURA DE CONTA.- O Cliente, antes de uma venda, dever\u00e1 combinar com a Blumaq Lda as Condi\u00e7\u00f5es Particulares de venda que se formalizar\u00e3o&#8230;<\/p>\n","protected":false},"author":3,"featured_media":0,"parent":0,"menu_order":0,"comment_status":"closed","ping_status":"closed","template":"","meta":{"_mi_skip_tracking":false},"_links":{"self":[{"href":"https:\/\/www.blumaq.com\/pt\/wp-json\/wp\/v2\/pages\/10132"}],"collection":[{"href":"https:\/\/www.blumaq.com\/pt\/wp-json\/wp\/v2\/pages"}],"about":[{"href":"https:\/\/www.blumaq.com\/pt\/wp-json\/wp\/v2\/types\/page"}],"author":[{"embeddable":true,"href":"https:\/\/www.blumaq.com\/pt\/wp-json\/wp\/v2\/users\/3"}],"replies":[{"embeddable":true,"href":"https:\/\/www.blumaq.com\/pt\/wp-json\/wp\/v2\/comments?post=10132"}],"version-history":[{"count":1,"href":"https:\/\/www.blumaq.com\/pt\/wp-json\/wp\/v2\/pages\/10132\/revisions"}],"predecessor-version":[{"id":10133,"href":"https:\/\/www.blumaq.com\/pt\/wp-json\/wp\/v2\/pages\/10132\/revisions\/10133"}],"wp:attachment":[{"href":"https:\/\/www.blumaq.com\/pt\/wp-json\/wp\/v2\/media?parent=10132"}],"curies":[{"name":"wp","href":"https:\/\/api.w.org\/{rel}","templated":true}]}}