{"id":7655,"date":"2018-08-13T10:47:55","date_gmt":"2018-08-13T10:47:55","guid":{"rendered":"http:\/\/w3.blumaq.com\/fr\/?page_id=7655"},"modified":"2018-10-05T08:30:58","modified_gmt":"2018-10-05T08:30:58","slug":"blumaq-social","status":"publish","type":"page","link":"https:\/\/www.blumaq.com\/fr\/blumaq-social\/","title":{"rendered":"blumaq social"},"content":{"rendered":"<section class=\"l-section wpb_row height_medium\" style=\"margin-top: 20px !important;\"><div class=\"l-section-h i-cf\"><div class=\"g-cols type_default valign_top\"><div class=\"vc_col-sm-12 wpb_column vc_column_container\"><div class=\"vc_column-inner\"><div class=\"wpb_wrapper\">\r\n\t<div class=\"wpb_text_column \">\r\n\t\t<div class=\"wpb_wrapper\">\r\n\t\t\t<h1 style=\"text-align: center;\">Plus qu\u2019une soci\u00e9t\u00e9<\/h1>\n\r\n\t\t<\/div>\r\n\t<\/div>\r\n<div class=\"g-cols wpb_row type_default valign_top vc_inner \"><div class=\"vc_col-sm-6 wpb_column vc_column_container\"><div class=\"vc_column-inner\"><div class=\"wpb_wrapper\">\r\n\t<div class=\"wpb_text_column  vc_custom_1538728240175\">\r\n\t\t<div class=\"wpb_wrapper\">\r\n\t\t\t<h2>Blumaq garantit son compromis avec l\u2019environnement en \u00e9tant pr\u00e9sent dans diff\u00e9rents domaines de la vie sociale et sportive. En pariant fort sur les projets et les personnes, nous partageons ainsi leurs projets et leur ambitions<\/h2>\n\r\n\t\t<\/div>\r\n\t<\/div>\r\n<\/div><\/div><\/div><div class=\"vc_col-sm-6 wpb_column vc_column_container\"><div class=\"vc_column-inner\"><div class=\"wpb_wrapper\">\r\n\t<div class=\"wpb_text_column  vc_custom_1538728249790\">\r\n\t\t<div class=\"wpb_wrapper\">\r\n\t\t\t<h5>Gr\u00e2ce a ces deux zones activit\u00e9s; Blumaq social collabore avec le monde sportif en soutenant des athl\u00e8tes dans diff\u00e9rentes disciplines et participe au financement de projets d\u2019Aide et de D\u00e9veloppement des secteurs les plus d\u00e9favoris\u00e9s.<\/h5>\n\r\n\t\t<\/div>\r\n\t<\/div>\r\n<\/div><\/div><\/div><\/div><\/div><\/div><\/div><\/div><\/div><\/section><section class=\"l-section wpb_row height_medium color_alternate\"><div class=\"l-section-h i-cf\"><div class=\"g-cols type_default valign_middle\"><div class=\"vc_col-sm-12 wpb_column vc_column_container\"><div class=\"vc_column-inner\"><div class=\"wpb_wrapper\">\t<div class=\"w-blog layout_cards cols_2 with_categories\" itemscope=\"itemscope\" itemtype=\"https:\/\/schema.org\/Blog\">\t<div class=\"w-blog-list\">\r\n\r\n\t<article class=\"w-blog-post sponsorship post-9735 post type-post status-publish format-standard has-post-thumbnail hentry category-sponsorship tag-motociclismo\" data-id=\"9735\" data-categories=\"sponsorship\">\r\n\t\t<div class=\"w-blog-post-h\">\r\n\t\t\t\t\t\t\t\t\t\t<a href=\"https:\/\/www.blumaq.com\/fr\/hma-racing\/\">\r\n\t\t\t\t\t<div class=\"w-blog-post-preview\">\r\n\t\t\t\t\t\t<img width=\"600\" height=\"400\" src=\"https:\/\/www.blumaq.com\/fr\/wp-content\/uploads\/sites\/16\/2019\/04\/hma-racing-600x400.jpg\" class=\"attachment-tnail-3x2 size-tnail-3x2 wp-post-image\" alt=\"\" loading=\"lazy\" \/>\t\t\t\t\t\t<span class=\"w-blog-post-preview-icon\" style=\"padding-bottom: 66.6667%;\"><\/span>\r\n\t\t\t\t\t<\/div>\r\n\t\t\t\t<\/a>\r\n\t\t\t\t\t\t<div class=\"w-blog-post-body\">\r\n\t\t\t\t<h2 class=\"w-blog-post-title\">\r\n\t\t\t\t\t<a class=\"entry-title\" rel=\"bookmark\" href=\"https:\/\/www.blumaq.com\/fr\/hma-racing\/\">HMA RACING<\/a>\r\n\t\t\t\t<\/h2>\r\n\r\n\t\t\t\t<div class=\"w-blog-post-meta\">\r\n\t\t\t\t\t<time class=\"w-blog-post-meta-date date updated\">1 abril, 2019<\/time><span class=\"w-blog-post-meta-author vcard author\"><a href=\"https:\/\/www.blumaq.com\/fr\/author\/admin\/\" class=\"fn\">admin<\/a><\/span><span class=\"w-blog-post-meta-category\"><a href=\"https:\/\/www.blumaq.com\/fr\/category\/sponsorship\/\" rel=\"category tag\">Patrocinios<\/a><\/span><span class=\"w-blog-post-meta-tags\"><a href=\"https:\/\/www.blumaq.com\/fr\/tag\/motociclismo\/\" rel=\"tag\">MOTORCYCLING<\/a><\/span>\t\t\t\t<\/div>\r\n\t\t\t\t\t\t\t\t\t<div class=\"w-blog-post-content\">\r\n\t\t\t\t\t\t<p>L\u2019\u00e9quipe HMA Racing fond\u00e9e par Tom\u00e1s Llopis Sala est un projet n\u00e9 dans le but d\u2019aider les jeunes coureurs \u00e0 atteindre le sommet de leurs cat\u00e9gories. Pour atteindre cet objectif, HMA Racing s\u2019est entour\u00e9, au cours des 4 derni\u00e8res ann\u00e9es, des meilleures \u00e9quipes techniques. Le r\u00e9sultat a \u00e9t\u00e9 une s\u00e9rie de motos tr\u00e8s comp\u00e9titives pour&#8230;<\/p>\n\t\t\t\t\t<\/div>\r\n\t\t\t\t\t\t\t\t\t\t\t\t\t<a class=\"w-blog-post-more w-btn\" href=\"https:\/\/www.blumaq.com\/fr\/hma-racing\/\"><span class=\"w-btn-label\">Leer M\u00e1s<\/span><\/a>\r\n\t\t\t\t\t\t\t<\/div>\r\n\t\t<\/div>\r\n\t<\/article>\r\n\r\n\r\n\r\n\t<article class=\"w-blog-post sponsorship post-9732 post type-post status-publish format-standard has-post-thumbnail hentry category-sponsorship tag-atletismo\" data-id=\"9732\" data-categories=\"sponsorship\">\r\n\t\t<div class=\"w-blog-post-h\">\r\n\t\t\t\t\t\t\t\t\t\t<a href=\"https:\/\/www.blumaq.com\/fr\/trilavall\/\">\r\n\t\t\t\t\t<div class=\"w-blog-post-preview\">\r\n\t\t\t\t\t\t<img width=\"600\" height=\"400\" src=\"https:\/\/www.blumaq.com\/fr\/wp-content\/uploads\/sites\/16\/2019\/04\/trilavall-600x400.png\" class=\"attachment-tnail-3x2 size-tnail-3x2 wp-post-image\" alt=\"\" loading=\"lazy\" \/>\t\t\t\t\t\t<span class=\"w-blog-post-preview-icon\" style=\"padding-bottom: 66.6667%;\"><\/span>\r\n\t\t\t\t\t<\/div>\r\n\t\t\t\t<\/a>\r\n\t\t\t\t\t\t<div class=\"w-blog-post-body\">\r\n\t\t\t\t<h2 class=\"w-blog-post-title\">\r\n\t\t\t\t\t<a class=\"entry-title\" rel=\"bookmark\" href=\"https:\/\/www.blumaq.com\/fr\/trilavall\/\">TRILAVALL<\/a>\r\n\t\t\t\t<\/h2>\r\n\r\n\t\t\t\t<div class=\"w-blog-post-meta\">\r\n\t\t\t\t\t<time class=\"w-blog-post-meta-date date updated\">1 abril, 2019<\/time><span class=\"w-blog-post-meta-author vcard author\"><a href=\"https:\/\/www.blumaq.com\/fr\/author\/admin\/\" class=\"fn\">admin<\/a><\/span><span class=\"w-blog-post-meta-category\"><a href=\"https:\/\/www.blumaq.com\/fr\/category\/sponsorship\/\" rel=\"category tag\">Patrocinios<\/a><\/span><span class=\"w-blog-post-meta-tags\"><a href=\"https:\/\/www.blumaq.com\/fr\/tag\/atletismo\/\" rel=\"tag\">ATHLETICS<\/a><\/span>\t\t\t\t<\/div>\r\n\t\t\t\t\t\t\t\t\t<div class=\"w-blog-post-content\">\r\n\t\t\t\t\t\t<p>Le club de triathlon Trilavall avec plus de 100 licenci\u00e9s, plus les partenaires. \u00c9galement avec une \u00e9cole de triathlon pour former les plus jeunes et contribuer \u00e0 leur d\u00e9veloppement int\u00e9gral.<\/p>\n\t\t\t\t\t<\/div>\r\n\t\t\t\t\t\t\t\t\t\t\t\t\t<a class=\"w-blog-post-more w-btn\" href=\"https:\/\/www.blumaq.com\/fr\/trilavall\/\"><span class=\"w-btn-label\">Leer M\u00e1s<\/span><\/a>\r\n\t\t\t\t\t\t\t<\/div>\r\n\t\t<\/div>\r\n\t<\/article>\r\n\r\n\r\n\r\n\t<article class=\"w-blog-post sponsorship post-9729 post type-post status-publish format-standard has-post-thumbnail hentry category-sponsorship tag-motociclismo\" data-id=\"9729\" data-categories=\"sponsorship\">\r\n\t\t<div class=\"w-blog-post-h\">\r\n\t\t\t\t\t\t\t\t\t\t<a href=\"https:\/\/www.blumaq.com\/fr\/sergio-garcia\/\">\r\n\t\t\t\t\t<div class=\"w-blog-post-preview\">\r\n\t\t\t\t\t\t<img width=\"600\" height=\"400\" src=\"https:\/\/www.blumaq.com\/fr\/wp-content\/uploads\/sites\/16\/2019\/04\/SERGIO-GARCIA-600x400.jpg\" class=\"attachment-tnail-3x2 size-tnail-3x2 wp-post-image\" alt=\"\" loading=\"lazy\" srcset=\"https:\/\/www.blumaq.com\/fr\/wp-content\/uploads\/sites\/16\/2019\/04\/SERGIO-GARCIA-600x400.jpg 600w, https:\/\/www.blumaq.com\/fr\/wp-content\/uploads\/sites\/16\/2019\/04\/SERGIO-GARCIA-300x200.jpg 300w, https:\/\/www.blumaq.com\/fr\/wp-content\/uploads\/sites\/16\/2019\/04\/SERGIO-GARCIA-768x512.jpg 768w, https:\/\/www.blumaq.com\/fr\/wp-content\/uploads\/sites\/16\/2019\/04\/SERGIO-GARCIA.jpg 960w\" sizes=\"(max-width: 600px) 100vw, 600px\" \/>\t\t\t\t\t\t<span class=\"w-blog-post-preview-icon\" style=\"padding-bottom: 66.6667%;\"><\/span>\r\n\t\t\t\t\t<\/div>\r\n\t\t\t\t<\/a>\r\n\t\t\t\t\t\t<div class=\"w-blog-post-body\">\r\n\t\t\t\t<h2 class=\"w-blog-post-title\">\r\n\t\t\t\t\t<a class=\"entry-title\" rel=\"bookmark\" href=\"https:\/\/www.blumaq.com\/fr\/sergio-garcia\/\">SERGIO GARCIA<\/a>\r\n\t\t\t\t<\/h2>\r\n\r\n\t\t\t\t<div class=\"w-blog-post-meta\">\r\n\t\t\t\t\t<time class=\"w-blog-post-meta-date date updated\">1 abril, 2019<\/time><span class=\"w-blog-post-meta-author vcard author\"><a href=\"https:\/\/www.blumaq.com\/fr\/author\/admin\/\" class=\"fn\">admin<\/a><\/span><span class=\"w-blog-post-meta-category\"><a href=\"https:\/\/www.blumaq.com\/fr\/category\/sponsorship\/\" rel=\"category tag\">Patrocinios<\/a><\/span><span class=\"w-blog-post-meta-tags\"><a href=\"https:\/\/www.blumaq.com\/fr\/tag\/motociclismo\/\" rel=\"tag\">MOTORCYCLING<\/a><\/span>\t\t\t\t<\/div>\r\n\t\t\t\t\t\t\t\t\t<div class=\"w-blog-post-content\">\r\n\t\t\t\t\t\t<p>Le pilote Sergio Garc\u00eda de l&#8217;\u00e9curie Estrella Galicia 0,0 Moto, 3\u00e8me au Championnat du monde de motocyclisme,\u00a0 fera ses d\u00e9buts cette ann\u00e9e en Moto 3. Il compte plusieurs ann\u00e9es d\u2019entra\u00eenement avec Estrella Galicia et la Monlau Repsol Technical School apr\u00e8s avoir remport\u00e9 le titre. Championnat d&#8217;Espagne de Pr\u00e9-Moto3 en 2016<\/p>\n\t\t\t\t\t<\/div>\r\n\t\t\t\t\t\t\t\t\t\t\t\t\t<a class=\"w-blog-post-more w-btn\" href=\"https:\/\/www.blumaq.com\/fr\/sergio-garcia\/\"><span class=\"w-btn-label\">Leer M\u00e1s<\/span><\/a>\r\n\t\t\t\t\t\t\t<\/div>\r\n\t\t<\/div>\r\n\t<\/article>\r\n\r\n\r\n\r\n\t<article class=\"w-blog-post sponsorship post-9726 post type-post status-publish format-standard has-post-thumbnail hentry category-sponsorship tag-motociclismo\" data-id=\"9726\" data-categories=\"sponsorship\">\r\n\t\t<div class=\"w-blog-post-h\">\r\n\t\t\t\t\t\t\t\t\t\t<a href=\"https:\/\/www.blumaq.com\/fr\/reale-avintia-racing\/\">\r\n\t\t\t\t\t<div class=\"w-blog-post-preview\">\r\n\t\t\t\t\t\t<img width=\"600\" height=\"400\" src=\"https:\/\/www.blumaq.com\/fr\/wp-content\/uploads\/sites\/16\/2019\/04\/motos-reale-avintia-600x400.jpg\" class=\"attachment-tnail-3x2 size-tnail-3x2 wp-post-image\" alt=\"\" loading=\"lazy\" \/>\t\t\t\t\t\t<span class=\"w-blog-post-preview-icon\" style=\"padding-bottom: 66.6667%;\"><\/span>\r\n\t\t\t\t\t<\/div>\r\n\t\t\t\t<\/a>\r\n\t\t\t\t\t\t<div class=\"w-blog-post-body\">\r\n\t\t\t\t<h2 class=\"w-blog-post-title\">\r\n\t\t\t\t\t<a class=\"entry-title\" rel=\"bookmark\" href=\"https:\/\/www.blumaq.com\/fr\/reale-avintia-racing\/\">REALE AVINTIA RACING<\/a>\r\n\t\t\t\t<\/h2>\r\n\r\n\t\t\t\t<div class=\"w-blog-post-meta\">\r\n\t\t\t\t\t<time class=\"w-blog-post-meta-date date updated\">1 abril, 2019<\/time><span class=\"w-blog-post-meta-author vcard author\"><a href=\"https:\/\/www.blumaq.com\/fr\/author\/admin\/\" class=\"fn\">admin<\/a><\/span><span class=\"w-blog-post-meta-category\"><a href=\"https:\/\/www.blumaq.com\/fr\/category\/sponsorship\/\" rel=\"category tag\">Patrocinios<\/a><\/span><span class=\"w-blog-post-meta-tags\"><a href=\"https:\/\/www.blumaq.com\/fr\/tag\/motociclismo\/\" rel=\"tag\">MOTORCYCLING<\/a><\/span>\t\t\t\t<\/div>\r\n\t\t\t\t\t\t\t\t\t<div class=\"w-blog-post-content\">\r\n\t\t\t\t\t\t<p>L\u2019\u00e9quipe MotoGP et Moto3 Reale Avintia Racing a particip\u00e9 au Championnat du monde de moto. Avec ses pilotes:\u00a0 Tito Rabat, Karel Abraham et Vicente P\u00e9rez.<\/p>\n\t\t\t\t\t<\/div>\r\n\t\t\t\t\t\t\t\t\t\t\t\t\t<a class=\"w-blog-post-more w-btn\" href=\"https:\/\/www.blumaq.com\/fr\/reale-avintia-racing\/\"><span class=\"w-btn-label\">Leer M\u00e1s<\/span><\/a>\r\n\t\t\t\t\t\t\t<\/div>\r\n\t\t<\/div>\r\n\t<\/article>\r\n\r\n\r\n\r\n\t<article class=\"w-blog-post sponsorship post-9720 post type-post status-publish format-standard has-post-thumbnail hentry category-sponsorship tag-atletismo\" data-id=\"9720\" data-categories=\"sponsorship\">\r\n\t\t<div class=\"w-blog-post-h\">\r\n\t\t\t\t\t\t\t\t\t\t<a href=\"https:\/\/www.blumaq.com\/fr\/ecole-cyclisme\/\">\r\n\t\t\t\t\t<div class=\"w-blog-post-preview\">\r\n\t\t\t\t\t\t<img width=\"600\" height=\"400\" src=\"https:\/\/www.blumaq.com\/fr\/wp-content\/uploads\/sites\/16\/2019\/04\/ciclismo-600x400.jpg\" class=\"attachment-tnail-3x2 size-tnail-3x2 wp-post-image\" alt=\"\" loading=\"lazy\" \/>\t\t\t\t\t\t<span class=\"w-blog-post-preview-icon\" style=\"padding-bottom: 66.6667%;\"><\/span>\r\n\t\t\t\t\t<\/div>\r\n\t\t\t\t<\/a>\r\n\t\t\t\t\t\t<div class=\"w-blog-post-body\">\r\n\t\t\t\t<h2 class=\"w-blog-post-title\">\r\n\t\t\t\t\t<a class=\"entry-title\" rel=\"bookmark\" href=\"https:\/\/www.blumaq.com\/fr\/ecole-cyclisme\/\">\u00c9COLE DE CYCLISME VALL DE UX\u00d3<\/a>\r\n\t\t\t\t<\/h2>\r\n\r\n\t\t\t\t<div class=\"w-blog-post-meta\">\r\n\t\t\t\t\t<time class=\"w-blog-post-meta-date date updated\">1 abril, 2019<\/time><span class=\"w-blog-post-meta-author vcard author\"><a href=\"https:\/\/www.blumaq.com\/fr\/author\/admin\/\" class=\"fn\">admin<\/a><\/span><span class=\"w-blog-post-meta-category\"><a href=\"https:\/\/www.blumaq.com\/fr\/category\/sponsorship\/\" rel=\"category tag\">Patrocinios<\/a><\/span><span class=\"w-blog-post-meta-tags\"><a href=\"https:\/\/www.blumaq.com\/fr\/tag\/atletismo\/\" rel=\"tag\">ATHLETICS<\/a><\/span>\t\t\t\t<\/div>\r\n\t\t\t\t\t\t\t\t\t<div class=\"w-blog-post-content\">\r\n\t\t\t\t\t\t<p>L&#8217;union cycliste Vall de Ux\u00f3 a une \u00e9cole de cyclisme. C&#8217;est un lien entre les cours d&#8217;\u00e9ducation physique et l&#8217;entra\u00eenement syst\u00e9matique de l&#8217;Union cycliste Vall de Ux\u00f3. Elle remplit une fonction essentielle sur le plan p\u00e9dagogique, dans la mesure o\u00f9 elle renforce les valeurs de respect, d\u2019acceptation des normes, de solidarit\u00e9 et de vie saine.<\/p>\n\t\t\t\t\t<\/div>\r\n\t\t\t\t\t\t\t\t\t\t\t\t\t<a class=\"w-blog-post-more w-btn\" href=\"https:\/\/www.blumaq.com\/fr\/ecole-cyclisme\/\"><span class=\"w-btn-label\">Leer M\u00e1s<\/span><\/a>\r\n\t\t\t\t\t\t\t<\/div>\r\n\t\t<\/div>\r\n\t<\/article>\r\n\r\n\r\n\r\n\t<article class=\"w-blog-post sponsorship post-3297 post type-post status-publish format-standard has-post-thumbnail hentry category-sponsorship tag-atletismo\" data-id=\"3297\" data-categories=\"sponsorship\">\r\n\t\t<div class=\"w-blog-post-h\">\r\n\t\t\t\t\t\t\t\t\t\t<a href=\"https:\/\/www.blumaq.com\/fr\/mur-i-castell-tuga\/\">\r\n\t\t\t\t\t<div class=\"w-blog-post-preview\">\r\n\t\t\t\t\t\t<img width=\"600\" height=\"400\" src=\"https:\/\/www.blumaq.com\/fr\/wp-content\/uploads\/sites\/16\/2019\/04\/mur-i-castell-600x400.jpg\" class=\"attachment-tnail-3x2 size-tnail-3x2 wp-post-image\" alt=\"\" loading=\"lazy\" srcset=\"https:\/\/www.blumaq.com\/fr\/wp-content\/uploads\/sites\/16\/2019\/04\/mur-i-castell-600x400.jpg 600w, https:\/\/www.blumaq.com\/fr\/wp-content\/uploads\/sites\/16\/2019\/04\/mur-i-castell-300x200.jpg 300w, https:\/\/www.blumaq.com\/fr\/wp-content\/uploads\/sites\/16\/2019\/04\/mur-i-castell-768x512.jpg 768w, https:\/\/www.blumaq.com\/fr\/wp-content\/uploads\/sites\/16\/2019\/04\/mur-i-castell-1024x683.jpg 1024w, https:\/\/www.blumaq.com\/fr\/wp-content\/uploads\/sites\/16\/2019\/04\/mur-i-castell.jpg 2048w\" sizes=\"(max-width: 600px) 100vw, 600px\" \/>\t\t\t\t\t\t<span class=\"w-blog-post-preview-icon\" style=\"padding-bottom: 66.6667%;\"><\/span>\r\n\t\t\t\t\t<\/div>\r\n\t\t\t\t<\/a>\r\n\t\t\t\t\t\t<div class=\"w-blog-post-body\">\r\n\t\t\t\t<h2 class=\"w-blog-post-title\">\r\n\t\t\t\t\t<a class=\"entry-title\" rel=\"bookmark\" href=\"https:\/\/www.blumaq.com\/fr\/mur-i-castell-tuga\/\">MUR I CASTELL-TUGA<\/a>\r\n\t\t\t\t<\/h2>\r\n\r\n\t\t\t\t<div class=\"w-blog-post-meta\">\r\n\t\t\t\t\t<time class=\"w-blog-post-meta-date date updated\">1 abril, 2019<\/time><span class=\"w-blog-post-meta-author vcard author\"><a href=\"https:\/\/www.blumaq.com\/fr\/author\/admin\/\" class=\"fn\">admin<\/a><\/span><span class=\"w-blog-post-meta-category\"><a href=\"https:\/\/www.blumaq.com\/fr\/category\/sponsorship\/\" rel=\"category tag\">Patrocinios<\/a><\/span><span class=\"w-blog-post-meta-tags\"><a href=\"https:\/\/www.blumaq.com\/fr\/tag\/atletismo\/\" rel=\"tag\">ATHLETICS<\/a><\/span>\t\t\t\t<\/div>\r\n\t\t\t\t\t\t\t\t\t<div class=\"w-blog-post-content\">\r\n\t\t\t\t\t\t<p>Le Mur i Castell-Tuga Trail Club finaliste en Espagne pour les courses de montagne FEDME. Un club de 180 f\u00e9d\u00e9r\u00e9s qui participe tout au long de la saison avec environ 100 essais, couvrant les calendriers provinciaux, autonomes, nationaux et internationaux. C&#8217;est un club Valencien avec des femmes aux licences f\u00e9d\u00e9rales. Au cours de la saison&#8230;<\/p>\n\t\t\t\t\t<\/div>\r\n\t\t\t\t\t\t\t\t\t\t\t\t\t<a class=\"w-blog-post-more w-btn\" href=\"https:\/\/www.blumaq.com\/fr\/mur-i-castell-tuga\/\"><span class=\"w-btn-label\">Leer M\u00e1s<\/span><\/a>\r\n\t\t\t\t\t\t\t<\/div>\r\n\t\t<\/div>\r\n\t<\/article>\r\n\r\n\r\n\r\n\t<article class=\"w-blog-post sponsorship post-1311 post type-post status-publish format-standard has-post-thumbnail hentry category-sponsorship tag-moto-clasicas\" data-id=\"1311\" data-categories=\"sponsorship\">\r\n\t\t<div class=\"w-blog-post-h\">\r\n\t\t\t\t\t\t\t\t\t\t<a href=\"https:\/\/www.blumaq.com\/fr\/classic-racing-team\/\">\r\n\t\t\t\t\t<div class=\"w-blog-post-preview\">\r\n\t\t\t\t\t\t<img width=\"600\" height=\"400\" src=\"https:\/\/www.blumaq.com\/fr\/wp-content\/uploads\/sites\/16\/2019\/03\/motos-clasicas-600x400.jpg\" class=\"attachment-tnail-3x2 size-tnail-3x2 wp-post-image\" alt=\"\" loading=\"lazy\" \/>\t\t\t\t\t\t<span class=\"w-blog-post-preview-icon\" style=\"padding-bottom: 66.6667%;\"><\/span>\r\n\t\t\t\t\t<\/div>\r\n\t\t\t\t<\/a>\r\n\t\t\t\t\t\t<div class=\"w-blog-post-body\">\r\n\t\t\t\t<h2 class=\"w-blog-post-title\">\r\n\t\t\t\t\t<a class=\"entry-title\" rel=\"bookmark\" href=\"https:\/\/www.blumaq.com\/fr\/classic-racing-team\/\">BLUMAQ CLASSIC RACING TEAM<\/a>\r\n\t\t\t\t<\/h2>\r\n\r\n\t\t\t\t<div class=\"w-blog-post-meta\">\r\n\t\t\t\t\t<time class=\"w-blog-post-meta-date date updated\">31 marzo, 2019<\/time><span class=\"w-blog-post-meta-author vcard author\"><a href=\"https:\/\/www.blumaq.com\/fr\/author\/admin\/\" class=\"fn\">admin<\/a><\/span><span class=\"w-blog-post-meta-category\"><a href=\"https:\/\/www.blumaq.com\/fr\/category\/sponsorship\/\" rel=\"category tag\">Patrocinios<\/a><\/span><span class=\"w-blog-post-meta-tags\"><a href=\"https:\/\/www.blumaq.com\/fr\/tag\/moto-clasicas\/\" rel=\"tag\">CLASSIC MOTORCYCLING RACES<\/a><\/span>\t\t\t\t<\/div>\r\n\t\t\t\t\t\t\t\t\t<div class=\"w-blog-post-content\">\r\n\t\t\t\t\t\t<p>Blumaq Classic Racing Team : Championne de la Coupe d&#8217;Espagne Classic Vitesse de la RFME dans les cat\u00e9gories Classic A, Classic B et Classic C. &nbsp;<\/p>\n\t\t\t\t\t<\/div>\r\n\t\t\t\t\t\t\t\t\t\t\t\t\t<a class=\"w-blog-post-more w-btn\" href=\"https:\/\/www.blumaq.com\/fr\/classic-racing-team\/\"><span class=\"w-btn-label\">Leer M\u00e1s<\/span><\/a>\r\n\t\t\t\t\t\t\t<\/div>\r\n\t\t<\/div>\r\n\t<\/article>\r\n\r\n\r\n\r\n\t<article class=\"w-blog-post sponsorship post-459 post type-post status-publish format-standard has-post-thumbnail hentry category-sponsorship tag-handbike\" data-id=\"459\" data-categories=\"sponsorship\">\r\n\t\t<div class=\"w-blog-post-h\">\r\n\t\t\t\t\t\t\t\t\t\t<a href=\"https:\/\/www.blumaq.com\/fr\/vicente-arzo\/\">\r\n\t\t\t\t\t<div class=\"w-blog-post-preview\">\r\n\t\t\t\t\t\t<img width=\"448\" height=\"400\" src=\"https:\/\/www.blumaq.com\/fr\/wp-content\/uploads\/sites\/16\/2013\/11\/vicente-arzo-448x400.jpg\" class=\"attachment-tnail-3x2 size-tnail-3x2 wp-post-image\" alt=\"\" loading=\"lazy\" \/>\t\t\t\t\t\t<span class=\"w-blog-post-preview-icon\" style=\"padding-bottom: 66.6667%;\"><\/span>\r\n\t\t\t\t\t<\/div>\r\n\t\t\t\t<\/a>\r\n\t\t\t\t\t\t<div class=\"w-blog-post-body\">\r\n\t\t\t\t<h2 class=\"w-blog-post-title\">\r\n\t\t\t\t\t<a class=\"entry-title\" rel=\"bookmark\" href=\"https:\/\/www.blumaq.com\/fr\/vicente-arzo\/\">VICENTE ARZO<\/a>\r\n\t\t\t\t<\/h2>\r\n\r\n\t\t\t\t<div class=\"w-blog-post-meta\">\r\n\t\t\t\t\t<time class=\"w-blog-post-meta-date date updated\">31 marzo, 2019<\/time><span class=\"w-blog-post-meta-author vcard author\"><a href=\"https:\/\/www.blumaq.com\/fr\/author\/admin\/\" class=\"fn\">admin<\/a><\/span><span class=\"w-blog-post-meta-category\"><a href=\"https:\/\/www.blumaq.com\/fr\/category\/sponsorship\/\" rel=\"category tag\">Patrocinios<\/a><\/span><span class=\"w-blog-post-meta-tags\"><a href=\"https:\/\/www.blumaq.com\/fr\/tag\/handbike\/\" rel=\"tag\">HANDBIKE<\/a><\/span>\t\t\t\t<\/div>\r\n\t\t\t\t\t\t\t\t\t<div class=\"w-blog-post-content\">\r\n\t\t\t\t\t\t<p>Athl\u00e8te paralympique avec d&#8217;excellents r\u00e9sultats sportifs, m\u00e9daill\u00e9 europ\u00e9en, mondial et paralympique dans divers sports, cyclisme, natation, athl\u00e9tisme et triathlon. Il est actuellement l&#8217;athl\u00e8te espagnol le plus titr\u00e9 de l&#8217;histoire dans la cat\u00e9gorie du cyclisme manuel. En athl\u00e9tisme, lanceur, disque, javelot et poids, il fut champion d\u2019Espagne et d\u00e9tenteur du record national au lanc\u00e9 du disque&#8230;.<\/p>\n\t\t\t\t\t<\/div>\r\n\t\t\t\t\t\t\t\t\t\t\t\t\t<a class=\"w-blog-post-more w-btn\" href=\"https:\/\/www.blumaq.com\/fr\/vicente-arzo\/\"><span class=\"w-btn-label\">Leer M\u00e1s<\/span><\/a>\r\n\t\t\t\t\t\t\t<\/div>\r\n\t\t<\/div>\r\n\t<\/article>\r\n\r\n\r\n\r\n\t<article class=\"w-blog-post sponsorship post-450 post type-post status-publish format-standard has-post-thumbnail hentry category-sponsorship tag-motociclismo\" data-id=\"450\" data-categories=\"sponsorship\">\r\n\t\t<div class=\"w-blog-post-h\">\r\n\t\t\t\t\t\t\t\t\t\t<a href=\"https:\/\/www.blumaq.com\/fr\/h43\/\">\r\n\t\t\t\t\t<div class=\"w-blog-post-preview\">\r\n\t\t\t\t\t\t<img width=\"600\" height=\"400\" src=\"https:\/\/www.blumaq.com\/fr\/wp-content\/uploads\/sites\/16\/2019\/03\/h43-600x400.png\" class=\"attachment-tnail-3x2 size-tnail-3x2 wp-post-image\" alt=\"\" loading=\"lazy\" srcset=\"https:\/\/www.blumaq.com\/fr\/wp-content\/uploads\/sites\/16\/2019\/03\/h43-600x401.png 600w, https:\/\/www.blumaq.com\/fr\/wp-content\/uploads\/sites\/16\/2019\/03\/h43-300x200.png 300w, https:\/\/www.blumaq.com\/fr\/wp-content\/uploads\/sites\/16\/2019\/03\/h43-768x513.png 768w, https:\/\/www.blumaq.com\/fr\/wp-content\/uploads\/sites\/16\/2019\/03\/h43-1024x684.png 1024w, https:\/\/www.blumaq.com\/fr\/wp-content\/uploads\/sites\/16\/2019\/03\/h43.png 1027w\" sizes=\"(max-width: 600px) 100vw, 600px\" \/>\t\t\t\t\t\t<span class=\"w-blog-post-preview-icon\" style=\"padding-bottom: 66.6667%;\"><\/span>\r\n\t\t\t\t\t<\/div>\r\n\t\t\t\t<\/a>\r\n\t\t\t\t\t\t<div class=\"w-blog-post-body\">\r\n\t\t\t\t<h2 class=\"w-blog-post-title\">\r\n\t\t\t\t\t<a class=\"entry-title\" rel=\"bookmark\" href=\"https:\/\/www.blumaq.com\/fr\/h43\/\">H43 TEAM<\/a>\r\n\t\t\t\t<\/h2>\r\n\r\n\t\t\t\t<div class=\"w-blog-post-meta\">\r\n\t\t\t\t\t<time class=\"w-blog-post-meta-date date updated\">31 marzo, 2019<\/time><span class=\"w-blog-post-meta-author vcard author\"><a href=\"https:\/\/www.blumaq.com\/fr\/author\/admin\/\" class=\"fn\">admin<\/a><\/span><span class=\"w-blog-post-meta-category\"><a href=\"https:\/\/www.blumaq.com\/fr\/category\/sponsorship\/\" rel=\"category tag\">Patrocinios<\/a><\/span><span class=\"w-blog-post-meta-tags\"><a href=\"https:\/\/www.blumaq.com\/fr\/tag\/motociclismo\/\" rel=\"tag\">MOTORCYCLING<\/a><\/span>\t\t\t\t<\/div>\r\n\t\t\t\t\t\t\t\t\t<div class=\"w-blog-post-content\">\r\n\t\t\t\t\t\t<p>L&#8217;\u00e9quipe H43 est pr\u00e9sente dans les cat\u00e9gories Moto2 et Moto3 du CEV sous la direction de Manuel Hern\u00e1ndez Nicol\u00e1s, ancien de la Coupe du Monde et Team manager. L&#8217;\u00e9quipe a remport\u00e9 le sous-championnat d&#8217;Espagne 2018 dans la cat\u00e9gorie Super Stock 600 avec le pilote Miquel Pons.<\/p>\n\t\t\t\t\t<\/div>\r\n\t\t\t\t\t\t\t\t\t\t\t\t\t<a class=\"w-blog-post-more w-btn\" href=\"https:\/\/www.blumaq.com\/fr\/h43\/\"><span class=\"w-btn-label\">Leer M\u00e1s<\/span><\/a>\r\n\t\t\t\t\t\t\t<\/div>\r\n\t\t<\/div>\r\n\t<\/article>\r\n\r\n<\/div><\/div><\/div><\/div><\/div><\/div><\/div><\/section><section class=\"l-section wpb_row height_medium\"><div class=\"l-section-h i-cf\"><div class=\"g-cols type_default valign_top\"><div class=\"vc_col-sm-12 wpb_column vc_column_container\"><div class=\"vc_column-inner\"><div class=\"wpb_wrapper\"><div class=\"w-separator type_invisible size_large thick_1 style_solid color_border cont_none\"><span class=\"w-separator-h\"><\/span><\/div><\/div><\/div><\/div><\/div><\/div><\/section>\n","protected":false},"excerpt":{"rendered":"L'\u00e9quipe H43 est pr\u00e9sente dans les cat\u00e9gories Moto2 et Moto3 du CEV sous la direction de Manuel Hern\u00e1ndez Nicol\u00e1s, ancien de la Coupe du Monde et Team manager. L'\u00e9quipe a remport\u00e9 le sous-championnat d'Espagne 2018 dans la cat\u00e9gorie Super Stock 600 avec le pilote Miquel Pons.","protected":false},"author":3,"featured_media":0,"parent":0,"menu_order":0,"comment_status":"closed","ping_status":"closed","template":"","meta":[],"_links":{"self":[{"href":"https:\/\/www.blumaq.com\/fr\/wp-json\/wp\/v2\/pages\/7655"}],"collection":[{"href":"https:\/\/www.blumaq.com\/fr\/wp-json\/wp\/v2\/pages"}],"about":[{"href":"https:\/\/www.blumaq.com\/fr\/wp-json\/wp\/v2\/types\/page"}],"author":[{"embeddable":true,"href":"https:\/\/www.blumaq.com\/fr\/wp-json\/wp\/v2\/users\/3"}],"replies":[{"embeddable":true,"href":"https:\/\/www.blumaq.com\/fr\/wp-json\/wp\/v2\/comments?post=7655"}],"version-history":[{"count":9,"href":"https:\/\/www.blumaq.com\/fr\/wp-json\/wp\/v2\/pages\/7655\/revisions"}],"predecessor-version":[{"id":8743,"href":"https:\/\/www.blumaq.com\/fr\/wp-json\/wp\/v2\/pages\/7655\/revisions\/8743"}],"wp:attachment":[{"href":"https:\/\/www.blumaq.com\/fr\/wp-json\/wp\/v2\/media?parent=7655"}],"curies":[{"name":"wp","href":"https:\/\/api.w.org\/{rel}","templated":true}]}}