{"id":6833,"date":"2018-08-10T16:10:02","date_gmt":"2018-08-10T16:10:02","guid":{"rendered":"http:\/\/w3.blumaq.com\/fr\/politica-de-cookies\/"},"modified":"2019-07-26T13:16:53","modified_gmt":"2019-07-26T11:16:53","slug":"politica-de-cookies","status":"publish","type":"page","link":"https:\/\/www.blumaq.com\/fr\/politica-de-cookies\/","title":{"rendered":"Politique de cookies"},"content":{"rendered":"<h1>Politique de <em>cookies<\/em><\/h1>\n<p>Un <em>cookie<\/em> est un petit fichier texte qui est stock\u00e9 dans votre navigateur lorsque vous visitez presque n&#8217;importe quelle page Web. Son utilit\u00e9 est que le Web est capable de m\u00e9moriser votre visite lorsque vous revenez sur cette page. Les <em>cookies<\/em> stockent g\u00e9n\u00e9ralement des informations de nature technique, pr\u00e9f\u00e9rences personnelles, personnalisation de contenu, statistiques d&#8217;utilisation, liens vers des r\u00e9seaux sociaux, acc\u00e8s \u00e0 des comptes d&#8217;utilisateurs, etc. Le but du <em>cookie<\/em> est d&#8217;adapter le contenu du Web \u00e0 votre profil et \u00e0 vos besoins, sans les <em>cookies<\/em>, les services offerts par n&#8217;importe quelle page seraient consid\u00e9rablement r\u00e9duits. Si vous souhaitez consulter plus d&#8217;informations sur ce que sont les <em>cookies<\/em>, ce qu&#8217;ils stockent, comment les supprimer, les d\u00e9sactiver, etc., veuillez <a href=\"https:\/\/www.blumaq.com\/fr\/mas-informacion-sobre-las-cookies\/\">cliquer sur ce lien<\/a>.<\/p>\n<h2><em>Cookies<\/em> utilis\u00e9s sur ce site<\/h2>\n<p>Conform\u00e9ment aux directives de l&#8217;Agence espagnole pour la protection des donn\u00e9es, nous d\u00e9taillons l&#8217;utilisation des <em>cookies<\/em> de ce site afin de vous informer le plus pr\u00e9cis\u00e9ment possible.<\/p>\n<p>Ce site utilise les propres <strong><em>cookies<\/em> suivants:<\/strong><\/p>\n<ul>\n<li>Les <em>cookies<\/em> de session, pour garantir que les utilisateurs qui \u00e9crivent des commentaires sur le blog sont des applications humaines et non automatis\u00e9es. De cette fa\u00e7on, le <em>spam<\/em> est combattu.<\/li>\n<\/ul>\n<p>Ce site utilise les<strong><em> cookies<\/em> tiers suivants:<\/strong><\/p>\n<ul>\n<li>Google Analytics: stocke les <em>cookies<\/em> pour pouvoir compiler des statistiques sur le trafic et le volume de visites sur ce site. En utilisant ce site Web, vous consentez express\u00e9ment au traitement des informations vous concernant par Google. Par cons\u00e9quent, l\u2019exercice de tout droit \u00e0 cet \u00e9gard doit le faire en communiquant directement avec Google.<\/li>\n<li>R\u00e9seaux sociaux: chaque r\u00e9seau social utilise ses propres <em>cookies<\/em> pour que vous puissiez cliquer sur les boutons <em>J&#8217;aime ou Partager<\/em>.<\/li>\n<\/ul>\n<h2>D\u00e9sactivation ou \u00e9limination des <em>cookies<\/em><\/h2>\n<p>\u00c0 tout moment, vous pouvez exercer votre droit de d\u00e9sactiver ou d&#8217;\u00e9liminer les <em>cookies<\/em> de ce site. Ces actions sont effectu\u00e9es diff\u00e9remment selon le navigateur que vous utilisez. <a href=\"https:\/\/www.blumaq.com\/fr\/mas-informacion-sobre-las-cookies\/#navegadores\">Voici un guide rapide pour les navigateurs les plus populaires.<\/a><\/p>\n<h2>Notes compl\u00e9mentaires<\/h2>\n<ul>\n<li>Ni ce site Web ni ses repr\u00e9sentants l\u00e9gaux ne sont responsables du contenu ou de la v\u00e9racit\u00e9 des politiques de confidentialit\u00e9 que les tiers mentionn\u00e9s dans cette politique de <em>cookie<\/em> peuvent avoir.<\/li>\n<li>Les navigateurs Web sont les outils charg\u00e9s de stocker les <em>cookies<\/em> et \u00e0 partir de cet endroit, vous devez exercer votre droit de les \u00e9liminer ou de les d\u00e9sactiver. Ni ce site ni ses repr\u00e9sentants l\u00e9gaux ne peuvent garantir la manipulation correcte ou incorrecte des <em>cookies<\/em> par les navigateurs susmentionn\u00e9s.<\/li>\n<li>Dans certains cas, il est n\u00e9cessaire d&#8217;installer des <em>cookies<\/em> pour que le navigateur n&#8217;oublie pas sa d\u00e9cision de ne pas les accepter.<\/li>\n<li>Dans le cas des <em>cookies<\/em> de Google Analytics, cette soci\u00e9t\u00e9 stocke des <em>cookies<\/em> sur des serveurs situ\u00e9s aux \u00c9tats-Unis et s&#8217;engage \u00e0 ne pas les partager avec des tiers, sauf dans les cas o\u00f9 cela est n\u00e9cessaire au fonctionnement du syst\u00e8me ou lorsque la loi l&#8217;exige. Selon Google, il n&#8217;enregistre pas votre adresse IP. Google Inc. est une soci\u00e9t\u00e9 adh\u00e9rant au Safe Harbor Agreement qui garantit que toutes les donn\u00e9es transf\u00e9r\u00e9es seront trait\u00e9es avec un niveau de protection conforme \u00e0 la r\u00e9glementation europ\u00e9enne. Vous pouvez consulter des informations d\u00e9taill\u00e9es \u00e0 cet \u00e9gard sur ce lien. Si vous souhaitez des informations sur l&#8217;utilisation que Google donne aux cookies, <a href=\"http:\/\/developers.google.com\/analytics\/devguides\/collection\/analyticsjs\/cookie-usage?hl=es&amp;csw=1\">nous joignons cet autre lien<\/a>.<\/li>\n<li>Pour toute question ou demande concernant cette politique en mati\u00e8re de <em>cookies<\/em>, n&#8217;h\u00e9sitez pas \u00e0 nous contacter via la section contact.<\/li>\n<\/ul>\n<p>Asesor de Cookies es un <a href=\"http:\/\/wordpress.org\/plugins\/asesor-cookies-para-la-ley-en-espana\/\" target=\"_blank\" rel=\"noopener\">plugin para WordPress<\/a> creado por Carlos Doral (<a href=\"http:\/\/webartesanal.com\" target=\"_blank\" rel=\"noopener\">webartesanal.com<\/a>)<\/p>\n","protected":false},"excerpt":{"rendered":"<p>Politique de cookies Un cookie est un petit fichier texte qui est stock\u00e9 dans votre navigateur lorsque vous visitez presque n&#8217;importe quelle page Web. Son utilit\u00e9 est que le Web est capable de m\u00e9moriser votre visite lorsque vous revenez sur cette page. Les cookies stockent g\u00e9n\u00e9ralement des informations de nature technique, pr\u00e9f\u00e9rences personnelles, personnalisation de&#8230;<\/p>\n","protected":false},"author":3,"featured_media":0,"parent":0,"menu_order":0,"comment_status":"closed","ping_status":"closed","template":"","meta":[],"_links":{"self":[{"href":"https:\/\/www.blumaq.com\/fr\/wp-json\/wp\/v2\/pages\/6833"}],"collection":[{"href":"https:\/\/www.blumaq.com\/fr\/wp-json\/wp\/v2\/pages"}],"about":[{"href":"https:\/\/www.blumaq.com\/fr\/wp-json\/wp\/v2\/types\/page"}],"author":[{"embeddable":true,"href":"https:\/\/www.blumaq.com\/fr\/wp-json\/wp\/v2\/users\/3"}],"replies":[{"embeddable":true,"href":"https:\/\/www.blumaq.com\/fr\/wp-json\/wp\/v2\/comments?post=6833"}],"version-history":[{"count":2,"href":"https:\/\/www.blumaq.com\/fr\/wp-json\/wp\/v2\/pages\/6833\/revisions"}],"predecessor-version":[{"id":10186,"href":"https:\/\/www.blumaq.com\/fr\/wp-json\/wp\/v2\/pages\/6833\/revisions\/10186"}],"wp:attachment":[{"href":"https:\/\/www.blumaq.com\/fr\/wp-json\/wp\/v2\/media?parent=6833"}],"curies":[{"name":"wp","href":"https:\/\/api.w.org\/{rel}","templated":true}]}}