{"id":6832,"date":"2018-08-10T16:10:02","date_gmt":"2018-08-10T16:10:02","guid":{"rendered":"http:\/\/w3.blumaq.com\/fr\/mas-informacion-sobre-las-cookies\/"},"modified":"2019-07-26T15:25:28","modified_gmt":"2019-07-26T13:25:28","slug":"mas-informacion-sobre-las-cookies","status":"publish","type":"page","link":"https:\/\/www.blumaq.com\/fr\/mas-informacion-sobre-las-cookies\/","title":{"rendered":"Info sur les cookies"},"content":{"rendered":"<h2>Qu&#8217;est-ce qu&#8217;un <em>cookie<\/em>?<\/h2>\n<p>Un<em> cookie<\/em> est un fichier texte <strong>inoffensif<\/strong> qui est stock\u00e9 dans votre navigateur lorsque vous visitez presque toutes les pages Web. L&#8217;utilit\u00e9 du <em>cookie<\/em> est que le site Web est capable de m\u00e9moriser votre visite lorsque vous revenez sur cette page. Bien que beaucoup de gens l&#8217;ignorent, les cookies sont utilis\u00e9s depuis 20 ans, lorsque les premiers navigateurs pour le World Wide Web sont apparus.<\/p>\n<h2>Qu&#8217;est-ce qui n&#8217;est PAS un <em>cookie<\/em>?<\/h2>\n<p>Ce n&#8217;est pas un virus, ni un cheval de Troie, ni un ver, ni un spam, ni un spyware, ni une fen\u00eatre contextuelle ouverte.<\/p>\n<h2>Quelles informations un <em>cookie<\/em> stocke-t-il?<\/h2>\n<p>Les <em>cookies<\/em> ne stockent g\u00e9n\u00e9ralement pas d\u2019informations sensibles vous concernant, telles que des cartes de cr\u00e9dit ou des coordonn\u00e9es bancaires, des photographies, votre identit\u00e9 ou des informations personnelles, etc. Les donn\u00e9es qu\u2019ils conservent sont de nature technique, pr\u00e9f\u00e9rences personnelles, personnalisation de contenu, etc.<\/p>\n<p>Le serveur Web ne vous associe pas en tant que personne, mais votre navigateur Web. En fait, si vous naviguez r\u00e9guli\u00e8rement dans Internet Explorer et essayez de naviguer sur le m\u00eame site Web avec Firefox ou Chrome, vous verrez que le Web ne r\u00e9alise pas que vous \u00eates la m\u00eame personne car il associe r\u00e9ellement le navigateur et non la personne.<\/p>\n<h2>Quel genre de <em>cookies<\/em> existe-t-il?<\/h2>\n<ul>\n<li><em>Cookies <\/em>techniques: Ils sont les plus \u00e9l\u00e9mentaires et permettent, entre autres, de savoir quand une personne ou une application automatis\u00e9e navigue, quand un utilisateur anonyme et enregistr\u00e9 navigue, des t\u00e2ches de base pour le fonctionnement de tout site Web dynamique.<\/li>\n<li><em>Cookies<\/em> d&#8217;analyse: Ils collectent des informations sur le type de navigation que vous faites, les sections que vous utilisez le plus, les produits consult\u00e9s, le fuseau horaire d&#8217;utilisation, la langue, etc.<\/li>\n<li><em>Cookies<\/em> publicitaires: affichez des publicit\u00e9s en fonction de votre navigation, de votre pays d&#8217;origine, de votre langue, etc.<\/li>\n<\/ul>\n<h2>Que sont les <em>cookies<\/em> propres et de tiers?<\/h2>\n<p>Les <em>cookies<\/em> propres sont ceux g\u00e9n\u00e9r\u00e9s par la page que vous visitez et ceux de tiers sont ceux g\u00e9n\u00e9r\u00e9s par des services externes ou des fournisseurs tels que Facebook, Twitter, Google, etc.<\/p>\n<h2>Que se passe-t-il si je d\u00e9sactive les <em>cookies<\/em>?<\/h2>\n<p>Pour comprendre la port\u00e9e que peuvent avoir les <em>cookies<\/em> d\u00e9sactiv\u00e9s, nous montrons quelques exemples:<\/p>\n<ul>\n<li>Vous ne pouvez pas partager le contenu de ce site sur Facebook, Twitter ou tout autre r\u00e9seau social.<\/li>\n<li>Le site Web ne pourra pas adapter le contenu \u00e0 leurs pr\u00e9f\u00e9rences personnelles, comme c&#8217;est souvent le cas dans les magasins en ligne.<\/li>\n<li>Vous ne pouvez pas acc\u00e9der \u00e0 la zone personnelle de ce site, telle que <em>Mon compte, Mon profil ou Mes commandes<\/em>.<\/li>\n<li>Boutiques en ligne: Il sera impossible de faire des achats en ligne. Ils devront t\u00e9l\u00e9phoner ou se rendre au magasin physique si vous en avez.<\/li>\n<li>Il ne sera pas possible de personnaliser vos pr\u00e9f\u00e9rences g\u00e9ographiques en tant que fuseau horaire, devise ou langue.<\/li>\n<li>Le site Web ne pourra pas effectuer d&#8217;analyse Web sur les visiteurs et le trafic sur le Web, ce qui rendra le site Web difficile pour \u00eatre comp\u00e9titif.<\/li>\n<li>Vous ne pouvez pas \u00e9crire sur le blog, vous ne pouvez pas t\u00e9l\u00e9charger de photos, poster des commentaires, \u00e9valuer ou \u00e9valuer le contenu. Le Web ne pourra pas savoir si vous \u00eates un humain ou une application automatis\u00e9e publiant du <em>spam<\/em>.<\/li>\n<li>Il ne sera pas possible d&#8217;afficher de la publicit\u00e9 sectoris\u00e9e, ce qui r\u00e9duira les revenus publicitaires du Web.<\/li>\n<li>Tous les r\u00e9seaux sociaux utilisent des <em>cookies<\/em>, si vous les d\u00e9sactivez, vous ne pouvez utiliser aucun r\u00e9seau social.<\/li>\n<\/ul>\n<h2>Les <em>cookies<\/em> peuvent-ils \u00eatre supprim\u00e9s?<\/h2>\n<p>Oui. Non seulement supprimer, mais bloquer, de mani\u00e8re g\u00e9n\u00e9rale ou particuli\u00e8re pour un domaine sp\u00e9cifique.<\/p>\n<p>Pour supprimer les <em>cookie<\/em>s d&#8217;un site Web, vous devez vous rendre dans la configuration de votre navigateur et y rechercher le domaine associ\u00e9 au domaine en question et proc\u00e9der \u00e0 sa suppression.<\/p>\n<h2 id=\"navegadores\">Param\u00e9trer les <em>cookies<\/em> pour les navigateurs les plus populaires<\/h2>\n<p>Voici comment acc\u00e9der \u00e0 un <em>cookie<\/em> sp\u00e9cifique \u00e0 partir du navigateur <strong>Chrome<\/strong>. Remarque: ces \u00e9tapes peuvent varier en fonction de la version du navigateur:<\/p>\n<ol>\n<li>Allez dans Param\u00e8tres ou Pr\u00e9f\u00e9rences via le menu Fichier ou en cliquant sur l\u2019ic\u00f4ne de personnalisation qui appara\u00eet en haut \u00e0 droite.<\/li>\n<li>Vous verrez diff\u00e9rentes sections, cliquez sur l&#8217;option Afficher les options avanc\u00e9es.<\/li>\n<li>Acc\u00e9dez \u00e0 Confidentialit\u00e9, Param\u00e8tres de contenu. S\u00e9lectionnez Tous les <em>cookies<\/em> et les donn\u00e9es du site.<\/li>\n<li>Une liste de tous les <em>cookies<\/em> command\u00e9s par domaine appara\u00eetra.<\/li>\n<li>Pour faciliter la recherche des <em>cookies<\/em> d&#8217;un domaine sp\u00e9cifique, entrez l&#8217;adresse partiellement ou compl\u00e8tement dans le champ Rechercher les <em>cookies<\/em>.<\/li>\n<li>Une fois ce filtre cr\u00e9\u00e9, une ou plusieurs lignes contenant les <em>cookies<\/em> du site Web demand\u00e9 apparaissent \u00e0 l\u2019\u00e9cran. Il ne vous reste plus qu&#8217;\u00e0 le s\u00e9lectionner et \u00e0 appuyer sur le X pour proc\u00e9der \u00e0 son \u00e9limination.<\/li>\n<\/ol>\n<p>Pour acc\u00e9der aux param\u00e8tres de <em>cookie<\/em> du navigateur <strong>Internet Explorer,<\/strong> proc\u00e9dez comme suit (peut varier en fonction de la version du navigateur):<\/p>\n<ol>\n<li>Aller sur Outils, Options Internet.<\/li>\n<li>Cliquez sur Confidentialit\u00e9.<\/li>\n<li>D\u00e9placez le curseur pour r\u00e9gler le niveau de confidentialit\u00e9 souhait\u00e9.<\/li>\n<\/ol>\n<p>Pour acc\u00e9der aux param\u00e8tres de <em>cookie<\/em> du navigateur <strong>Firefox<\/strong>, proc\u00e9dez comme suit (peut varier en fonction de la version du navigateur):<\/p>\n<ol>\n<li>Acc\u00e9dez \u00e0 Options ou Pr\u00e9f\u00e9rences en fonction de votre syst\u00e8me d&#8217;exploitation.<\/li>\n<li>Cliquez sur Confidentialit\u00e9.<\/li>\n<li>Dans Historique, choisissez Utiliser les param\u00e8tres personnalis\u00e9s pour l&#8217;historique.<\/li>\n<li>Maintenant, vous verrez l&#8217;option.<\/li>\n<\/ol>\n<p>Asesor de Cookies es un <a href=\"http:\/\/wordpress.org\/plugins\/asesor-cookies-para-la-ley-en-espana\/\" target=\"_blank\" rel=\"noopener\">plugin para WordPress<\/a> creado por Carlos Doral (<a href=\"http:\/\/webartesanal.com\" target=\"_blank\" rel=\"noopener\">webartesanal.com<\/a>)<\/p>\n","protected":false},"excerpt":{"rendered":"<p>Qu&#8217;est-ce qu&#8217;un cookie? Un cookie est un fichier texte inoffensif qui est stock\u00e9 dans votre navigateur lorsque vous visitez presque toutes les pages Web. L&#8217;utilit\u00e9 du cookie est que le site Web est capable de m\u00e9moriser votre visite lorsque vous revenez sur cette page. Bien que beaucoup de gens l&#8217;ignorent, les cookies sont utilis\u00e9s depuis&#8230;<\/p>\n","protected":false},"author":3,"featured_media":0,"parent":0,"menu_order":0,"comment_status":"closed","ping_status":"closed","template":"","meta":[],"_links":{"self":[{"href":"https:\/\/www.blumaq.com\/fr\/wp-json\/wp\/v2\/pages\/6832"}],"collection":[{"href":"https:\/\/www.blumaq.com\/fr\/wp-json\/wp\/v2\/pages"}],"about":[{"href":"https:\/\/www.blumaq.com\/fr\/wp-json\/wp\/v2\/types\/page"}],"author":[{"embeddable":true,"href":"https:\/\/www.blumaq.com\/fr\/wp-json\/wp\/v2\/users\/3"}],"replies":[{"embeddable":true,"href":"https:\/\/www.blumaq.com\/fr\/wp-json\/wp\/v2\/comments?post=6832"}],"version-history":[{"count":2,"href":"https:\/\/www.blumaq.com\/fr\/wp-json\/wp\/v2\/pages\/6832\/revisions"}],"predecessor-version":[{"id":10188,"href":"https:\/\/www.blumaq.com\/fr\/wp-json\/wp\/v2\/pages\/6832\/revisions\/10188"}],"wp:attachment":[{"href":"https:\/\/www.blumaq.com\/fr\/wp-json\/wp\/v2\/media?parent=6832"}],"curies":[{"name":"wp","href":"https:\/\/api.w.org\/{rel}","templated":true}]}}