{"id":10441,"date":"2020-01-27T14:28:21","date_gmt":"2020-01-27T13:28:21","guid":{"rendered":"https:\/\/www.blumaq.com\/fr\/?page_id=10441"},"modified":"2020-06-23T10:46:27","modified_gmt":"2020-06-23T08:46:27","slug":"travaille-avec-nous","status":"publish","type":"page","link":"https:\/\/www.blumaq.com\/fr\/travaille-avec-nous\/","title":{"rendered":"Travaille avec nous"},"content":{"rendered":"<section class=\"l-section wpb_row height_medium\"><div class=\"l-section-h i-cf\"><div class=\"g-cols type_default valign_top\"><div class=\"vc_col-sm-12 wpb_column vc_column_container\"><div class=\"vc_column-inner\"><div class=\"wpb_wrapper\">[rev_slider_vc alias=\u00bbwork\u00bb]<\/div><\/div><\/div><\/div><\/div><\/section><section class=\"l-section wpb_row height_medium\" style=\"margin-right: 40px !important;margin-left: 40px !important;\"><div class=\"l-section-h i-cf\"><div class=\"g-cols type_default valign_top vc_column-gap-1\"><div class=\"vc_col-sm-6 wpb_column vc_column_container\"><div class=\"vc_column-inner\"><div class=\"wpb_wrapper\">\r\n\t<div class=\"wpb_text_column \">\r\n\t\t<div class=\"wpb_wrapper\">\r\n\t\t\t<h3>Job contact<\/h3>\n\r\n\t\t<\/div>\r\n\t<\/div>\r\n<div class=\"w-separator type_default size_small thick_1 style_solid color_border cont_none\"><span class=\"w-separator-h\"><\/span><\/div><div class=\"w-iconbox iconpos_left style_outlined color_primary no_text\"><div class=\"w-iconbox-icon\" style=\"font-size:22px;\"><i class=\"fa fa-phone\"><\/i><\/div><div class=\"w-iconbox-meta\"><div class=\"w-iconbox-title\">+34 686 000 009<\/div><\/div><\/div><\/div><\/div><\/div>\n<div class=\"vc_col-sm-6 wpb_column vc_column_container\"><div class=\"vc_column-inner\"><div class=\"wpb_wrapper\">\r\n\t<div class=\"wpb_text_column \">\r\n\t\t<div class=\"wpb_wrapper\">\r\n\t\t\t\r\n\t\t<\/div>\r\n\t<\/div>\r\n\n<div class=\"vc_col-sm-6 wpb_column vc_column_container\"><div class=\"vc_column-inner\"><div class=\"wpb_wrapper\"><\/div><\/div><\/div>\n<h2>Travaille avec nous<\/h2>\n<p>Remplissez ce formulaire et nous vous contacterons.<\/p>\n<form class=\"wpcf7-form\" action=\"\/registro.php\" enctype=\"multipart\/form-data\" method=\"POST\"><input name=\"idioma\" type=\"hidden\" value=\"fr\" \/><\/p>\n<h3>Nom (obligatoire)<\/h3>\n<p><input class=\"wpcf7-form-control wpcf7-text wpcf7-validates-as-required\" required=\"true\" name=\"nombre\" size=\"40\" type=\"text\" value=\"\" aria-required=\"true\" aria-invalid=\"false\" \/><\/p>\n<h3>surnoms(obligatoire)<br \/>\n<input class=\"wpcf7-form-control wpcf7-text wpcf7-validates-as-required\" required=\"true\"name=\"apellidos\" size=\"40\" type=\"text\" value=\"\" aria-required=\"true\" aria-invalid=\"false\" \/><\/h3>\n<h3>Email (obligatoire)<br \/>\n<input class=\"wpcf7-form-control wpcf7-text wpcf7-email wpcf7-validates-as-obligatoire wpcf7-validates-as-email\" name=\"email\" size=\"40\" type=\"email\" value=\"\" aria-required=\"true\" aria-invalid=\"false\" \/><\/h3>\n<h3>T\u00e9l\u00e9phone<br \/>\n<input class=\"wpcf7-form-control wpcf7-text\" name=\"telefono\" size=\"40\" type=\"text\" value=\"\" aria-invalid=\"false\" \/><\/h3>\n<h3>D\u00e9partement auquel vous aspirez:<\/h3>\n<br><input id=\"dep-1\" type=\"checkbox\" name=\"dep-1\" value=true \/> <label for=\"dep-1\">Administraci\u00f3n<\/label><br><input id=\"dep-2\" type=\"checkbox\" name=\"dep-2\" value=true \/> <label for=\"dep-2\">Almac\u00e9n<\/label><br><input id=\"dep-3\" type=\"checkbox\" name=\"dep-3\" value=true \/> <label for=\"dep-3\">Comercial<\/label><br><input id=\"dep-4\" type=\"checkbox\" name=\"dep-4\" value=true \/> <label for=\"dep-4\">Compras<\/label><br><input id=\"dep-10\" type=\"checkbox\" name=\"dep-10\" value=true \/> <label for=\"dep-10\">Oficina T\u00e9cnica<\/label><br><input id=\"dep-5\" type=\"checkbox\" name=\"dep-5\" value=true \/> <label for=\"dep-5\">Producci\u00f3n<\/label><br><input id=\"dep-6\" type=\"checkbox\" name=\"dep-6\" value=true \/> <label for=\"dep-6\">Publicidad y Comunicaci\u00f3n<\/label><br><input id=\"dep-7\" type=\"checkbox\" name=\"dep-7\" value=true \/> <label for=\"dep-7\">RRHH<\/label><br><input id=\"dep-8\" type=\"checkbox\" name=\"dep-8\" value=true \/> <label for=\"dep-8\">Taller<\/label><br><input id=\"dep-9\" type=\"checkbox\" name=\"dep-9\" value=true \/> <label for=\"dep-9\">TIC<\/label>\n<p>&nbsp;<\/p>\n<h3>Ubication \u00e0 laquelle vous aspirez:<\/h3>\n<table border=\"0\" cellspacing=\"0\" cellpadding=\"0\">\n<tbody>\n<tr>\n<td><strong><label>ESPAGNE<\/label><\/strong><\/td>\n<td><label><strong>SUCCURSALES<\/strong><\/label><\/td>\n<\/tr>\n<tr>\n<td><br><input id=\"esp-5\" type=\"checkbox\" name=\"esp-5\" value=\"true\" \/> <label for=\"esp-5\">Alicante<\/label><br><input id=\"esp-8\" type=\"checkbox\" name=\"esp-8\" value=\"true\" \/> <label for=\"esp-8\">Almer\u00eda<\/label><br><input id=\"esp-10\" type=\"checkbox\" name=\"esp-10\" value=\"true\" \/> <label for=\"esp-10\">Asturias<\/label><br><input id=\"esp-7\" type=\"checkbox\" name=\"esp-7\" value=\"true\" \/> <label for=\"esp-7\">Barcelona<\/label><br><input id=\"esp-1\" type=\"checkbox\" name=\"esp-1\" value=\"true\" \/> <label for=\"esp-1\">Central (Vall d\u00b4Uxo)<\/label><br><input id=\"esp-12\" type=\"checkbox\" name=\"esp-12\" value=\"true\" \/> <label for=\"esp-12\">Galicia<\/label><br><input id=\"esp-2\" type=\"checkbox\" name=\"esp-2\" value=\"true\" \/> <label for=\"esp-2\">Madrid<\/label><br><input id=\"esp-9\" type=\"checkbox\" name=\"esp-9\" value=\"true\" \/> <label for=\"esp-9\">M\u00e9rida<\/label><br><input id=\"esp-6\" type=\"checkbox\" name=\"esp-6\" value=\"true\" \/> <label for=\"esp-6\">Ponferrada<\/label><br><input id=\"esp-11\" type=\"checkbox\" name=\"esp-11\" value=\"true\" \/> <label for=\"esp-11\">Sevilla<\/label><br><input id=\"esp-4\" type=\"checkbox\" name=\"esp-4\" value=\"true\" \/> <label for=\"esp-4\">Tenerife<\/label><br><input id=\"esp-3\" type=\"checkbox\" name=\"esp-3\" value=\"true\" \/> <label for=\"esp-3\">Zaragoza<\/label><\/td>\n<td><br><input id=\"fil-13\" type=\"checkbox\" name=\"fil-13\" value=\"true\" \/> <label for=\"fil-13\">Chile<\/label><br><input id=\"fil-30\" type=\"checkbox\" name=\"fil-30\" value=\"true\" \/> <label for=\"fil-30\">China<\/label><br><input id=\"fil-20\" type=\"checkbox\" name=\"fil-20\" value=\"true\" \/> <label for=\"fil-20\">Estados Unidos<\/label><br><input id=\"fil-14\" type=\"checkbox\" name=\"fil-14\" value=\"true\" \/> <label for=\"fil-14\">Francia<\/label><br><input id=\"fil-31\" type=\"checkbox\" name=\"fil-31\" value=\"true\" \/> <label for=\"fil-31\">Indonesia<\/label><br><input id=\"fil-15\" type=\"checkbox\" name=\"fil-15\" value=\"true\" \/> <label for=\"fil-15\">Italia<\/label><br><input id=\"fil-28\" type=\"checkbox\" name=\"fil-28\" value=\"true\" \/> <label for=\"fil-28\">Kazajist\u00e1n<\/label><br><input id=\"fil-29\" type=\"checkbox\" name=\"fil-29\" value=\"true\" \/> <label for=\"fil-29\">Namibia<\/label><br><input id=\"fil-21\" type=\"checkbox\" name=\"fil-21\" value=\"true\" \/> <label for=\"fil-21\">Per\u00fa<\/label><br><input id=\"fil-17\" type=\"checkbox\" name=\"fil-17\" value=\"true\" \/> <label for=\"fil-17\">Portugal<\/label><br><input id=\"fil-16\" type=\"checkbox\" name=\"fil-16\" value=\"true\" \/> <label for=\"fil-16\">Ruman\u00eda<\/label><br><input id=\"fil-18\" type=\"checkbox\" name=\"fil-18\" value=\"true\" \/> <label for=\"fil-18\">Rusia<\/label><br><input id=\"fil-22\" type=\"checkbox\" name=\"fil-22\" value=\"true\" \/> <label for=\"fil-22\">Sud\u00e1frica<\/label><br><input id=\"fil-19\" type=\"checkbox\" name=\"fil-19\" value=\"true\" \/> <label for=\"fil-19\">Turqu\u00eda<\/label><br><input id=\"fil-23\" type=\"checkbox\" name=\"fil-23\" value=\"true\" \/> <label for=\"fil-23\">Zambia<\/label><\/td>\n<\/tr>\n<\/tbody>\n<\/table>\n<h3>MATI\u00c8RE<br \/>\n<input class=\"wpcf7-form-control wpcf7-text\" name=\"asunto\" size=\"40\" type=\"text\" value=\"\" aria-invalid=\"false\" \/><\/h3>\n<p>&nbsp;<\/p>\n<h3>MESSAGE<\/h3>\n<p><textarea class=\"wpcf7-form-control wpcf7-textarea\" cols=\"40\" name=\"mensaje\" rows=\"10\" aria-invalid=\"false\"><\/textarea><br \/>\nJoignez votre CV (PDF format)<br \/>\n<span class=\"wpcf7-form-control-wrap file-261\"><br \/>\n<input id=\"fileName\" onchange=\"validateFileType(this);\" required=\"true\" class=\"wpcf7-form-control wpcf7-file wpcf7-validates-as-required\" accept=\".pdf\" name=\"file-261\" size=\"40\" type=\"file\" aria-invalid=\"false\" \/><\/span><\/p>\n<p>Conform\u00e9ment aux dispositions de l&#8217;article 13 du r\u00e8glement (UE) 2016\/679 du Parlement europ\u00e9en et du Conseil du 27 avril 2016 relatif \u00e0 la protection des personnes physiques en ce qui concerne le traitement des donn\u00e9es \u00e0 caract\u00e8re personnel et la libre circulation de ces donn\u00e9es, nous vous informons que vos donn\u00e9es seront trait\u00e9es par Blumaq SA Afin de vous tenir au courant des postes vacants possibles au sein de notre organisation et \u00e0 votre profil, ainsi que d\u2019\u00e9valuer et de g\u00e9rer votre demande si n\u00e9cessaire. Ce traitement est l\u00e9gitim\u00e9 par votre consentement. Vos donn\u00e9es ne seront pas transf\u00e9r\u00e9es \u00e0 des tiers ou internationalement. Vous avez le droit d&#8217;acc\u00e9der \u00e0 vos donn\u00e9es personnelles; demander la correction de donn\u00e9es inexactes; demander sa suppression et s&#8217;opposer \u00e0 son traitement.<\/p>\n<p>Vous pouvez obtenir des informations suppl\u00e9mentaires et d\u00e9taill\u00e9es sur la protection des donn\u00e9es personnelles dans Blumaq SA, sur la page Web <a href=\"https:\/\/www.blumaq.com\/fr\/politique-confidentialite\/\"> Politique de confidentialit\u00e9.<\/a><span class=\"wpcf7-form-control-wrap acceptance-842\"><br \/>\n<span class=\"wpcf7-form-control wpcf7-acceptance\"><br \/>\n<span class=\"wpcf7-list-item\"><br \/>\n<label><br \/>\n<input name=\"acceptance-842\" type=\"checkbox\" value=\"1\" aria-invalid=\"false\" \/><span class=\"wpcf7-list-item-label\">J&#8217;accepte que les informations de mon curriculum soient trait\u00e9es pour m&#8217;informer, \u00e9valuer et g\u00e9rer.<\/span><\/label><\/span><\/span><\/span><\/p>\n<p>&nbsp;<\/p>\n<div class=\"wpcf7-form-control-wrap\">\n<div class=\"wpcf7-form-control g-recaptcha wpcf7-recaptcha\" data-sitekey=\"6LfUhK8UAAAAAC0LMWsiPSBtIs_kTxRELLoIXFED\"><\/div>\n<p><noscript><\/p>\n<div class=\"grecaptcha-noscript\">\n            <iframe loading=\"lazy\" src=\"https:\/\/www.google.com\/recaptcha\/api\/fallback?k=6LfUhK8UAAAAAC0LMWsiPSBtIs_kTxRELLoIXFED\" frameborder=\"0\" scrolling=\"no\" width=\"310\" height=\"430\"><\/iframe><br \/>\n<textarea name=\"g-recaptcha-response\" rows=\"3\" cols=\"40\" placeholder=\"reCaptcha Response Here\"><\/textarea><\/div>\n<p><\/noscript><\/p>\n<p>&nbsp;<\/p>\n<\/div>\n<p><input id=\"boton\" class=\"wpcf7-form-control wpcf7-submit\" type=\"submit\" value=\"Envoyer\" \/><\/p>\n<div id=\"correcto\" class=\"wpcf7-response-output wpcf7-display-none\">Votre CV a \u00e9t\u00e9 envoy\u00e9 avec succ\u00e8s.<\/div>\n<div id=\"incorrecto\" class=\"wpcf7-response-output wpcf7-display-none\">Une erreur s&#8217;est produite lors de l&#8217;enregistrement de votre CV.<br \/>\nV\u00e9rifiez que les champs obligatoires ont \u00e9t\u00e9 saisis.<\/div>\n<div id=\"captcha-error\" class=\"wpcf7-response-output wpcf7-display-none\">Une erreur s&#8217;est produite lors de l&#8217;enregistrement de votre CV.<br \/>\nV\u00e9rifiez que vous avez rempli le Captcha.<\/div>\n<p><script type=\"text\/javascript\">\n   var query = window.location.search.substring(1);\n   var vars = query.split(\"&\");\n   if (vars[0] == \"register=true\") {\n      var element = document.getElementById(\"correcto\");\n      element.style.borderColor=\"#20b038\";\n      element.classList.remove(\"wpcf7-display-none\");\n   }\n   else if (vars[0] == \"register=false\") {\n      var element = document.getElementById(\"incorrecto\");\n      element.classList.remove(\"wpcf7-display-none\");\n   }\n   else if (vars[0] == \"captcha=false\") {\n      var element = document.getElementById(\"captcha-error\");\n      element.classList.remove(\"wpcf7-display-none\");\n   }\n<\/script><\/p>\n<p><script type=\"text\/javascript\">\n    function validateFileType(){\n        var fileName = document.getElementById(\"fileName\").value;\n        var idxDot = fileName.lastIndexOf(\".\") + 1;\n        var extFile = fileName.substr(idxDot, fileName.length).toLowerCase();\n        if (extFile==\"pdf\"){\n            \/\/TO DO\n        }else{\n            alert(\"Les fichiers qui peuvent \u00eatre charg\u00e9s sont uniquement en .PDF\");\n            document.getElementById(\"fileName\").value = \"\";\n        }   \n    }\n<\/script><\/p>\n<p><script src='https:\/\/www.google.com\/recaptcha\/api.js?hl=es'><\/script><\/p>\n<\/form>\n<p>&nbsp;<\/p>\n<\/div><\/div><\/div><\/div><\/div><\/section>\n<div style=\"width: 100%; background-color: #444444;\">\n<section class=\"l-section wpb_row height_medium ult-vc-hide-row vc_row-has-fill\" style=\"position: relative;\" data-rtl=\"false\" data-row-effect-mobile-disable=\"true\">\n<div class=\"upb_row_bg\" style=\"background: #444444; min-width: 1311px; left: 0px; width: 1311px;\" data-bg-override=\"0\"><\/div>\n<div class=\"l-section-h i-cf\">\n<div class=\"g-cols type_default valign_top\">\n<div class=\"vc_col-sm-3 wpb_column vc_column_container\">\n<div class=\"vc_column-inner\">\n<div class=\"wpb_wrapper\">\n<div class=\"w-image\">\n<div class=\"us-frame\">\n<p><img loading=\"lazy\" class=\"attachment-full size-full\" src=\"https:\/\/www.blumaq.com\/fr\/wp-content\/uploads\/sites\/16\/2019\/11\/logo_blanco_png.png\" alt=\"\" width=\"150\" height=\"46\" \/><\/p>\n<\/div>\n<\/div>\n<\/div>\n<\/div>\n<\/div>\n<div class=\"vc_col-sm-3 wpb_column vc_column_container\">\n<div class=\"vc_column-inner\">\n<div class=\"wpb_wrapper\">\n<div class=\"w-tabs layout_default title_left icon_chevron iconpos_right accordion\">\n<div class=\"w-tabs-list items_1\">\n<div class=\"w-tabs-list-h\">\n<div class=\"w-tabs-item\"><a class=\"w-tabs-item-h\" href=\"#1533804010889-c7d1f1aa-8580\"><span class=\"w-tabs-item-title\">Produits<\/span><\/a><\/div>\n<\/div>\n<\/div>\n<div class=\"w-tabs-sections\">\n<div class=\"w-tabs-sections-h\">\n<div id=\"1533804010889-c7d1f1aa-8580\" class=\"w-tabs-section\">\n<p>&nbsp;<\/p>\n<div class=\"w-tabs-section-header-h\">\n<h5 class=\"w-tabs-section-title\">Produits<\/h5>\n<div class=\"w-tabs-section-control\"><\/div>\n<\/div>\n<p>&nbsp;<\/p>\n<div class=\"w-tabs-section-content\" style=\"display: none;\">\n<div class=\"w-tabs-section-content-h i-cf\">\n<div class=\"wpb_text_column \">\n<div class=\"wpb_wrapper\">\n<p><a style=\"color: #999999;\" href=\"https:\/\/www.blumaq.com\/fr\/train-de-roulement\">Train de roulement<\/a> \/ <a style=\"color: #999999;\" href=\"https:\/\/www.blumaq.com\/fr\/produits\/chasis\">Ch\u00e2ssis<\/a> \/ <a style=\"color: #999999;\" href=\"https:\/\/www.blumaq.com\/fr\/moteur\">Moteur<\/a> \/ <a style=\"color: #999999;\" href=\"https:\/\/www.blumaq.com\/fr\/pieces-electriques\">Pi\u00e8ces el\u00e9ctriques<\/a> \/ <a style=\"color: #999999;\" href=\"https:\/\/www.blumaq.com\/fr\/filtres\">Filtres<\/a>\/ <a style=\"color: #999999;\" href=\"https:\/\/www.blumaq.com\/fr\/produits\/composants_cabine\">Composants de cabine<\/a> \/ <a style=\"color: #999999;\" href=\"https:\/\/www.blumaq.com\/fr\/usure\">Usure<\/a> \/ <a style=\"color: #999999;\" href=\"https:\/\/www.blumaq.com\/fr\/groupe-motopropulseur\">Groupe motopropulseur<\/a> \/ <a style=\"color: #999999;\" href=\"https:\/\/www.blumaq.com\/fr\/freins\">Freins<\/a> \/ <a style=\"color: #999999;\" href=\"https:\/\/www.blumaq.com\/fr\/hydraulique\">Hydraulique<\/a> \/ <a style=\"color: #999999;\" href=\"https:\/\/www.blumaq.com\/fr\/boulonnerie\">Boulonnerie<\/a> \/ <a style=\"color: #999999;\" href=\"https:\/\/www.blumaq.com\/fr\/lubrifiants-produits\">Lubrifiants produits<\/a> \/ <a style=\"color: #999999;\" href=\"https:\/\/www.blumaq.com\/fr\/roulements\">Roulements<\/a> \/ <a style=\"color: #999999;\" href=\"https:\/\/www.blumaq.com\/fr\/joints-toriques\">Joints toriques<\/a> \/ <a style=\"color: #999999;\" href=\"https:\/\/www.blumaq.com\/fr\/refroidissement\">Refroidissement<\/a><\/p>\n<\/div>\n<\/div>\n<\/div>\n<\/div>\n<\/div>\n<\/div>\n<\/div>\n<\/div>\n<\/div>\n<\/div>\n<\/div>\n<div class=\"vc_col-sm-3 wpb_column vc_column_container\">\n<div class=\"vc_column-inner\">\n<div class=\"wpb_wrapper\">\n<div class=\"w-tabs layout_default title_left icon_chevron iconpos_right accordion\">\n<div class=\"w-tabs-list items_1\">\n<div class=\"w-tabs-list-h\">\n<div class=\"w-tabs-item\"><a class=\"w-tabs-item-h\" href=\"#1533804310913-707864c9-9c46\"><span class=\"w-tabs-item-title\">Services<\/span><\/a><\/div>\n<\/div>\n<\/div>\n<div class=\"w-tabs-sections\">\n<div class=\"w-tabs-sections-h\">\n<div id=\"1533804310913-707864c9-9c46\" class=\"w-tabs-section\">\n<p>&nbsp;<\/p>\n<div class=\"w-tabs-section-header-h\">\n<h5 class=\"w-tabs-section-title\">Services<\/h5>\n<div class=\"w-tabs-section-control\"><\/div>\n<\/div>\n<p>&nbsp;<\/p>\n<div class=\"w-tabs-section-content\" style=\"display: none;\">\n<div class=\"w-tabs-section-content-h i-cf\">\n<div class=\"wpb_text_column \">\n<div class=\"wpb_wrapper\">\n<p><a style=\"color: #999999;\" href=\"https:\/\/www.blumaq.com\/fr\/services\" target=\"_self\" rel=\"noopener noreferrer\">Conseil technique<\/a> \/ <a style=\"color: #999999;\" href=\"https:\/\/www.blumaq.com\/fr\/services\" target=\"_self\" rel=\"noopener noreferrer\">Garantie<\/a> \/ <a style=\"color: #999999;\" href=\"https:\/\/www.blumaq.com\/fr\/services\" target=\"_self\" rel=\"noopener noreferrer\">Service client<\/a><\/p>\n<\/div>\n<\/div>\n<\/div>\n<\/div>\n<\/div>\n<\/div>\n<\/div>\n<\/div>\n<\/div>\n<\/div>\n<\/div>\n<div class=\"vc_col-sm-3 wpb_column vc_column_container\">\n<div class=\"vc_column-inner\">\n<div class=\"wpb_wrapper\">\n<div class=\"w-socials align_right style_default color_text index_1\" style=\"font-size: 20px;\">\n<div class=\"w-socials-list\">\n<div class=\"w-socials-item facebook\"><a class=\"w-socials-item-link\" href=\"https:\/\/www.facebook.com\/blumaq\" target=\"_self\" rel=\"noopener noreferrer\"><\/p>\n<p><\/a><\/p>\n<div class=\"w-socials-item-popup\">Facebook<\/div>\n<\/div>\n<div class=\"w-socials-item linkedin\"><a class=\"w-socials-item-link\" href=\"https:\/\/www.linkedin.com\/company\/blumaq-s-a-?trk=tyah&amp;trkInfo=tarId%3A1412150245428%2Ctas%3Ablumaq%2Cidx%3A2-1-4\" target=\"_self\" rel=\"noopener noreferrer\"><\/p>\n<p><\/a><\/p>\n<div class=\"w-socials-item-popup\">LinkedIn<\/div>\n<\/div>\n<div class=\"w-socials-item youtube\"><a class=\"w-socials-item-link\" href=\"https:\/\/www.youtube.com\/user\/BlumaqSA\" target=\"_self\" rel=\"noopener noreferrer\"><\/p>\n<p><\/a><\/p>\n<div class=\"w-socials-item-popup\">YouTube<\/div>\n<\/div>\n<div class=\"w-socials-item instagram\"><a class=\"w-socials-item-link\" href=\"https:\/\/www.instagram.com\/blumaq\/\" target=\"_self\" rel=\"noopener noreferrer\"><\/p>\n<p><\/a><\/p>\n<div class=\"w-socials-item-popup\">Instagram<\/div>\n<\/div>\n<\/div>\n<\/div>\n<div class=\"w-image align_right\"><a href=\"https:\/\/www.blumaq.com\/fr\/wp-content\/uploads\/sites\/16\/2019\/11\/Certificado-calidad-hasta-2021.02-1.pdf\" target=\"_self\" rel=\"noopener noreferrer\"><img loading=\"lazy\" class=\"attachment-full size-full\" src=\"https:\/\/www.blumaq.com\/fr\/wp-content\/uploads\/sites\/16\/2019\/11\/logo-boureau.png\" sizes=\"(max-width: 152px) 100vw, 152px\" alt=\"\" width=\"152\" height=\"71\" \/><\/a><\/div>\n<\/div>\n<\/div>\n<\/div>\n<div class=\"vc_col-sm-12 wpb_column vc_column_container\">\n<div class=\"vc_column-inner\">\n<div class=\"wpb_wrapper\">\n<div class=\"g-cols wpb_row type_default valign_top vc_inner \">\n<div class=\"vc_col-sm-12 wpb_column vc_column_container\">\n<div class=\"vc_column-inner\">\n<div class=\"wpb_wrapper\">\n<div class=\"wpb_text_column vc_custom_1533823366388\">\n<div class=\"wpb_wrapper\">\n<h6><strong>\u00a0<\/strong><\/h6>\n<h6><strong>Del\u00e9gations:<\/strong> Alicante | Almer\u00eda | Asturias | Barcelona | Galicia | Madrid | M\u00e9rida | Ponferrada | Sevilla | Tenerife | Zaragoza | Chile | United States | France | Portugal | Turkey | China | Russia | Italy | Romania | South Africa | Zambia | Peru<\/h6>\n<p>&nbsp;<\/p>\n<h6><strong><a style=\"color=#ffffff; font-size: 12px;\" href=\"https:\/\/www.blumaq.com\/fr\/politique-confidentialite\/\" target=\"_blank\" rel=\"noopener noreferrer\">Politique Confindentialit\u00e9<\/a><\/strong> \u00b7 <strong><a style=\"color=#ffffff; font-size: 12px;\" href=\"https:\/\/www.blumaq.com\/fr\/politique-de-protection-des-donnees\/\" target=\"_blank\" rel=\"noopener noreferrer\">Politique de protection des donn\u00e9es<\/a><\/strong>\u00b7 <strong><a style=\"color=#ffffff; font-size: 12px;\" href=\"https:\/\/www.blumaq.com\/fr\/conditions-generales-de-vente\/\" target=\"_blank\" rel=\"noopener noreferrer\">Conditions generales de vente<\/a><\/strong><\/h6>\n<\/div>\n<\/div>\n<\/div>\n<\/div>\n<\/div>\n<\/div>\n<\/div>\n<\/div>\n<\/div>\n<\/div>\n<\/div>\n<\/section>\n<\/div>\n<p><script type=\"text\/javascript\">\n\tif (window.$us === undefined) window.$us = {};\n\t$us.canvasOptions = ($us.canvasOptions || {});\n\t$us.canvasOptions.disableEffectsWidth = <?php echo intval( us_get_option( 'disable_effects_width', 900 ) ) ?>;\n\t$us.canvasOptions.responsive = <?php echo us_get_option( 'responsive_layout', TRUE ) ? 'true' : 'false' ?>;<\/p>\n<p>\t$us.langOptions = ($us.langOptions || {});\n\t$us.langOptions.magnificPopup = ($us.langOptions.magnificPopup || {});\n\t$us.langOptions.magnificPopup.tPrev = '<?php _e( 'Previous (Left arrow key)', 'us' ); ?>'; \/\/ Alt text on left arrow\n\t$us.langOptions.magnificPopup.tNext = '<?php _e( 'Next (Right arrow key)', 'us' ); ?>'; \/\/ Alt text on right arrow\n\t$us.langOptions.magnificPopup.tCounter = '<?php _ex( '%curr% of %total%', 'Example: 3 of 12', 'us' ); ?>'; \/\/ Markup for \"1 of 7\" counter<\/p>\n<p>\t$us.navOptions = ($us.navOptions || {});\n\t$us.navOptions.mobileWidth = <?php echo intval( us_get_option( 'menu_mobile_width', 900 ) ) ?>;\n\t$us.navOptions.togglable = <?php echo us_get_option( 'menu_togglable_type', TRUE ) ? 'true' : 'false' ?>;\n\t$us.ajaxLoadJs = <?php echo us_get_option( 'ajax_load_js', 0 ) ? 'true' : 'false' ?>;\n\t$us.templateDirectoryUri = '<?php global $us_template_directory_uri; echo $us_template_directory_uri; ?>';\n<\/script><\/p>\n","protected":false},"excerpt":{"rendered":"<p>Produits &nbsp; Produits &nbsp; Train de roulement \/ Ch\u00e2ssis \/ Moteur \/ Pi\u00e8ces el\u00e9ctriques \/ Filtres\/ Composants de cabine \/ Usure \/ Groupe motopropulseur \/ Freins \/ Hydraulique \/ Boulonnerie \/ Lubrifiants produits \/ Roulements \/ Joints toriques \/ Refroidissement Services &nbsp; Services &nbsp; Conseil technique \/ Garantie \/ Service client Facebook LinkedIn YouTube Instagram&#8230;<\/p>\n","protected":false},"author":2,"featured_media":0,"parent":0,"menu_order":0,"comment_status":"closed","ping_status":"closed","template":"","meta":[],"_links":{"self":[{"href":"https:\/\/www.blumaq.com\/fr\/wp-json\/wp\/v2\/pages\/10441"}],"collection":[{"href":"https:\/\/www.blumaq.com\/fr\/wp-json\/wp\/v2\/pages"}],"about":[{"href":"https:\/\/www.blumaq.com\/fr\/wp-json\/wp\/v2\/types\/page"}],"author":[{"embeddable":true,"href":"https:\/\/www.blumaq.com\/fr\/wp-json\/wp\/v2\/users\/2"}],"replies":[{"embeddable":true,"href":"https:\/\/www.blumaq.com\/fr\/wp-json\/wp\/v2\/comments?post=10441"}],"version-history":[{"count":10,"href":"https:\/\/www.blumaq.com\/fr\/wp-json\/wp\/v2\/pages\/10441\/revisions"}],"predecessor-version":[{"id":11601,"href":"https:\/\/www.blumaq.com\/fr\/wp-json\/wp\/v2\/pages\/10441\/revisions\/11601"}],"wp:attachment":[{"href":"https:\/\/www.blumaq.com\/fr\/wp-json\/wp\/v2\/media?parent=10441"}],"curies":[{"name":"wp","href":"https:\/\/api.w.org\/{rel}","templated":true}]}}