{"id":10261,"date":"2019-09-04T12:21:42","date_gmt":"2019-09-04T10:21:42","guid":{"rendered":"https:\/\/www.blumaq.com\/fr\/?page_id=10261"},"modified":"2019-09-04T12:21:42","modified_gmt":"2019-09-04T10:21:42","slug":"politique-de-protection-des-donnees","status":"publish","type":"page","link":"https:\/\/www.blumaq.com\/fr\/politique-de-protection-des-donnees\/","title":{"rendered":"Politique de protection des donn\u00e9es"},"content":{"rendered":"<h1>Politique de protection des donn\u00e9es<\/h1>\n<p>Conform\u00e9ment aux dispositions de l&#8217;article 13 du r\u00e8glement (UE) 2016\/679 du Parlement europ\u00e9en et du Conseil du 27 avril 2016 relatif \u00e0 la protection des personnes physiques en ce qui concerne le traitement des donn\u00e9es \u00e0 caract\u00e8re personnel et la libre circulation de ces donn\u00e9es, nous vous informons que vos donn\u00e9es seront trait\u00e9es par Blumaq SA afin de r\u00e9pondre aux demandes de renseignements que vous nous faites. Ce traitement est l\u00e9gitim\u00e9 par l&#8217;adoption de mesures pr\u00e9contractuelles. Vos donn\u00e9es ne seront pas transf\u00e9r\u00e9es \u00e0 des tiers ou internationalement. Vous avez le droit d&#8217;acc\u00e9der \u00e0 vos donn\u00e9es personnelles; demander la correction de donn\u00e9es inexactes; demander sa suppression; s&#8217;opposer ou limiter le traitement; ou demander la portabilit\u00e9 de vos donn\u00e9es. Pour exercer ces droits, vous pouvez nous contacter par \u00e9crit en joignant une copie de votre pi\u00e8ce d&#8217;identit\u00e9 ou de la documentation qui vous identifie, \u00e0 l&#8217;adresse suivante: Pol. Industrial Belcaire, 202, 12600 Vall de Ux\u00f3, ou par courrier \u00e9lectronique \u00e0 l&#8217;adresse gdpr@blumaq.com<\/p>\n<p>Vous pouvez obtenir des informations suppl\u00e9mentaires et d\u00e9taill\u00e9es sur la protection des donn\u00e9es personnelles sur Blumaq S.A., sur le site <a href=\"https:\/\/www.blumaq.com\/fr\/politique-confidentialite\/\">Politique de confidentialit\u00e9<\/a><\/p>\n","protected":false},"excerpt":{"rendered":"<p>Politique de protection des donn\u00e9es Conform\u00e9ment aux dispositions de l&#8217;article 13 du r\u00e8glement (UE) 2016\/679 du Parlement europ\u00e9en et du Conseil du 27 avril 2016 relatif \u00e0 la protection des personnes physiques en ce qui concerne le traitement des donn\u00e9es \u00e0 caract\u00e8re personnel et la libre circulation de ces donn\u00e9es, nous vous informons que vos&#8230;<\/p>\n","protected":false},"author":3,"featured_media":0,"parent":0,"menu_order":0,"comment_status":"closed","ping_status":"closed","template":"","meta":[],"_links":{"self":[{"href":"https:\/\/www.blumaq.com\/fr\/wp-json\/wp\/v2\/pages\/10261"}],"collection":[{"href":"https:\/\/www.blumaq.com\/fr\/wp-json\/wp\/v2\/pages"}],"about":[{"href":"https:\/\/www.blumaq.com\/fr\/wp-json\/wp\/v2\/types\/page"}],"author":[{"embeddable":true,"href":"https:\/\/www.blumaq.com\/fr\/wp-json\/wp\/v2\/users\/3"}],"replies":[{"embeddable":true,"href":"https:\/\/www.blumaq.com\/fr\/wp-json\/wp\/v2\/comments?post=10261"}],"version-history":[{"count":1,"href":"https:\/\/www.blumaq.com\/fr\/wp-json\/wp\/v2\/pages\/10261\/revisions"}],"predecessor-version":[{"id":10262,"href":"https:\/\/www.blumaq.com\/fr\/wp-json\/wp\/v2\/pages\/10261\/revisions\/10262"}],"wp:attachment":[{"href":"https:\/\/www.blumaq.com\/fr\/wp-json\/wp\/v2\/media?parent=10261"}],"curies":[{"name":"wp","href":"https:\/\/api.w.org\/{rel}","templated":true}]}}