{"id":7655,"date":"2018-08-13T10:47:55","date_gmt":"2018-08-13T10:47:55","guid":{"rendered":"http:\/\/w3.blumaq.com\/es\/?page_id=7655"},"modified":"2018-12-05T08:04:21","modified_gmt":"2018-12-05T08:04:21","slug":"blumaq-social","status":"publish","type":"page","link":"https:\/\/www.blumaq.com\/fi\/blumaq-social\/","title":{"rendered":"blumaq social"},"content":{"rendered":"<section class=\"l-section wpb_row height_medium\" style=\"margin-top: 20px !important;\"><div class=\"l-section-h i-cf\"><div class=\"g-cols type_default valign_top vc_column-gap-4\"><div class=\"vc_col-sm-12 wpb_column vc_column_container\"><div class=\"vc_column-inner\"><div class=\"wpb_wrapper\">\r\n\t<div class=\"wpb_text_column \">\r\n\t\t<div class=\"wpb_wrapper\">\r\n\t\t\t<h1 style=\"text-align: center;\">M\u00e1s que una empresa<\/h1>\n<h5>Blumaq afianza el compromiso con su entorno colaborando en diferentes \u00e1mbitos de la vida social y deportiva. Apostando por proyectos y personas, para compartir con estos su esfuerzo, esp\u00edritu e ilusi\u00f3n mediante sus dos \u00e1reas de actuaci\u00f3n; Blumaq Social apoya al mundo deportivo patrocinando a deportistas de diferentes \u00e1reas, adem\u00e1s de colaborar en la financiaci\u00f3n de proyectos de Ayuda y Desarrollo en sectores necesitados.<\/h5>\n\r\n\t\t<\/div>\r\n\t<\/div>\r\n<\/div><\/div><\/div><\/div><\/div><\/section><section class=\"l-section wpb_row height_medium color_alternate\"><div class=\"l-section-h i-cf\"><div class=\"g-cols type_default valign_middle\"><div class=\"vc_col-sm-12 wpb_column vc_column_container\"><div class=\"vc_column-inner\"><div class=\"wpb_wrapper\">\t<div class=\"w-blog layout_cards cols_2 with_categories\" itemscope=\"itemscope\" itemtype=\"https:\/\/schema.org\/Blog\">\t<div class=\"w-blog-list\">\r\n\r\n\t<article class=\"w-blog-post sponsorship post-9792 post type-post status-publish format-standard has-post-thumbnail hentry category-sponsorship tag-ciclismo\" data-id=\"9792\" data-categories=\"sponsorship\">\r\n\t\t<div class=\"w-blog-post-h\">\r\n\t\t\t\t\t\t\t\t\t\t<a href=\"https:\/\/www.blumaq.com\/fi\/patrocinio-trilavall\/\">\r\n\t\t\t\t\t<div class=\"w-blog-post-preview\">\r\n\t\t\t\t\t\t<img width=\"600\" height=\"400\" src=\"https:\/\/www.blumaq.com\/fi\/wp-content\/uploads\/sites\/29\/2019\/03\/trilavall-600x400.png\" class=\"attachment-tnail-3x2 size-tnail-3x2 wp-post-image\" alt=\"\" loading=\"lazy\" \/>\t\t\t\t\t\t<span class=\"w-blog-post-preview-icon\" style=\"padding-bottom: 66.6667%;\"><\/span>\r\n\t\t\t\t\t<\/div>\r\n\t\t\t\t<\/a>\r\n\t\t\t\t\t\t<div class=\"w-blog-post-body\">\r\n\t\t\t\t<h2 class=\"w-blog-post-title\">\r\n\t\t\t\t\t<a class=\"entry-title\" rel=\"bookmark\" href=\"https:\/\/www.blumaq.com\/fi\/patrocinio-trilavall\/\">TRILAVALL<\/a>\r\n\t\t\t\t<\/h2>\r\n\r\n\t\t\t\t<div class=\"w-blog-post-meta\">\r\n\t\t\t\t\t<time class=\"w-blog-post-meta-date date updated\">28 marzo, 2019<\/time><span class=\"w-blog-post-meta-author vcard author\"><a href=\"https:\/\/www.blumaq.com\/fi\/author\/admin\/\" class=\"fn\">admin<\/a><\/span><span class=\"w-blog-post-meta-category\"><a href=\"https:\/\/www.blumaq.com\/fi\/category\/sponsorship\/\" rel=\"category tag\">Patrocinios<\/a><\/span><span class=\"w-blog-post-meta-tags\"><a href=\"https:\/\/www.blumaq.com\/fi\/tag\/ciclismo\/\" rel=\"tag\">CYCLING<\/a><\/span>\t\t\t\t<\/div>\r\n\t\t\t\t\t\t\t\t\t<div class=\"w-blog-post-content\">\r\n\t\t\t\t\t\t<p>El club de triatl\u00f3n Trilavall con m\u00e1s de 100 federados cuenta tambi\u00e9n con una escuela de triatl\u00f3n para formar a los m\u00e1s j\u00f3venes y contribuir con su desarrollo integral.<\/p>\n\t\t\t\t\t<\/div>\r\n\t\t\t\t\t\t\t\t\t\t\t\t\t<a class=\"w-blog-post-more w-btn\" href=\"https:\/\/www.blumaq.com\/fi\/patrocinio-trilavall\/\"><span class=\"w-btn-label\">Leer M\u00e1s<\/span><\/a>\r\n\t\t\t\t\t\t\t<\/div>\r\n\t\t<\/div>\r\n\t<\/article>\r\n\r\n\r\n\r\n\t<article class=\"w-blog-post sponsorship post-9789 post type-post status-publish format-standard has-post-thumbnail hentry category-sponsorship tag-ciclismo\" data-id=\"9789\" data-categories=\"sponsorship\">\r\n\t\t<div class=\"w-blog-post-h\">\r\n\t\t\t\t\t\t\t\t\t\t<a href=\"https:\/\/www.blumaq.com\/fi\/patrocinio-union-ciclista\/\">\r\n\t\t\t\t\t<div class=\"w-blog-post-preview\">\r\n\t\t\t\t\t\t<img width=\"600\" height=\"400\" src=\"https:\/\/www.blumaq.com\/fi\/wp-content\/uploads\/sites\/29\/2019\/03\/ciclismo-600x400.jpg\" class=\"attachment-tnail-3x2 size-tnail-3x2 wp-post-image\" alt=\"\" loading=\"lazy\" \/>\t\t\t\t\t\t<span class=\"w-blog-post-preview-icon\" style=\"padding-bottom: 66.6667%;\"><\/span>\r\n\t\t\t\t\t<\/div>\r\n\t\t\t\t<\/a>\r\n\t\t\t\t\t\t<div class=\"w-blog-post-body\">\r\n\t\t\t\t<h2 class=\"w-blog-post-title\">\r\n\t\t\t\t\t<a class=\"entry-title\" rel=\"bookmark\" href=\"https:\/\/www.blumaq.com\/fi\/patrocinio-union-ciclista\/\">UNI\u00d3N CICLISTA VALL DE UX\u00d3<\/a>\r\n\t\t\t\t<\/h2>\r\n\r\n\t\t\t\t<div class=\"w-blog-post-meta\">\r\n\t\t\t\t\t<time class=\"w-blog-post-meta-date date updated\">28 marzo, 2019<\/time><span class=\"w-blog-post-meta-author vcard author\"><a href=\"https:\/\/www.blumaq.com\/fi\/author\/admin\/\" class=\"fn\">admin<\/a><\/span><span class=\"w-blog-post-meta-category\"><a href=\"https:\/\/www.blumaq.com\/fi\/category\/sponsorship\/\" rel=\"category tag\">Patrocinios<\/a><\/span><span class=\"w-blog-post-meta-tags\"><a href=\"https:\/\/www.blumaq.com\/fi\/tag\/ciclismo\/\" rel=\"tag\">CYCLING<\/a><\/span>\t\t\t\t<\/div>\r\n\t\t\t\t\t\t\t\t\t<div class=\"w-blog-post-content\">\r\n\t\t\t\t\t\t<p>La uni\u00f3n ciclista Vall de Ux\u00f3 cuenta con una escuela de ciclismo. Es un v\u00ednculo entre las clases de educaci\u00f3n f\u00edsica y el entrenamiento sistematizado de la escuela ciclista. De esta forma se realzan los valores de respeto, aceptaci\u00f3n de normas, solidaridad y vida sana. &nbsp;<\/p>\n\t\t\t\t\t<\/div>\r\n\t\t\t\t\t\t\t\t\t\t\t\t\t<a class=\"w-blog-post-more w-btn\" href=\"https:\/\/www.blumaq.com\/fi\/patrocinio-union-ciclista\/\"><span class=\"w-btn-label\">Leer M\u00e1s<\/span><\/a>\r\n\t\t\t\t\t\t\t<\/div>\r\n\t\t<\/div>\r\n\t<\/article>\r\n\r\n\r\n\r\n\t<article class=\"w-blog-post sponsorship post-9786 post type-post status-publish format-standard has-post-thumbnail hentry category-sponsorship tag-motociclismo\" data-id=\"9786\" data-categories=\"sponsorship\">\r\n\t\t<div class=\"w-blog-post-h\">\r\n\t\t\t\t\t\t\t\t\t\t<a href=\"https:\/\/www.blumaq.com\/fi\/patrocinio-hma-racing\/\">\r\n\t\t\t\t\t<div class=\"w-blog-post-preview\">\r\n\t\t\t\t\t\t<img width=\"600\" height=\"400\" src=\"https:\/\/www.blumaq.com\/fi\/wp-content\/uploads\/sites\/29\/2019\/03\/hma-racing-600x400.jpg\" class=\"attachment-tnail-3x2 size-tnail-3x2 wp-post-image\" alt=\"\" loading=\"lazy\" \/>\t\t\t\t\t\t<span class=\"w-blog-post-preview-icon\" style=\"padding-bottom: 66.6667%;\"><\/span>\r\n\t\t\t\t\t<\/div>\r\n\t\t\t\t<\/a>\r\n\t\t\t\t\t\t<div class=\"w-blog-post-body\">\r\n\t\t\t\t<h2 class=\"w-blog-post-title\">\r\n\t\t\t\t\t<a class=\"entry-title\" rel=\"bookmark\" href=\"https:\/\/www.blumaq.com\/fi\/patrocinio-hma-racing\/\">HMA RACING<\/a>\r\n\t\t\t\t<\/h2>\r\n\r\n\t\t\t\t<div class=\"w-blog-post-meta\">\r\n\t\t\t\t\t<time class=\"w-blog-post-meta-date date updated\">28 marzo, 2019<\/time><span class=\"w-blog-post-meta-author vcard author\"><a href=\"https:\/\/www.blumaq.com\/fi\/author\/admin\/\" class=\"fn\">admin<\/a><\/span><span class=\"w-blog-post-meta-category\"><a href=\"https:\/\/www.blumaq.com\/fi\/category\/sponsorship\/\" rel=\"category tag\">Patrocinios<\/a><\/span><span class=\"w-blog-post-meta-tags\"><a href=\"https:\/\/www.blumaq.com\/fi\/tag\/motociclismo\/\" rel=\"tag\">MOTORCYCLING<\/a><\/span>\t\t\t\t<\/div>\r\n\t\t\t\t\t\t\t\t\t<div class=\"w-blog-post-content\">\r\n\t\t\t\t\t\t<p>La escuder\u00eda HMA Racing fundada por Tom\u00e1s Llopis Sala, es proyecto que nace con el af\u00e1n de ayudar a los pilotos m\u00e1s j\u00f3venes a llegar a lo m\u00e1s alto de las categor\u00edas. Para conseguir este objetivo HMA Racing se ha rodeado durante estos \u00faltimos 4 a\u00f1os del mejor equipo t\u00e9cnico. El resultado ha sido una&#8230;<\/p>\n\t\t\t\t\t<\/div>\r\n\t\t\t\t\t\t\t\t\t\t\t\t\t<a class=\"w-blog-post-more w-btn\" href=\"https:\/\/www.blumaq.com\/fi\/patrocinio-hma-racing\/\"><span class=\"w-btn-label\">Leer M\u00e1s<\/span><\/a>\r\n\t\t\t\t\t\t\t<\/div>\r\n\t\t<\/div>\r\n\t<\/article>\r\n\r\n\r\n\r\n\t<article class=\"w-blog-post sponsorship post-9783 post type-post status-publish format-standard has-post-thumbnail hentry category-sponsorship tag-ciclismo\" data-id=\"9783\" data-categories=\"sponsorship\">\r\n\t\t<div class=\"w-blog-post-h\">\r\n\t\t\t\t\t\t\t\t\t\t<a href=\"https:\/\/www.blumaq.com\/fi\/patrocinio-sergio-garcia\/\">\r\n\t\t\t\t\t<div class=\"w-blog-post-preview\">\r\n\t\t\t\t\t\t<img width=\"600\" height=\"400\" src=\"https:\/\/www.blumaq.com\/fi\/wp-content\/uploads\/sites\/29\/2019\/03\/SERGIO-GARCIA-600x400.jpg\" class=\"attachment-tnail-3x2 size-tnail-3x2 wp-post-image\" alt=\"\" loading=\"lazy\" srcset=\"https:\/\/www.blumaq.com\/fi\/wp-content\/uploads\/sites\/29\/2019\/03\/SERGIO-GARCIA-600x400.jpg 600w, https:\/\/www.blumaq.com\/fi\/wp-content\/uploads\/sites\/29\/2019\/03\/SERGIO-GARCIA-300x200.jpg 300w, https:\/\/www.blumaq.com\/fi\/wp-content\/uploads\/sites\/29\/2019\/03\/SERGIO-GARCIA-768x512.jpg 768w, https:\/\/www.blumaq.com\/fi\/wp-content\/uploads\/sites\/29\/2019\/03\/SERGIO-GARCIA.jpg 960w\" sizes=\"(max-width: 600px) 100vw, 600px\" \/>\t\t\t\t\t\t<span class=\"w-blog-post-preview-icon\" style=\"padding-bottom: 66.6667%;\"><\/span>\r\n\t\t\t\t\t<\/div>\r\n\t\t\t\t<\/a>\r\n\t\t\t\t\t\t<div class=\"w-blog-post-body\">\r\n\t\t\t\t<h2 class=\"w-blog-post-title\">\r\n\t\t\t\t\t<a class=\"entry-title\" rel=\"bookmark\" href=\"https:\/\/www.blumaq.com\/fi\/patrocinio-sergio-garcia\/\">SERGIO GARC\u00cdA<\/a>\r\n\t\t\t\t<\/h2>\r\n\r\n\t\t\t\t<div class=\"w-blog-post-meta\">\r\n\t\t\t\t\t<time class=\"w-blog-post-meta-date date updated\">28 marzo, 2019<\/time><span class=\"w-blog-post-meta-author vcard author\"><a href=\"https:\/\/www.blumaq.com\/fi\/author\/admin\/\" class=\"fn\">admin<\/a><\/span><span class=\"w-blog-post-meta-category\"><a href=\"https:\/\/www.blumaq.com\/fi\/category\/sponsorship\/\" rel=\"category tag\">Patrocinios<\/a><\/span><span class=\"w-blog-post-meta-tags\"><a href=\"https:\/\/www.blumaq.com\/fi\/tag\/ciclismo\/\" rel=\"tag\">CYCLING<\/a><\/span>\t\t\t\t<\/div>\r\n\t\t\t\t\t\t\t\t\t<div class=\"w-blog-post-content\">\r\n\t\t\t\t\t\t<p>El piloto Sergio Garc\u00eda de la Escuder\u00eda Estrella Galicia 0,0 de Moto 3 em el Campeonato del Mundo de Motociclismo que este a\u00f1o har\u00e1 su debut en Moto 3, lleva varios a\u00f1os de formaci\u00f3n tanto con Estrella Galicia como con Monlau Repsol Technical School habiendo ganado el Campeonato de Espa\u00f1a de Pre-Moto3 en 2016 &nbsp;<\/p>\n\t\t\t\t\t<\/div>\r\n\t\t\t\t\t\t\t\t\t\t\t\t\t<a class=\"w-blog-post-more w-btn\" href=\"https:\/\/www.blumaq.com\/fi\/patrocinio-sergio-garcia\/\"><span class=\"w-btn-label\">Leer M\u00e1s<\/span><\/a>\r\n\t\t\t\t\t\t\t<\/div>\r\n\t\t<\/div>\r\n\t<\/article>\r\n\r\n\r\n\r\n\t<article class=\"w-blog-post sponsorship post-1311 post type-post status-publish format-standard has-post-thumbnail hentry category-sponsorship tag-moto-clasicas\" data-id=\"1311\" data-categories=\"sponsorship\">\r\n\t\t<div class=\"w-blog-post-h\">\r\n\t\t\t\t\t\t\t\t\t\t<a href=\"https:\/\/www.blumaq.com\/fi\/patrocinio-classic\/\">\r\n\t\t\t\t\t<div class=\"w-blog-post-preview\">\r\n\t\t\t\t\t\t<img width=\"600\" height=\"400\" src=\"https:\/\/www.blumaq.com\/fi\/wp-content\/uploads\/sites\/29\/2019\/03\/motos-clasicas-600x400.jpg\" class=\"attachment-tnail-3x2 size-tnail-3x2 wp-post-image\" alt=\"\" loading=\"lazy\" \/>\t\t\t\t\t\t<span class=\"w-blog-post-preview-icon\" style=\"padding-bottom: 66.6667%;\"><\/span>\r\n\t\t\t\t\t<\/div>\r\n\t\t\t\t<\/a>\r\n\t\t\t\t\t\t<div class=\"w-blog-post-body\">\r\n\t\t\t\t<h2 class=\"w-blog-post-title\">\r\n\t\t\t\t\t<a class=\"entry-title\" rel=\"bookmark\" href=\"https:\/\/www.blumaq.com\/fi\/patrocinio-classic\/\">BLUMAQ CLASSIC RACING TEAM<\/a>\r\n\t\t\t\t<\/h2>\r\n\r\n\t\t\t\t<div class=\"w-blog-post-meta\">\r\n\t\t\t\t\t<time class=\"w-blog-post-meta-date date updated\">28 marzo, 2019<\/time><span class=\"w-blog-post-meta-author vcard author\"><a href=\"https:\/\/www.blumaq.com\/fi\/author\/admin\/\" class=\"fn\">admin<\/a><\/span><span class=\"w-blog-post-meta-category\"><a href=\"https:\/\/www.blumaq.com\/fi\/category\/sponsorship\/\" rel=\"category tag\">Patrocinios<\/a><\/span><span class=\"w-blog-post-meta-tags\"><a href=\"https:\/\/www.blumaq.com\/fi\/tag\/moto-clasicas\/\" rel=\"tag\">CLASSIC MOTORCYCLING RACES<\/a><\/span>\t\t\t\t<\/div>\r\n\t\t\t\t\t\t\t\t\t<div class=\"w-blog-post-content\">\r\n\t\t\t\t\t\t<p>El equipo Blumaq Classic Racing Team Campe\u00f3n de la Copa de Espa\u00f1a de Velocidad Cl\u00e1sicas de la RFME en las categor\u00edas Cl\u00e1sicas A, Cl\u00e1sicas B y Cl\u00e1sicas C. &nbsp;<\/p>\n\t\t\t\t\t<\/div>\r\n\t\t\t\t\t\t\t\t\t\t\t\t\t<a class=\"w-blog-post-more w-btn\" href=\"https:\/\/www.blumaq.com\/fi\/patrocinio-classic\/\"><span class=\"w-btn-label\">Leer M\u00e1s<\/span><\/a>\r\n\t\t\t\t\t\t\t<\/div>\r\n\t\t<\/div>\r\n\t<\/article>\r\n\r\n\r\n\r\n\t<article class=\"w-blog-post sponsorship post-450 post type-post status-publish format-standard has-post-thumbnail hentry category-sponsorship tag-motociclismo\" data-id=\"450\" data-categories=\"sponsorship\">\r\n\t\t<div class=\"w-blog-post-h\">\r\n\t\t\t\t\t\t\t\t\t\t<a href=\"https:\/\/www.blumaq.com\/fi\/motociclismo\/\">\r\n\t\t\t\t\t<div class=\"w-blog-post-preview\">\r\n\t\t\t\t\t\t<img width=\"600\" height=\"400\" src=\"https:\/\/www.blumaq.com\/fi\/wp-content\/uploads\/sites\/29\/2013\/11\/h43-600x400.png\" class=\"attachment-tnail-3x2 size-tnail-3x2 wp-post-image\" alt=\"\" loading=\"lazy\" srcset=\"https:\/\/www.blumaq.com\/fi\/wp-content\/uploads\/sites\/29\/2013\/11\/h43-600x401.png 600w, https:\/\/www.blumaq.com\/fi\/wp-content\/uploads\/sites\/29\/2013\/11\/h43-300x200.png 300w, https:\/\/www.blumaq.com\/fi\/wp-content\/uploads\/sites\/29\/2013\/11\/h43-768x513.png 768w, https:\/\/www.blumaq.com\/fi\/wp-content\/uploads\/sites\/29\/2013\/11\/h43-1024x684.png 1024w, https:\/\/www.blumaq.com\/fi\/wp-content\/uploads\/sites\/29\/2013\/11\/h43.png 1027w\" sizes=\"(max-width: 600px) 100vw, 600px\" \/>\t\t\t\t\t\t<span class=\"w-blog-post-preview-icon\" style=\"padding-bottom: 66.6667%;\"><\/span>\r\n\t\t\t\t\t<\/div>\r\n\t\t\t\t<\/a>\r\n\t\t\t\t\t\t<div class=\"w-blog-post-body\">\r\n\t\t\t\t<h2 class=\"w-blog-post-title\">\r\n\t\t\t\t\t<a class=\"entry-title\" rel=\"bookmark\" href=\"https:\/\/www.blumaq.com\/fi\/motociclismo\/\">H43 HERN\u00c1NDEZ<\/a>\r\n\t\t\t\t<\/h2>\r\n\r\n\t\t\t\t<div class=\"w-blog-post-meta\">\r\n\t\t\t\t\t<time class=\"w-blog-post-meta-date date updated\">28 marzo, 2019<\/time><span class=\"w-blog-post-meta-author vcard author\"><a href=\"https:\/\/www.blumaq.com\/fi\/author\/admin\/\" class=\"fn\">admin<\/a><\/span><span class=\"w-blog-post-meta-category\"><a href=\"https:\/\/www.blumaq.com\/fi\/category\/sponsorship\/\" rel=\"category tag\">Patrocinios<\/a><\/span><span class=\"w-blog-post-meta-tags\"><a href=\"https:\/\/www.blumaq.com\/fi\/tag\/motociclismo\/\" rel=\"tag\">MOTORCYCLING<\/a><\/span>\t\t\t\t<\/div>\r\n\t\t\t\t\t\t\t\t\t<div class=\"w-blog-post-content\">\r\n\t\t\t\t\t\t<p>H43 Team tiene presencia en las categor\u00edas de Moto2 y Moto3 del CEV bajo la batuta de Manuel Hern\u00e1ndez Nicol\u00e1s, expiloto mundialista y Team Manager. El equipo ha conseguido el Subcampeonato de Espa\u00f1a 2018 en la categor\u00eda Super Stock 600 con el piloto Miquel Pons.<\/p>\n\t\t\t\t\t<\/div>\r\n\t\t\t\t\t\t\t\t\t\t\t\t\t<a class=\"w-blog-post-more w-btn\" href=\"https:\/\/www.blumaq.com\/fi\/motociclismo\/\"><span class=\"w-btn-label\">Leer M\u00e1s<\/span><\/a>\r\n\t\t\t\t\t\t\t<\/div>\r\n\t\t<\/div>\r\n\t<\/article>\r\n\r\n\r\n\r\n\t<article class=\"w-blog-post sponsorship post-11445 post type-post status-publish format-standard has-post-thumbnail hentry category-sponsorship\" data-id=\"11445\" data-categories=\"sponsorship\">\r\n\t\t<div class=\"w-blog-post-h\">\r\n\t\t\t\t\t\t\t\t\t\t<a href=\"https:\/\/www.blumaq.com\/fi\/vicente-arzo\/\">\r\n\t\t\t\t\t<div class=\"w-blog-post-preview\">\r\n\t\t\t\t\t\t<img width=\"448\" height=\"400\" src=\"https:\/\/www.blumaq.com\/fi\/wp-content\/uploads\/sites\/29\/2019\/10\/vicente-arzo-448x400.jpg\" class=\"attachment-tnail-3x2 size-tnail-3x2 wp-post-image\" alt=\"\" loading=\"lazy\" \/>\t\t\t\t\t\t<span class=\"w-blog-post-preview-icon\" style=\"padding-bottom: 66.6667%;\"><\/span>\r\n\t\t\t\t\t<\/div>\r\n\t\t\t\t<\/a>\r\n\t\t\t\t\t\t<div class=\"w-blog-post-body\">\r\n\t\t\t\t<h2 class=\"w-blog-post-title\">\r\n\t\t\t\t\t<a class=\"entry-title\" rel=\"bookmark\" href=\"https:\/\/www.blumaq.com\/fi\/vicente-arzo\/\">VICENTE ARZO<\/a>\r\n\t\t\t\t<\/h2>\r\n\r\n\t\t\t\t<div class=\"w-blog-post-meta\">\r\n\t\t\t\t\t<time class=\"w-blog-post-meta-date date updated\">20 marzo, 2019<\/time><span class=\"w-blog-post-meta-author vcard author\"><a href=\"https:\/\/www.blumaq.com\/fi\/author\/admin\/\" class=\"fn\">admin<\/a><\/span><span class=\"w-blog-post-meta-category\"><a href=\"https:\/\/www.blumaq.com\/fi\/category\/sponsorship\/\" rel=\"category tag\">Patrocinios<\/a><\/span>\t\t\t\t<\/div>\r\n\t\t\t\t\t\t\t\t\t<div class=\"w-blog-post-content\">\r\n\t\t\t\t\t\t<p>Vicente Arzo es un atleta Paral\u00edmpico con excelentes resultados deportivos, medallista Europeo, Mundial y Paral\u00edmpico en varias modalidades deportiva, ciclismo, nataci\u00f3n atletismo y triatl\u00f3n. Es, actualmente, el atleta espa\u00f1ol m\u00e1s laureado de la historia en la modalidad de ciclismo manual. En atletismo, modalidades de lanzamiento, disco, jabalina y peso consigui\u00f3 ser Campe\u00f3n de Espa\u00f1a y&#8230;<\/p>\n\t\t\t\t\t<\/div>\r\n\t\t\t\t\t\t\t\t\t\t\t\t\t<a class=\"w-blog-post-more w-btn\" href=\"https:\/\/www.blumaq.com\/fi\/vicente-arzo\/\"><span class=\"w-btn-label\">Leer M\u00e1s<\/span><\/a>\r\n\t\t\t\t\t\t\t<\/div>\r\n\t\t<\/div>\r\n\t<\/article>\r\n\r\n<\/div><\/div><\/div><\/div><\/div><\/div><\/div><\/section><section class=\"l-section wpb_row height_medium\"><div class=\"l-section-h i-cf\"><div class=\"g-cols type_default valign_top\"><div class=\"vc_col-sm-12 wpb_column vc_column_container\"><div class=\"vc_column-inner\"><div class=\"wpb_wrapper\"><div class=\"w-separator type_invisible size_large thick_1 style_solid color_border cont_none\"><span class=\"w-separator-h\"><\/span><\/div><\/div><\/div><\/div><\/div><\/div><\/section>\n","protected":false},"excerpt":{"rendered":"Vicente Arzo es un atleta Paral\u00edmpico con excelentes resultados deportivos, medallista Europeo, Mundial y Paral\u00edmpico en varias modalidades deportiva, ciclismo, nataci\u00f3n atletismo y triatl\u00f3n. Es, actualmente, el atleta espa\u00f1ol m\u00e1s laureado de la historia en la modalidad de ciclismo manual. En atletismo, modalidades de lanzamiento, disco, jabalina y peso consigui\u00f3 ser Campe\u00f3n de Espa\u00f1a y...","protected":false},"author":3,"featured_media":0,"parent":0,"menu_order":0,"comment_status":"closed","ping_status":"closed","template":"","meta":[],"yoast_head":"<!-- This site is optimized with the Yoast SEO Premium plugin v17.1.2 (Yoast SEO v17.2) - https:\/\/yoast.com\/wordpress\/plugins\/seo\/ -->\n<meta name=\"robots\" content=\"index, follow, max-snippet:-1, max-image-preview:large, max-video-preview:-1\" \/>\n<link rel=\"canonical\" href=\"https:\/\/www.blumaq.com\/fi\/blumaq-social\/\" \/>\n<meta property=\"og:locale\" content=\"es_ES\" \/>\n<meta property=\"og:type\" content=\"article\" \/>\n<meta property=\"og:title\" content=\"blumaq social\" \/>\n<meta property=\"og:url\" content=\"https:\/\/www.blumaq.com\/fi\/blumaq-social\/\" \/>\n<meta property=\"og:site_name\" content=\"FI - Elokuva maailma\" \/>\n<meta property=\"article:modified_time\" content=\"2018-12-05T08:04:21+00:00\" \/>\n<meta name=\"twitter:card\" content=\"summary_large_image\" \/>\n<meta name=\"twitter:label1\" content=\"Tiempo de lectura\" \/>\n\t<meta name=\"twitter:data1\" content=\"1 minuto\" \/>\n<script type=\"application\/ld+json\" class=\"yoast-schema-graph\">{\"@context\":\"https:\/\/schema.org\",\"@graph\":[{\"@type\":\"WebSite\",\"@id\":\"https:\/\/www.blumaq.com\/fi\/#website\",\"url\":\"https:\/\/www.blumaq.com\/fi\/\",\"name\":\"FI - Elokuva maailma\",\"description\":\"blumaq\",\"potentialAction\":[{\"@type\":\"SearchAction\",\"target\":{\"@type\":\"EntryPoint\",\"urlTemplate\":\"https:\/\/www.blumaq.com\/fi\/?s={search_term_string}\"},\"query-input\":\"required name=search_term_string\"}],\"inLanguage\":\"es\"},{\"@type\":\"WebPage\",\"@id\":\"https:\/\/www.blumaq.com\/fi\/blumaq-social\/#webpage\",\"url\":\"https:\/\/www.blumaq.com\/fi\/blumaq-social\/\",\"name\":\"blumaq social - FI - Elokuva maailma\",\"isPartOf\":{\"@id\":\"https:\/\/www.blumaq.com\/fi\/#website\"},\"datePublished\":\"2018-08-13T10:47:55+00:00\",\"dateModified\":\"2018-12-05T08:04:21+00:00\",\"breadcrumb\":{\"@id\":\"https:\/\/www.blumaq.com\/fi\/blumaq-social\/#breadcrumb\"},\"inLanguage\":\"es\",\"potentialAction\":[{\"@type\":\"ReadAction\",\"target\":[\"https:\/\/www.blumaq.com\/fi\/blumaq-social\/\"]}]},{\"@type\":\"BreadcrumbList\",\"@id\":\"https:\/\/www.blumaq.com\/fi\/blumaq-social\/#breadcrumb\",\"itemListElement\":[{\"@type\":\"ListItem\",\"position\":1,\"name\":\"Portada\",\"item\":\"https:\/\/www.blumaq.com\/fi\/\"},{\"@type\":\"ListItem\",\"position\":2,\"name\":\"blumaq social\"}]}]}<\/script>\n<!-- \/ Yoast SEO Premium plugin. -->","yoast_head_json":{"robots":{"index":"index","follow":"follow","max-snippet":"max-snippet:-1","max-image-preview":"max-image-preview:large","max-video-preview":"max-video-preview:-1"},"canonical":"https:\/\/www.blumaq.com\/fi\/blumaq-social\/","og_locale":"es_ES","og_type":"article","og_title":"blumaq social","og_url":"https:\/\/www.blumaq.com\/fi\/blumaq-social\/","og_site_name":"FI - Elokuva maailma","article_modified_time":"2018-12-05T08:04:21+00:00","twitter_card":"summary_large_image","twitter_misc":{"Tiempo de lectura":"1 minuto"},"schema":{"@context":"https:\/\/schema.org","@graph":[{"@type":"WebSite","@id":"https:\/\/www.blumaq.com\/fi\/#website","url":"https:\/\/www.blumaq.com\/fi\/","name":"FI - Elokuva maailma","description":"blumaq","potentialAction":[{"@type":"SearchAction","target":{"@type":"EntryPoint","urlTemplate":"https:\/\/www.blumaq.com\/fi\/?s={search_term_string}"},"query-input":"required name=search_term_string"}],"inLanguage":"es"},{"@type":"WebPage","@id":"https:\/\/www.blumaq.com\/fi\/blumaq-social\/#webpage","url":"https:\/\/www.blumaq.com\/fi\/blumaq-social\/","name":"blumaq social - FI - Elokuva maailma","isPartOf":{"@id":"https:\/\/www.blumaq.com\/fi\/#website"},"datePublished":"2018-08-13T10:47:55+00:00","dateModified":"2018-12-05T08:04:21+00:00","breadcrumb":{"@id":"https:\/\/www.blumaq.com\/fi\/blumaq-social\/#breadcrumb"},"inLanguage":"es","potentialAction":[{"@type":"ReadAction","target":["https:\/\/www.blumaq.com\/fi\/blumaq-social\/"]}]},{"@type":"BreadcrumbList","@id":"https:\/\/www.blumaq.com\/fi\/blumaq-social\/#breadcrumb","itemListElement":[{"@type":"ListItem","position":1,"name":"Portada","item":"https:\/\/www.blumaq.com\/fi\/"},{"@type":"ListItem","position":2,"name":"blumaq social"}]}]}},"_links":{"self":[{"href":"https:\/\/www.blumaq.com\/fi\/wp-json\/wp\/v2\/pages\/7655"}],"collection":[{"href":"https:\/\/www.blumaq.com\/fi\/wp-json\/wp\/v2\/pages"}],"about":[{"href":"https:\/\/www.blumaq.com\/fi\/wp-json\/wp\/v2\/types\/page"}],"author":[{"embeddable":true,"href":"https:\/\/www.blumaq.com\/fi\/wp-json\/wp\/v2\/users\/3"}],"replies":[{"embeddable":true,"href":"https:\/\/www.blumaq.com\/fi\/wp-json\/wp\/v2\/comments?post=7655"}],"version-history":[{"count":28,"href":"https:\/\/www.blumaq.com\/fi\/wp-json\/wp\/v2\/pages\/7655\/revisions"}],"predecessor-version":[{"id":8866,"href":"https:\/\/www.blumaq.com\/fi\/wp-json\/wp\/v2\/pages\/7655\/revisions\/8866"}],"wp:attachment":[{"href":"https:\/\/www.blumaq.com\/fi\/wp-json\/wp\/v2\/media?parent=7655"}],"curies":[{"name":"wp","href":"https:\/\/api.w.org\/{rel}","templated":true}]}}